{"id":7643,"date":"2023-02-18T11:36:30","date_gmt":"2023-02-18T10:36:30","guid":{"rendered":"https:\/\/www.criteriaclaims.com\/enquete-sur-les-causes\/"},"modified":"2023-02-18T11:36:31","modified_gmt":"2023-02-18T10:36:31","slug":"enquete-sur-les-causes","status":"publish","type":"page","link":"https:\/\/www.criteriaclaims.com\/fr\/enquete-sur-les-causes\/","title":{"rendered":"Enqu\u00eate sur les causes"},"content":{"rendered":"<p>[et_pb_section fb_built=\u00a0\u00bb1&Prime; _builder_version=\u00a0\u00bb3.22.3&Prime; background_color_gradient_direction=\u00a0\u00bb221deg\u00a0\u00bb background_image=\u00a0\u00bbhttps:\/\/www.criteriaclaims.com\/wp-content\/uploads\/2019\/03\/investigacion_causas.jpg\u00a0\u00bb][et_pb_row custom_padding=\u00a0\u00bb27px|190px|27px|190px|false|false\u00a0\u00bb custom_padding_tablet=\u00a0\u00bb27px|0px|27px|0px\u00a0\u00bb custom_padding_phone=\u00a0\u00bb27px|0px|27px|0px\u00a0\u00bb custom_padding_last_edited=\u00a0\u00bbon|phone\u00a0\u00bb _builder_version=\u00a0\u00bb3.25&Prime;][et_pb_column type=\u00a0\u00bb4_4&Prime; _builder_version=\u00a0\u00bb3.25&Prime; custom_padding=\u00a0\u00bb|||\u00a0\u00bb custom_padding__hover=\u00a0\u00bb|||\u00a0\u00bb][et_pb_image src=\u00a0\u00bbhttps:\/\/www.criteriaclaims.com\/wp-content\/uploads\/\/2019\/03\/peritaciones.svg\u00a0\u00bb show_bottom_space=\u00a0\u00bboff\u00a0\u00bb align=\u00a0\u00bbcenter\u00a0\u00bb align_tablet=\u00a0\u00bbcenter\u00a0\u00bb align_last_edited=\u00a0\u00bbon|desktop\u00a0\u00bb _builder_version=\u00a0\u00bb3.25.2&Prime; custom_margin=\u00a0\u00bb||-14px\u00a0\u00bb custom_margin_last_edited=\u00a0\u00bbon|phone\u00a0\u00bb custom_padding=\u00a0\u00bb||\u00a0\u00bb filter_brightness=\u00a0\u00bb0%\u00a0\u00bb filter_contrast=\u00a0\u00bb200%\u00a0\u00bb filter_invert=\u00a0\u00bb100%\u00a0\u00bb filter_opacity=\u00a0\u00bb37%\u00a0\u00bb][\/et_pb_image][et_pb_text _builder_version=\u00a0\u00bb3.25.2&Prime; text_font=\u00a0\u00bb||||||||\u00a0\u00bb header_font=\u00a0\u00bbNoto Serif|700|||||||\u00a0\u00bb header_text_align=\u00a0\u00bbcenter\u00a0\u00bb header_text_color=\u00a0\u00bbrgba(255,255,255,0.37)\u00a0\u00bb header_font_size=\u00a0\u00bb90px\u00a0\u00bb header_2_font=\u00a0\u00bb||||||||\u00a0\u00bb box_shadow_position=\u00a0\u00bbouter\u00a0\u00bb custom_margin=\u00a0\u00bb24px||\u00a0\u00bb header_font_size_tablet=\u00a0\u00bb53px\u00a0\u00bb header_font_size_phone=\u00a0\u00bb30px\u00a0\u00bb header_font_size_last_edited=\u00a0\u00bbon|phone\u00a0\u00bb]<\/p>\n<h1>Recherche des causes<\/h1>\n<p>[\/et_pb_text][\/et_pb_column][\/et_pb_row][\/et_pb_section][et_pb_section fb_built=\u00a0\u00bb1&Prime; _builder_version=\u00a0\u00bb3.22.3&Prime;][et_pb_row custom_padding=\u00a0\u00bb27px|0px|27px|55px|false|false\u00a0\u00bb custom_padding_tablet=\u00a0\u00bb|||0px\u00a0\u00bb custom_padding_phone=\u00a0\u00bb|||0px\u00a0\u00bb custom_padding_last_edited=\u00a0\u00bbon|desktop\u00a0\u00bb _builder_version=\u00a0\u00bb3.25&Prime;][et_pb_column type=\u00a0\u00bb4_4&Prime; _builder_version=\u00a0\u00bb3.25&Prime; custom_padding=\u00a0\u00bb|||\u00a0\u00bb custom_padding__hover=\u00a0\u00bb|||\u00a0\u00bb][et_pb_text _builder_version=\u00a0\u00bb3.19.17&Prime; text_font=\u00a0\u00bbRaleway|600|||||||\u00a0\u00bb text_text_color=\u00a0\u00bb#4c565c\u00a0\u00bb text_font_size=\u00a0\u00bb20px\u00a0\u00bb text_line_height=\u00a0\u00bb1.8em\u00a0\u00bb]<\/p>\n<p>Le profil \u00e9minemment technique et multidisciplinaire de nos techniciens et l\u2019exp\u00e9rience acquise dans tous les domaines d\u2019activit\u00e9, nous permettent de mettre \u00e0 la disposition du march\u00e9 nos connaissances dans la recherche des causes et la d\u00e9termination technique des responsabilit\u00e9s possibles des faits qui ont donn\u00e9 lieu \u00e0 la survenance d\u2019accidents de toutes sortes.<\/p>\n<p>[\/et_pb_text][\/et_pb_column][\/et_pb_row][\/et_pb_section][et_pb_section fb_built=\u00a0\u00bb1&Prime; custom_padding_last_edited=\u00a0\u00bbon|desktop\u00a0\u00bb _builder_version=\u00a0\u00bb3.22.3&Prime; background_color=\u00a0\u00bb#f4f4f4&Prime; custom_padding=\u00a0\u00bb45px|0px|37px|0px|false|false\u00a0\u00bb custom_padding_tablet=\u00a0\u00bb14px||0px\u00a0\u00bb custom_padding_phone=\u00a0\u00bb14px||0px\u00a0\u00bb][et_pb_row use_custom_gutter=\u00a0\u00bbon\u00a0\u00bb gutter_width=\u00a0\u00bb1&Prime; custom_padding=\u00a0\u00bb|50px||50px|false|false\u00a0\u00bb custom_margin=\u00a0\u00bb||\u00a0\u00bb module_class=\u00a0\u00bb et_pb_row_fullwidth\u00a0\u00bb _builder_version=\u00a0\u00bb3.25&Prime; background_size=\u00a0\u00bbinitial\u00a0\u00bb background_position=\u00a0\u00bbtop_left\u00a0\u00bb background_repeat=\u00a0\u00bbrepeat\u00a0\u00bb width=\u00a0\u00bb100%\u00a0\u00bb width_tablet=\u00a0\u00bb100%\u00a0\u00bb width_last_edited=\u00a0\u00bbon|desktop\u00a0\u00bb max_width=\u00a0\u00bb100%\u00a0\u00bb max_width_tablet=\u00a0\u00bb100%\u00a0\u00bb max_width_last_edited=\u00a0\u00bbon|desktop\u00a0\u00bb make_fullwidth=\u00a0\u00bbon\u00a0\u00bb column_structure=\u00a0\u00bb1_5,3_5,1_5&Prime;][et_pb_column type=\u00a0\u00bb1_5&Prime; _builder_version=\u00a0\u00bb3.25&Prime; custom_padding=\u00a0\u00bb|||\u00a0\u00bb custom_padding__hover=\u00a0\u00bb|||\u00a0\u00bb][\/et_pb_column][et_pb_column type=\u00a0\u00bb3_5&Prime; _builder_version=\u00a0\u00bb3.25&Prime; use_background_color_gradient=\u00a0\u00bbon\u00a0\u00bb background_color_gradient_start=\u00a0\u00bb#29628a\u00a0\u00bb background_color_gradient_end=\u00a0\u00bb#75b3d0&Prime; background_color_gradient_direction=\u00a0\u00bb221deg\u00a0\u00bb background_color_gradient_start_position=\u00a0\u00bb20%\u00a0\u00bb background_color_gradient_end_position=\u00a0\u00bb60%\u00a0\u00bb custom_padding=\u00a0\u00bb|||\u00a0\u00bb custom_padding__hover=\u00a0\u00bb|||\u00a0\u00bb][et_pb_text _builder_version=\u00a0\u00bb3.19.17&Prime; text_font=\u00a0\u00bb||||||||\u00a0\u00bb header_font=\u00a0\u00bbNoto Serif|700|||||||\u00a0\u00bb header_font_size=\u00a0\u00bb35px\u00a0\u00bb background_color=\u00a0\u00bb#f4f4f4&Prime; text_orientation=\u00a0\u00bbcenter\u00a0\u00bb custom_padding=\u00a0\u00bb||\u00a0\u00bb mix_blend_mode=\u00a0\u00bblighten\u00a0\u00bb header_font_size_tablet=\u00a0\u00bb30px\u00a0\u00bb header_font_size_phone=\u00a0\u00bb29px\u00a0\u00bb header_font_size_last_edited=\u00a0\u00bbon|phone\u00a0\u00bb]<\/p>\n<h1>Services d\u2019enqu\u00eate sur les causes<\/h1>\n<p>[\/et_pb_text][\/et_pb_column][et_pb_column type=\u00a0\u00bb1_5&Prime; _builder_version=\u00a0\u00bb3.25&Prime; custom_padding=\u00a0\u00bb|||\u00a0\u00bb custom_padding__hover=\u00a0\u00bb|||\u00a0\u00bb][\/et_pb_column][\/et_pb_row][\/et_pb_section][et_pb_section fb_built=\u00a0\u00bb1&Prime; admin_label=\u00a0\u00bbService Details Section\u00a0\u00bb _builder_version=\u00a0\u00bb3.22.3&Prime; background_color=\u00a0\u00bb#4c565c\u00a0\u00bb custom_padding=\u00a0\u00bb42px|0px|30px|0px|false|false\u00a0\u00bb top_divider_style=\u00a0\u00bbtriangle\u00a0\u00bb top_divider_color=\u00a0\u00bb#f4f4f4&Prime; top_divider_height=\u00a0\u00bb23px\u00a0\u00bb top_divider_flip=\u00a0\u00bbvertical\u00a0\u00bb][et_pb_row use_custom_gutter=\u00a0\u00bbon\u00a0\u00bb gutter_width=\u00a0\u00bb1&Prime; custom_padding=\u00a0\u00bb27px|43px|0|54px|false|false\u00a0\u00bb custom_padding_tablet=\u00a0\u00bb9px|0px|0px|0px\u00a0\u00bb custom_padding_phone=\u00a0\u00bb9px|0px||0px\u00a0\u00bb custom_margin=\u00a0\u00bb|||\u00a0\u00bb custom_padding_last_edited=\u00a0\u00bbon|desktop\u00a0\u00bb admin_label=\u00a0\u00bbLigne de liste de contr\u00f4le de service\u00a0\u00bb _builder_version=\u00a0\u00bb3.25&Prime; custom_margin_tablet=\u00a0\u00bb30px||14px|80px\u00a0\u00bb custom_margin_phone=\u00a0\u00bb|50px|14px|50px\u00a0\u00bb custom_margin_last_edited=\u00a0\u00bbon|desktop\u00a0\u00bb column_structure=\u00a0\u00bb1_3,1_3,1_3&Prime;][et_pb_column type=\u00a0\u00bb1_3&Prime; _builder_version=\u00a0\u00bb3.25&Prime; custom_padding=\u00a0\u00bb|||\u00a0\u00bb custom_padding__hover=\u00a0\u00bb|||\u00a0\u00bb][et_pb_text _builder_version=\u00a0\u00bb3.19.17&Prime; text_font=\u00a0\u00bbRaleway|600|||||||\u00a0\u00bb text_font_size=\u00a0\u00bb16px\u00a0\u00bb text_line_height=\u00a0\u00bb0em\u00a0\u00bb ul_font=\u00a0\u00bbRaleway|300|||||||\u00a0\u00bb ul_text_color=\u00a0\u00bb#ffffff\u00a0\u00bb ul_font_size=\u00a0\u00bb19px\u00a0\u00bb header_font=\u00a0\u00bb||||||||\u00a0\u00bb custom_margin=\u00a0\u00bb|||\u00a0\u00bb custom_margin_tablet=\u00a0\u00bb0px|0px|0px|0px\u00a0\u00bb custom_margin_phone=\u00a0\u00bb-8px||0px|0px\u00a0\u00bb custom_margin_last_edited=\u00a0\u00bbon|phone\u00a0\u00bb custom_padding=\u00a0\u00bb|||53px\u00a0\u00bb custom_padding_tablet=\u00a0\u00bb|||0px\u00a0\u00bb custom_padding_phone=\u00a0\u00bb|7px||\u00a0\u00bb custom_padding_last_edited=\u00a0\u00bbon|phone\u00a0\u00bb]<\/p>\n<ul>\n<li>Feu<\/li>\n<li>Proc\u00e9d\u00e9s industriels<\/li>\n<li>Panne de machines<\/li>\n<\/ul>\n<p>[\/et_pb_text][\/et_pb_column][et_pb_column type=\u00a0\u00bb1_3&Prime; _builder_version=\u00a0\u00bb3.25&Prime; custom_padding=\u00a0\u00bb|||\u00a0\u00bb custom_padding_tablet=\u00a0\u00bb|||0px\u00a0\u00bb custom_padding_last_edited=\u00a0\u00bbon|phone\u00a0\u00bb custom_padding__hover=\u00a0\u00bb|||\u00a0\u00bb][et_pb_text _builder_version=\u00a0\u00bb3.19.17&Prime; text_font=\u00a0\u00bbRaleway|600|||||||\u00a0\u00bb text_font_size=\u00a0\u00bb16px\u00a0\u00bb text_line_height=\u00a0\u00bb0em\u00a0\u00bb ul_font=\u00a0\u00bbRaleway|300|||||||\u00a0\u00bb ul_text_color=\u00a0\u00bb#ffffff\u00a0\u00bb ul_font_size=\u00a0\u00bb19px\u00a0\u00bb header_font=\u00a0\u00bb||||||||\u00a0\u00bb custom_margin=\u00a0\u00bb|||\u00a0\u00bb custom_margin_tablet=\u00a0\u00bb-16px|0px|0px|0px\u00a0\u00bb custom_margin_phone=\u00a0\u00bb-16px||0px|0px\u00a0\u00bb custom_margin_last_edited=\u00a0\u00bbon|phone\u00a0\u00bb custom_padding=\u00a0\u00bb|||53px\u00a0\u00bb custom_padding_tablet=\u00a0\u00bb|||0px\u00a0\u00bb custom_padding_phone=\u00a0\u00bb|7px||\u00a0\u00bb custom_padding_last_edited=\u00a0\u00bbon|tablet\u00a0\u00bb]<\/p>\n<ul>\n<li>Transport (maritime, terrestre par air)<\/li>\n<li>Reconstitution d\u2019accident<\/li>\n<li>Statut et conformit\u00e9<\/li>\n<\/ul>\n<p>[\/et_pb_text][\/et_pb_column][et_pb_column type=\u00a0\u00bb1_3&Prime; _builder_version=\u00a0\u00bb3.25&Prime; custom_padding=\u00a0\u00bb|||\u00a0\u00bb custom_padding__hover=\u00a0\u00bb|||\u00a0\u00bb][et_pb_text _builder_version=\u00a0\u00bb3.19.17&Prime; text_font=\u00a0\u00bbRaleway|600|||||||\u00a0\u00bb text_font_size=\u00a0\u00bb16px\u00a0\u00bb text_line_height=\u00a0\u00bb0em\u00a0\u00bb ul_font=\u00a0\u00bbRaleway|300|||||||\u00a0\u00bb ul_text_color=\u00a0\u00bb#ffffff\u00a0\u00bb ul_font_size=\u00a0\u00bb19px\u00a0\u00bb header_font=\u00a0\u00bb||||||||\u00a0\u00bb custom_margin=\u00a0\u00bb||\u00a0\u00bb custom_margin_tablet=\u00a0\u00bb-18px||0px\u00a0\u00bb custom_margin_phone=\u00a0\u00bb-18px||\u00a0\u00bb custom_margin_last_edited=\u00a0\u00bbon|desktop\u00a0\u00bb custom_padding=\u00a0\u00bb|||26px\u00a0\u00bb custom_padding_tablet=\u00a0\u00bb0px|||0px\u00a0\u00bb custom_padding_phone=\u00a0\u00bb|7px|0px|0px\u00a0\u00bb custom_padding_last_edited=\u00a0\u00bbon|phone\u00a0\u00bb]<\/p>\n<ul>\n<li>Erreurs de conception, de fabrication et de construction<\/li>\n<li>Paralysie et manque \u00e0 gagner<\/li>\n<li>Mat\u00e9riaux &amp; Produits<\/li>\n<\/ul>\n<p>[\/et_pb_text][\/et_pb_column][\/et_pb_row][\/et_pb_section]<\/p>\n","protected":false},"excerpt":{"rendered":"<p>Recherche des causes Le profil \u00e9minemment technique et multidisciplinaire de nos techniciens et l\u2019exp\u00e9rience acquise dans tous les domaines d\u2019activit\u00e9, nous permettent de mettre \u00e0 la disposition du march\u00e9 nos connaissances dans la recherche des causes et la d\u00e9termination technique des responsabilit\u00e9s possibles des faits qui ont donn\u00e9 lieu \u00e0 la survenance d\u2019accidents de toutes [&hellip;]<\/p>\n","protected":false},"author":1,"featured_media":0,"parent":0,"menu_order":0,"comment_status":"closed","ping_status":"closed","template":"","meta":{"_et_pb_use_builder":"on","_et_pb_old_content":"","_et_gb_content_width":"","inline_featured_image":false,"footnotes":""},"class_list":["post-7643","page","type-page","status-publish","hentry"],"yoast_head":"<!-- This site is optimized with the Yoast SEO plugin v26.8 - https:\/\/yoast.com\/product\/yoast-seo-wordpress\/ -->\n<title>Enqu\u00eate sur les causes - Criteria | Insurance Claims &amp; Loss Adjusters<\/title>\n<meta name=\"robots\" content=\"index, follow, max-snippet:-1, max-image-preview:large, max-video-preview:-1\" \/>\n<link rel=\"canonical\" href=\"https:\/\/www.criteriaclaims.com\/fr\/enquete-sur-les-causes\/\" \/>\n<meta property=\"og:locale\" content=\"fr_FR\" \/>\n<meta property=\"og:type\" content=\"article\" \/>\n<meta property=\"og:title\" content=\"Enqu\u00eate sur les causes - Criteria | Insurance Claims &amp; Loss Adjusters\" \/>\n<meta property=\"og:description\" content=\"Recherche des causes Le profil \u00e9minemment technique et multidisciplinaire de nos techniciens et l\u2019exp\u00e9rience acquise dans tous les domaines d\u2019activit\u00e9, nous permettent de mettre \u00e0 la disposition du march\u00e9 nos connaissances dans la recherche des causes et la d\u00e9termination technique des responsabilit\u00e9s possibles des faits qui ont donn\u00e9 lieu \u00e0 la survenance d\u2019accidents de toutes [&hellip;]\" \/>\n<meta property=\"og:url\" content=\"https:\/\/www.criteriaclaims.com\/fr\/enquete-sur-les-causes\/\" \/>\n<meta property=\"og:site_name\" content=\"Criteria | Insurance Claims &amp; Loss Adjusters\" \/>\n<meta property=\"article:modified_time\" content=\"2023-02-18T10:36:31+00:00\" \/>\n<meta name=\"twitter:card\" content=\"summary_large_image\" \/>\n<meta name=\"twitter:label1\" content=\"Dur\u00e9e de lecture estim\u00e9e\" \/>\n\t<meta name=\"twitter:data1\" content=\"5 minutes\" \/>\n<script type=\"application\/ld+json\" class=\"yoast-schema-graph\">{\"@context\":\"https:\/\/schema.org\",\"@graph\":[{\"@type\":\"WebPage\",\"@id\":\"https:\/\/www.criteriaclaims.com\/fr\/enquete-sur-les-causes\/\",\"url\":\"https:\/\/www.criteriaclaims.com\/fr\/enquete-sur-les-causes\/\",\"name\":\"Enqu\u00eate sur les causes - Criteria | Insurance Claims &amp; Loss Adjusters\",\"isPartOf\":{\"@id\":\"https:\/\/www.criteriaclaims.com\/fr\/#website\"},\"datePublished\":\"2023-02-18T10:36:30+00:00\",\"dateModified\":\"2023-02-18T10:36:31+00:00\",\"breadcrumb\":{\"@id\":\"https:\/\/www.criteriaclaims.com\/fr\/enquete-sur-les-causes\/#breadcrumb\"},\"inLanguage\":\"fr-FR\",\"potentialAction\":[{\"@type\":\"ReadAction\",\"target\":[\"https:\/\/www.criteriaclaims.com\/fr\/enquete-sur-les-causes\/\"]}]},{\"@type\":\"BreadcrumbList\",\"@id\":\"https:\/\/www.criteriaclaims.com\/fr\/enquete-sur-les-causes\/#breadcrumb\",\"itemListElement\":[{\"@type\":\"ListItem\",\"position\":1,\"name\":\"Portada\",\"item\":\"https:\/\/www.criteriaclaims.com\/fr\/\"},{\"@type\":\"ListItem\",\"position\":2,\"name\":\"Enqu\u00eate sur les causes\"}]},{\"@type\":\"WebSite\",\"@id\":\"https:\/\/www.criteriaclaims.com\/fr\/#website\",\"url\":\"https:\/\/www.criteriaclaims.com\/fr\/\",\"name\":\"Criteria | Insurance Claims &amp; Loss Adjusters\",\"description\":\"Gabinete t\u00e9cnico pericial\",\"potentialAction\":[{\"@type\":\"SearchAction\",\"target\":{\"@type\":\"EntryPoint\",\"urlTemplate\":\"https:\/\/www.criteriaclaims.com\/fr\/?s={search_term_string}\"},\"query-input\":{\"@type\":\"PropertyValueSpecification\",\"valueRequired\":true,\"valueName\":\"search_term_string\"}}],\"inLanguage\":\"fr-FR\"}]}<\/script>\n<!-- \/ Yoast SEO plugin. -->","yoast_head_json":{"title":"Enqu\u00eate sur les causes - Criteria | Insurance Claims &amp; Loss Adjusters","robots":{"index":"index","follow":"follow","max-snippet":"max-snippet:-1","max-image-preview":"max-image-preview:large","max-video-preview":"max-video-preview:-1"},"canonical":"https:\/\/www.criteriaclaims.com\/fr\/enquete-sur-les-causes\/","og_locale":"fr_FR","og_type":"article","og_title":"Enqu\u00eate sur les causes - Criteria | Insurance Claims &amp; Loss Adjusters","og_description":"Recherche des causes Le profil \u00e9minemment technique et multidisciplinaire de nos techniciens et l\u2019exp\u00e9rience acquise dans tous les domaines d\u2019activit\u00e9, nous permettent de mettre \u00e0 la disposition du march\u00e9 nos connaissances dans la recherche des causes et la d\u00e9termination technique des responsabilit\u00e9s possibles des faits qui ont donn\u00e9 lieu \u00e0 la survenance d\u2019accidents de toutes [&hellip;]","og_url":"https:\/\/www.criteriaclaims.com\/fr\/enquete-sur-les-causes\/","og_site_name":"Criteria | Insurance Claims &amp; Loss Adjusters","article_modified_time":"2023-02-18T10:36:31+00:00","twitter_card":"summary_large_image","twitter_misc":{"Dur\u00e9e de lecture estim\u00e9e":"5 minutes"},"schema":{"@context":"https:\/\/schema.org","@graph":[{"@type":"WebPage","@id":"https:\/\/www.criteriaclaims.com\/fr\/enquete-sur-les-causes\/","url":"https:\/\/www.criteriaclaims.com\/fr\/enquete-sur-les-causes\/","name":"Enqu\u00eate sur les causes - Criteria | Insurance Claims &amp; Loss Adjusters","isPartOf":{"@id":"https:\/\/www.criteriaclaims.com\/fr\/#website"},"datePublished":"2023-02-18T10:36:30+00:00","dateModified":"2023-02-18T10:36:31+00:00","breadcrumb":{"@id":"https:\/\/www.criteriaclaims.com\/fr\/enquete-sur-les-causes\/#breadcrumb"},"inLanguage":"fr-FR","potentialAction":[{"@type":"ReadAction","target":["https:\/\/www.criteriaclaims.com\/fr\/enquete-sur-les-causes\/"]}]},{"@type":"BreadcrumbList","@id":"https:\/\/www.criteriaclaims.com\/fr\/enquete-sur-les-causes\/#breadcrumb","itemListElement":[{"@type":"ListItem","position":1,"name":"Portada","item":"https:\/\/www.criteriaclaims.com\/fr\/"},{"@type":"ListItem","position":2,"name":"Enqu\u00eate sur les causes"}]},{"@type":"WebSite","@id":"https:\/\/www.criteriaclaims.com\/fr\/#website","url":"https:\/\/www.criteriaclaims.com\/fr\/","name":"Criteria | Insurance Claims &amp; Loss Adjusters","description":"Gabinete t\u00e9cnico pericial","potentialAction":[{"@type":"SearchAction","target":{"@type":"EntryPoint","urlTemplate":"https:\/\/www.criteriaclaims.com\/fr\/?s={search_term_string}"},"query-input":{"@type":"PropertyValueSpecification","valueRequired":true,"valueName":"search_term_string"}}],"inLanguage":"fr-FR"}]}},"_links":{"self":[{"href":"https:\/\/www.criteriaclaims.com\/fr\/wp-json\/wp\/v2\/pages\/7643","targetHints":{"allow":["GET"]}}],"collection":[{"href":"https:\/\/www.criteriaclaims.com\/fr\/wp-json\/wp\/v2\/pages"}],"about":[{"href":"https:\/\/www.criteriaclaims.com\/fr\/wp-json\/wp\/v2\/types\/page"}],"author":[{"embeddable":true,"href":"https:\/\/www.criteriaclaims.com\/fr\/wp-json\/wp\/v2\/users\/1"}],"replies":[{"embeddable":true,"href":"https:\/\/www.criteriaclaims.com\/fr\/wp-json\/wp\/v2\/comments?post=7643"}],"version-history":[{"count":3,"href":"https:\/\/www.criteriaclaims.com\/fr\/wp-json\/wp\/v2\/pages\/7643\/revisions"}],"predecessor-version":[{"id":7646,"href":"https:\/\/www.criteriaclaims.com\/fr\/wp-json\/wp\/v2\/pages\/7643\/revisions\/7646"}],"wp:attachment":[{"href":"https:\/\/www.criteriaclaims.com\/fr\/wp-json\/wp\/v2\/media?parent=7643"}],"curies":[{"name":"wp","href":"https:\/\/api.w.org\/{rel}","templated":true}]}}