{"id":7697,"date":"2023-02-18T11:48:34","date_gmt":"2023-02-18T10:48:34","guid":{"rendered":"https:\/\/www.criteriaclaims.com\/due-diligence-evaluation-des-actifs\/"},"modified":"2023-02-18T11:48:35","modified_gmt":"2023-02-18T10:48:35","slug":"due-diligence-evaluation-des-actifs","status":"publish","type":"page","link":"https:\/\/www.criteriaclaims.com\/fr\/due-diligence-evaluation-des-actifs\/","title":{"rendered":"Due Diligence, \u00e9valuation des actifs"},"content":{"rendered":"<p>[et_pb_section fb_built=\u00a0\u00bb1&Prime; _builder_version=\u00a0\u00bb3.22.3&Prime; background_color_gradient_direction=\u00a0\u00bb221deg\u00a0\u00bb background_image=\u00a0\u00bbhttps:\/\/www.criteriaclaims.com\/wp-content\/uploads\/2019\/03\/due_diligence.jpg\u00a0\u00bb][et_pb_row _builder_version=\u00a0\u00bb3.25&Prime; custom_padding=\u00a0\u00bb|40px||40px\u00a0\u00bb][et_pb_column type=\u00a0\u00bb4_4&Prime; _builder_version=\u00a0\u00bb3.25&Prime; custom_padding=\u00a0\u00bb|||\u00a0\u00bb custom_padding__hover=\u00a0\u00bb|||\u00a0\u00bb][et_pb_image src=\u00a0\u00bbhttps:\/\/www.criteriaclaims.com\/wp-content\/uploads\/\/2019\/03\/due_diligence.svg\u00a0\u00bb show_bottom_space=\u00a0\u00bboff\u00a0\u00bb align=\u00a0\u00bbcenter\u00a0\u00bb align_tablet=\u00a0\u00bbcenter\u00a0\u00bb align_phone=\u00a0\u00bb\u00a0\u00bb align_last_edited=\u00a0\u00bbon|desktop\u00a0\u00bb _builder_version=\u00a0\u00bb3.25.2&Prime; custom_margin=\u00a0\u00bb||-14px|42px\u00a0\u00bb custom_margin_tablet=\u00a0\u00bb|||12px\u00a0\u00bb custom_margin_phone=\u00a0\u00bb|||31px\u00a0\u00bb custom_margin_last_edited=\u00a0\u00bbon|desktop\u00a0\u00bb custom_padding=\u00a0\u00bb||\u00a0\u00bb filter_brightness=\u00a0\u00bb0%\u00a0\u00bb filter_contrast=\u00a0\u00bb200%\u00a0\u00bb filter_invert=\u00a0\u00bb100%\u00a0\u00bb filter_opacity=\u00a0\u00bb37%\u00a0\u00bb][\/et_pb_image][et_pb_text _builder_version=\u00a0\u00bb3.27.4&Prime; text_font=\u00a0\u00bb||||||||\u00a0\u00bb header_font=\u00a0\u00bbNoto Serif|700|||||||\u00a0\u00bb header_text_align=\u00a0\u00bbcenter\u00a0\u00bb header_text_color=\u00a0\u00bbrgba(255,255,255,0.37)\u00a0\u00bb header_font_size=\u00a0\u00bb90px\u00a0\u00bb header_2_font=\u00a0\u00bb||||||||\u00a0\u00bb custom_margin=\u00a0\u00bb24px||\u00a0\u00bb header_font_size_tablet=\u00a0\u00bb53px\u00a0\u00bb header_font_size_phone=\u00a0\u00bb30px\u00a0\u00bb header_font_size_last_edited=\u00a0\u00bbon|phone\u00a0\u00bb]<\/p>\n<h1>Due diligence, \u00e9valuation des actifs<\/h1>\n<p>[\/et_pb_text][\/et_pb_column][\/et_pb_row][\/et_pb_section][et_pb_section fb_built=\u00a0\u00bb1&Prime; _builder_version=\u00a0\u00bb3.22.3&Prime;][et_pb_row custom_padding_last_edited=\u00a0\u00bbon|desktop\u00a0\u00bb _builder_version=\u00a0\u00bb3.25&Prime; custom_padding=\u00a0\u00bb27px|0px|27px|55px|false|false\u00a0\u00bb custom_padding_tablet=\u00a0\u00bb|||0px\u00a0\u00bb custom_padding_phone=\u00a0\u00bb|||0px\u00a0\u00bb][et_pb_column type=\u00a0\u00bb4_4&Prime; _builder_version=\u00a0\u00bb3.25&Prime; custom_padding=\u00a0\u00bb|||\u00a0\u00bb custom_padding__hover=\u00a0\u00bb|||\u00a0\u00bb][et_pb_text _builder_version=\u00a0\u00bb3.27.4&Prime; text_font=\u00a0\u00bbRaleway|600|||||||\u00a0\u00bb text_text_color=\u00a0\u00bb#4c565c\u00a0\u00bb text_font_size=\u00a0\u00bb20px\u00a0\u00bb text_line_height=\u00a0\u00bb1.8em\u00a0\u00bb]<\/p>\n<p style=\"text-align: left;\">Les services de due diligence, qu\u2019ils soient techniques, juridiques et \/ ou \u00e9conomiques sont un outil essentiel dans les d\u00e9cisions d\u2019affaires et Criteria offre ces services pour l\u2019application de l\u2019exp\u00e9rience, de la formation technique et de la connaissance du march\u00e9 pour la d\u00e9termination de la valeur assurable ou de la valeur d\u2019\u00e9change de biens de toutes sortes, \u00e0 partir de terrains et de biens immobiliers de caract\u00e9ristiques tr\u00e8s diverses (logement,  locaux et entrep\u00f4ts, b\u00e2timents historiques, &#8230;) aux entreprises, marques, commerce, distribution et industries de tout secteur d\u2019activit\u00e9, \u00e0 travers la logistique et les moyens de transport, les marques et tout type de marchandises: objets de valeur, antiquit\u00e9s, collections et \u0153uvres d\u2019art.<\/p>\n<p>[\/et_pb_text][\/et_pb_column][\/et_pb_row][\/et_pb_section][et_pb_section fb_built=\u00a0\u00bb1&Prime; custom_padding_last_edited=\u00a0\u00bbon|desktop\u00a0\u00bb _builder_version=\u00a0\u00bb3.22.3&Prime; background_color=\u00a0\u00bb#f4f4f4&Prime; custom_padding=\u00a0\u00bb45px|0px|37px|0px|false|false\u00a0\u00bb custom_padding_tablet=\u00a0\u00bb14px||0px\u00a0\u00bb custom_padding_phone=\u00a0\u00bb14px||0px\u00a0\u00bb][et_pb_row column_structure=\u00a0\u00bb1_5,3_5,1_5&Prime; use_custom_gutter=\u00a0\u00bbon\u00a0\u00bb gutter_width=\u00a0\u00bb1&Prime; module_class=\u00a0\u00bb et_pb_row_fullwidth\u00a0\u00bb _builder_version=\u00a0\u00bb3.25&Prime; background_size=\u00a0\u00bbinitial\u00a0\u00bb background_position=\u00a0\u00bbtop_left\u00a0\u00bb background_repeat=\u00a0\u00bbrepeat\u00a0\u00bb width=\u00a0\u00bb100%\u00a0\u00bb width_tablet=\u00a0\u00bb100%\u00a0\u00bb width_phone=\u00a0\u00bb\u00a0\u00bb width_last_edited=\u00a0\u00bbon|desktop\u00a0\u00bb max_width=\u00a0\u00bb100%\u00a0\u00bb max_width_tablet=\u00a0\u00bb100%\u00a0\u00bb max_width_phone=\u00a0\u00bb\u00a0\u00bb max_width_last_edited=\u00a0\u00bbon|desktop\u00a0\u00bb custom_margin=\u00a0\u00bb||\u00a0\u00bb custom_padding=\u00a0\u00bb|50px||50px|false|false\u00a0\u00bb make_fullwidth=\u00a0\u00bbon\u00a0\u00bb][et_pb_column type=\u00a0\u00bb1_5&Prime; _builder_version=\u00a0\u00bb3.25&Prime; custom_padding=\u00a0\u00bb|||\u00a0\u00bb custom_padding__hover=\u00a0\u00bb|||\u00a0\u00bb][\/et_pb_column][et_pb_column type=\u00a0\u00bb3_5&Prime; _builder_version=\u00a0\u00bb3.25&Prime; use_background_color_gradient=\u00a0\u00bbon\u00a0\u00bb background_color_gradient_start=\u00a0\u00bb#29628a\u00a0\u00bb background_color_gradient_end=\u00a0\u00bb#75b3d0&Prime; background_color_gradient_direction=\u00a0\u00bb221deg\u00a0\u00bb background_color_gradient_start_position=\u00a0\u00bb20%\u00a0\u00bb background_color_gradient_end_position=\u00a0\u00bb60%\u00a0\u00bb custom_padding=\u00a0\u00bb|||\u00a0\u00bb custom_padding__hover=\u00a0\u00bb|||\u00a0\u00bb][et_pb_text _builder_version=\u00a0\u00bb3.27.4&Prime; text_font=\u00a0\u00bb||||||||\u00a0\u00bb header_font=\u00a0\u00bbNoto Serif|700|||||||\u00a0\u00bb header_font_size=\u00a0\u00bb35px\u00a0\u00bb background_color=\u00a0\u00bb#f4f4f4&Prime; text_orientation=\u00a0\u00bbcenter\u00a0\u00bb custom_padding=\u00a0\u00bb||\u00a0\u00bb mix_blend_mode=\u00a0\u00bblighten\u00a0\u00bb header_font_size_tablet=\u00a0\u00bb30px\u00a0\u00bb header_font_size_phone=\u00a0\u00bb29px\u00a0\u00bb header_font_size_last_edited=\u00a0\u00bbon|phone\u00a0\u00bb]<\/p>\n<h1>Services de diligence raisonnable<\/h1>\n<p>[\/et_pb_text][\/et_pb_column][et_pb_column type=\u00a0\u00bb1_5&Prime; _builder_version=\u00a0\u00bb3.25&Prime; custom_padding=\u00a0\u00bb|||\u00a0\u00bb custom_padding__hover=\u00a0\u00bb|||\u00a0\u00bb][\/et_pb_column][\/et_pb_row][\/et_pb_section][et_pb_section fb_built=\u00a0\u00bb1&Prime; admin_label=\u00a0\u00bbService Details Section\u00a0\u00bb _builder_version=\u00a0\u00bb3.22.3&Prime; background_color=\u00a0\u00bb#4c565c\u00a0\u00bb custom_padding=\u00a0\u00bb42px|0px|30px|0px|false|false\u00a0\u00bb top_divider_style=\u00a0\u00bbtriangle\u00a0\u00bb top_divider_color=\u00a0\u00bb#f4f4f4&Prime; top_divider_height=\u00a0\u00bb23px\u00a0\u00bb top_divider_flip=\u00a0\u00bbvertical\u00a0\u00bb][et_pb_row column_structure=\u00a0\u00bb1_2,1_2&Prime; use_custom_gutter=\u00a0\u00bbon\u00a0\u00bb gutter_width=\u00a0\u00bb1&Prime; custom_padding_last_edited=\u00a0\u00bbon|desktop\u00a0\u00bb admin_label=\u00a0\u00bbLigne de liste de contr\u00f4le de service\u00a0\u00bb _builder_version=\u00a0\u00bb3.25&Prime; custom_margin=\u00a0\u00bb|||\u00a0\u00bb custom_margin_tablet=\u00a0\u00bb30px||14px|80px\u00a0\u00bb custom_margin_phone=\u00a0\u00bb|50px|14px|50px\u00a0\u00bb custom_margin_last_edited=\u00a0\u00bbon|desktop\u00a0\u00bb custom_padding=\u00a0\u00bb27px|43px|0|54px|false|false\u00a0\u00bb custom_padding_tablet=\u00a0\u00bb9px|0px|0px|0px\u00a0\u00bb custom_padding_phone=\u00a0\u00bb9px|0px||0px\u00a0\u00bb][et_pb_column type=\u00a0\u00bb1_2&Prime; _builder_version=\u00a0\u00bb3.25&Prime; custom_padding=\u00a0\u00bb|||\u00a0\u00bb custom_padding__hover=\u00a0\u00bb|||\u00a0\u00bb][et_pb_text _builder_version=\u00a0\u00bb3.27.4&Prime; text_font=\u00a0\u00bbRaleway|600|||||||\u00a0\u00bb text_font_size=\u00a0\u00bb16px\u00a0\u00bb text_line_height=\u00a0\u00bb0em\u00a0\u00bb ul_font=\u00a0\u00bbRaleway|300|||||||\u00a0\u00bb ul_text_color=\u00a0\u00bb#ffffff\u00a0\u00bb ul_font_size=\u00a0\u00bb19px\u00a0\u00bb header_font=\u00a0\u00bb||||||||\u00a0\u00bb custom_margin=\u00a0\u00bb|||\u00a0\u00bb custom_margin_tablet=\u00a0\u00bb7px|0px|0px|0px\u00a0\u00bb custom_margin_phone=\u00a0\u00bb-2px||0px|0px\u00a0\u00bb custom_margin_last_edited=\u00a0\u00bbon|phone\u00a0\u00bb custom_padding=\u00a0\u00bb|||53px\u00a0\u00bb custom_padding_tablet=\u00a0\u00bb|||0px\u00a0\u00bb custom_padding_phone=\u00a0\u00bb|7px||\u00a0\u00bb custom_padding_last_edited=\u00a0\u00bbon|phone\u00a0\u00bb]<\/p>\n<ul>\n<li>Achat \u2013 vente et processus de garantie ou de saisie<\/li>\n<li>Due diligence pour les fusions, transferts et acquisitions<\/li>\n<\/ul>\n<p>[\/et_pb_text][\/et_pb_column][et_pb_column type=\u00a0\u00bb1_2&Prime; _builder_version=\u00a0\u00bb3.25&Prime; custom_padding=\u00a0\u00bb|||\u00a0\u00bb custom_padding_tablet=\u00a0\u00bb|||0px\u00a0\u00bb custom_padding_phone=\u00a0\u00bb\u00a0\u00bb custom_padding_last_edited=\u00a0\u00bbon|phone\u00a0\u00bb custom_padding__hover=\u00a0\u00bb|||\u00a0\u00bb][et_pb_text _builder_version=\u00a0\u00bb3.27.4&Prime; text_font=\u00a0\u00bbRaleway|600|||||||\u00a0\u00bb text_font_size=\u00a0\u00bb16px\u00a0\u00bb text_line_height=\u00a0\u00bb0em\u00a0\u00bb ul_font=\u00a0\u00bbRaleway|300|||||||\u00a0\u00bb ul_text_color=\u00a0\u00bb#ffffff\u00a0\u00bb ul_font_size=\u00a0\u00bb19px\u00a0\u00bb header_font=\u00a0\u00bb||||||||\u00a0\u00bb custom_margin=\u00a0\u00bb|||\u00a0\u00bb custom_margin_tablet=\u00a0\u00bb-16px|0px|0px|0px\u00a0\u00bb custom_margin_phone=\u00a0\u00bb-16px||0px|0px\u00a0\u00bb custom_margin_last_edited=\u00a0\u00bbon|phone\u00a0\u00bb custom_padding=\u00a0\u00bb|||53px\u00a0\u00bb custom_padding_tablet=\u00a0\u00bb|||0px\u00a0\u00bb custom_padding_phone=\u00a0\u00bb|7px||\u00a0\u00bb custom_padding_last_edited=\u00a0\u00bbon|phone\u00a0\u00bb]<\/p>\n<ul>\n<li>\u00c9valuation pr\u00e9alable \u00e0 la souscription, fixation du capital assurable, PML et EML<\/li>\n<li>Art, objets d\u2019une valeur singuli\u00e8re, collection, h\u00e9ritages et donations&#8230;<\/li>\n<\/ul>\n<p>[\/et_pb_text][\/et_pb_column][\/et_pb_row][\/et_pb_section]<\/p>\n","protected":false},"excerpt":{"rendered":"<p>Due diligence, \u00e9valuation des actifsLes services de due diligence, qu\u2019ils soient techniques, juridiques et \/ ou \u00e9conomiques sont un outil essentiel dans les d\u00e9cisions d\u2019affaires et Criteria offre ces services pour l\u2019application de l\u2019exp\u00e9rience, de la formation technique et de la connaissance du march\u00e9 pour la d\u00e9termination de la valeur assurable ou de la valeur [&hellip;]<\/p>\n","protected":false},"author":1,"featured_media":0,"parent":0,"menu_order":0,"comment_status":"closed","ping_status":"closed","template":"","meta":{"_et_pb_use_builder":"on","_et_pb_old_content":"","_et_gb_content_width":"","inline_featured_image":false,"footnotes":""},"class_list":["post-7697","page","type-page","status-publish","hentry"],"yoast_head":"<!-- This site is optimized with the Yoast SEO plugin v26.8 - https:\/\/yoast.com\/product\/yoast-seo-wordpress\/ -->\n<title>Due Diligence, \u00e9valuation des actifs - Criteria | Insurance Claims &amp; Loss Adjusters<\/title>\n<meta name=\"robots\" content=\"index, follow, max-snippet:-1, max-image-preview:large, max-video-preview:-1\" \/>\n<link rel=\"canonical\" href=\"https:\/\/www.criteriaclaims.com\/fr\/due-diligence-evaluation-des-actifs\/\" \/>\n<meta property=\"og:locale\" content=\"fr_FR\" \/>\n<meta property=\"og:type\" content=\"article\" \/>\n<meta property=\"og:title\" content=\"Due Diligence, \u00e9valuation des actifs - Criteria | Insurance Claims &amp; Loss Adjusters\" \/>\n<meta property=\"og:description\" content=\"Due diligence, \u00e9valuation des actifsLes services de due diligence, qu\u2019ils soient techniques, juridiques et \/ ou \u00e9conomiques sont un outil essentiel dans les d\u00e9cisions d\u2019affaires et Criteria offre ces services pour l\u2019application de l\u2019exp\u00e9rience, de la formation technique et de la connaissance du march\u00e9 pour la d\u00e9termination de la valeur assurable ou de la valeur [&hellip;]\" \/>\n<meta property=\"og:url\" content=\"https:\/\/www.criteriaclaims.com\/fr\/due-diligence-evaluation-des-actifs\/\" \/>\n<meta property=\"og:site_name\" content=\"Criteria | Insurance Claims &amp; Loss Adjusters\" \/>\n<meta property=\"article:modified_time\" content=\"2023-02-18T10:48:35+00:00\" \/>\n<meta name=\"twitter:card\" content=\"summary_large_image\" \/>\n<meta name=\"twitter:label1\" content=\"Dur\u00e9e de lecture estim\u00e9e\" \/>\n\t<meta name=\"twitter:data1\" content=\"5 minutes\" \/>\n<script type=\"application\/ld+json\" class=\"yoast-schema-graph\">{\"@context\":\"https:\/\/schema.org\",\"@graph\":[{\"@type\":\"WebPage\",\"@id\":\"https:\/\/www.criteriaclaims.com\/fr\/due-diligence-evaluation-des-actifs\/\",\"url\":\"https:\/\/www.criteriaclaims.com\/fr\/due-diligence-evaluation-des-actifs\/\",\"name\":\"Due Diligence, \u00e9valuation des actifs - Criteria | Insurance Claims &amp; Loss Adjusters\",\"isPartOf\":{\"@id\":\"https:\/\/www.criteriaclaims.com\/fr\/#website\"},\"datePublished\":\"2023-02-18T10:48:34+00:00\",\"dateModified\":\"2023-02-18T10:48:35+00:00\",\"breadcrumb\":{\"@id\":\"https:\/\/www.criteriaclaims.com\/fr\/due-diligence-evaluation-des-actifs\/#breadcrumb\"},\"inLanguage\":\"fr-FR\",\"potentialAction\":[{\"@type\":\"ReadAction\",\"target\":[\"https:\/\/www.criteriaclaims.com\/fr\/due-diligence-evaluation-des-actifs\/\"]}]},{\"@type\":\"BreadcrumbList\",\"@id\":\"https:\/\/www.criteriaclaims.com\/fr\/due-diligence-evaluation-des-actifs\/#breadcrumb\",\"itemListElement\":[{\"@type\":\"ListItem\",\"position\":1,\"name\":\"Portada\",\"item\":\"https:\/\/www.criteriaclaims.com\/fr\/\"},{\"@type\":\"ListItem\",\"position\":2,\"name\":\"Due Diligence, \u00e9valuation des actifs\"}]},{\"@type\":\"WebSite\",\"@id\":\"https:\/\/www.criteriaclaims.com\/fr\/#website\",\"url\":\"https:\/\/www.criteriaclaims.com\/fr\/\",\"name\":\"Criteria | Insurance Claims &amp; Loss Adjusters\",\"description\":\"Gabinete t\u00e9cnico pericial\",\"potentialAction\":[{\"@type\":\"SearchAction\",\"target\":{\"@type\":\"EntryPoint\",\"urlTemplate\":\"https:\/\/www.criteriaclaims.com\/fr\/?s={search_term_string}\"},\"query-input\":{\"@type\":\"PropertyValueSpecification\",\"valueRequired\":true,\"valueName\":\"search_term_string\"}}],\"inLanguage\":\"fr-FR\"}]}<\/script>\n<!-- \/ Yoast SEO plugin. -->","yoast_head_json":{"title":"Due Diligence, \u00e9valuation des actifs - Criteria | Insurance Claims &amp; Loss Adjusters","robots":{"index":"index","follow":"follow","max-snippet":"max-snippet:-1","max-image-preview":"max-image-preview:large","max-video-preview":"max-video-preview:-1"},"canonical":"https:\/\/www.criteriaclaims.com\/fr\/due-diligence-evaluation-des-actifs\/","og_locale":"fr_FR","og_type":"article","og_title":"Due Diligence, \u00e9valuation des actifs - Criteria | Insurance Claims &amp; Loss Adjusters","og_description":"Due diligence, \u00e9valuation des actifsLes services de due diligence, qu\u2019ils soient techniques, juridiques et \/ ou \u00e9conomiques sont un outil essentiel dans les d\u00e9cisions d\u2019affaires et Criteria offre ces services pour l\u2019application de l\u2019exp\u00e9rience, de la formation technique et de la connaissance du march\u00e9 pour la d\u00e9termination de la valeur assurable ou de la valeur [&hellip;]","og_url":"https:\/\/www.criteriaclaims.com\/fr\/due-diligence-evaluation-des-actifs\/","og_site_name":"Criteria | Insurance Claims &amp; Loss Adjusters","article_modified_time":"2023-02-18T10:48:35+00:00","twitter_card":"summary_large_image","twitter_misc":{"Dur\u00e9e de lecture estim\u00e9e":"5 minutes"},"schema":{"@context":"https:\/\/schema.org","@graph":[{"@type":"WebPage","@id":"https:\/\/www.criteriaclaims.com\/fr\/due-diligence-evaluation-des-actifs\/","url":"https:\/\/www.criteriaclaims.com\/fr\/due-diligence-evaluation-des-actifs\/","name":"Due Diligence, \u00e9valuation des actifs - Criteria | Insurance Claims &amp; Loss Adjusters","isPartOf":{"@id":"https:\/\/www.criteriaclaims.com\/fr\/#website"},"datePublished":"2023-02-18T10:48:34+00:00","dateModified":"2023-02-18T10:48:35+00:00","breadcrumb":{"@id":"https:\/\/www.criteriaclaims.com\/fr\/due-diligence-evaluation-des-actifs\/#breadcrumb"},"inLanguage":"fr-FR","potentialAction":[{"@type":"ReadAction","target":["https:\/\/www.criteriaclaims.com\/fr\/due-diligence-evaluation-des-actifs\/"]}]},{"@type":"BreadcrumbList","@id":"https:\/\/www.criteriaclaims.com\/fr\/due-diligence-evaluation-des-actifs\/#breadcrumb","itemListElement":[{"@type":"ListItem","position":1,"name":"Portada","item":"https:\/\/www.criteriaclaims.com\/fr\/"},{"@type":"ListItem","position":2,"name":"Due Diligence, \u00e9valuation des actifs"}]},{"@type":"WebSite","@id":"https:\/\/www.criteriaclaims.com\/fr\/#website","url":"https:\/\/www.criteriaclaims.com\/fr\/","name":"Criteria | Insurance Claims &amp; Loss Adjusters","description":"Gabinete t\u00e9cnico pericial","potentialAction":[{"@type":"SearchAction","target":{"@type":"EntryPoint","urlTemplate":"https:\/\/www.criteriaclaims.com\/fr\/?s={search_term_string}"},"query-input":{"@type":"PropertyValueSpecification","valueRequired":true,"valueName":"search_term_string"}}],"inLanguage":"fr-FR"}]}},"_links":{"self":[{"href":"https:\/\/www.criteriaclaims.com\/fr\/wp-json\/wp\/v2\/pages\/7697","targetHints":{"allow":["GET"]}}],"collection":[{"href":"https:\/\/www.criteriaclaims.com\/fr\/wp-json\/wp\/v2\/pages"}],"about":[{"href":"https:\/\/www.criteriaclaims.com\/fr\/wp-json\/wp\/v2\/types\/page"}],"author":[{"embeddable":true,"href":"https:\/\/www.criteriaclaims.com\/fr\/wp-json\/wp\/v2\/users\/1"}],"replies":[{"embeddable":true,"href":"https:\/\/www.criteriaclaims.com\/fr\/wp-json\/wp\/v2\/comments?post=7697"}],"version-history":[{"count":3,"href":"https:\/\/www.criteriaclaims.com\/fr\/wp-json\/wp\/v2\/pages\/7697\/revisions"}],"predecessor-version":[{"id":7700,"href":"https:\/\/www.criteriaclaims.com\/fr\/wp-json\/wp\/v2\/pages\/7697\/revisions\/7700"}],"wp:attachment":[{"href":"https:\/\/www.criteriaclaims.com\/fr\/wp-json\/wp\/v2\/media?parent=7697"}],"curies":[{"name":"wp","href":"https:\/\/api.w.org\/{rel}","templated":true}]}}