{"id":4791,"date":"2021-08-10T14:23:54","date_gmt":"2021-08-10T12:23:54","guid":{"rendered":"https:\/\/www.criteriaclaims.com\/escritorios\/"},"modified":"2021-08-15T16:21:46","modified_gmt":"2021-08-15T14:21:46","slug":"escritorios","status":"publish","type":"page","link":"https:\/\/www.criteriaclaims.com\/pt-br\/escritorios\/","title":{"rendered":"ESCRIT\u00d3RIOS"},"content":{"rendered":"<p>[et_pb_section fb_built=&#8221;1&#8243; _builder_version=&#8221;3.22.3&#8243; background_color=&#8221;#f4f4f4&#8243; custom_padding=&#8221;75px|0px|75px|0px|false|false&#8221;][et_pb_row column_structure=&#8221;1_5,3_5,1_5&#8243; use_custom_gutter=&#8221;on&#8221; gutter_width=&#8221;1&#8243; custom_padding_last_edited=&#8221;on|phone&#8221; module_class=&#8221; et_pb_row_fullwidth&#8221; _builder_version=&#8221;3.25.2&#8243; background_size=&#8221;initial&#8221; background_position=&#8221;top_left&#8221; background_repeat=&#8221;repeat&#8221; width=&#8221;100%&#8221; width_tablet=&#8221;100%&#8221; width_phone=&#8221;&#8221; width_last_edited=&#8221;on|desktop&#8221; max_width=&#8221;100%&#8221; max_width_tablet=&#8221;100%&#8221; max_width_phone=&#8221;&#8221; max_width_last_edited=&#8221;on|desktop&#8221; custom_margin=&#8221;||&#8221; custom_padding=&#8221;|50px||50px|false|false&#8221; custom_padding_tablet=&#8221;&#8221; custom_padding_phone=&#8221;&#8221; make_fullwidth=&#8221;on&#8221; custom_width_px=&#8221;1300px&#8221;][et_pb_column type=&#8221;1_5&#8243; _builder_version=&#8221;3.25&#8243; custom_padding=&#8221;|||&#8221; custom_padding__hover=&#8221;|||&#8221;][\/et_pb_column][et_pb_column type=&#8221;3_5&#8243; _builder_version=&#8221;3.25&#8243; use_background_color_gradient=&#8221;on&#8221; background_color_gradient_start=&#8221;#29628a&#8221; background_color_gradient_end=&#8221;#75b3d0&#8243; background_color_gradient_direction=&#8221;221deg&#8221; background_color_gradient_start_position=&#8221;20%&#8221; background_color_gradient_end_position=&#8221;60%&#8221; custom_padding=&#8221;|||&#8221; custom_padding__hover=&#8221;|||&#8221;][et_pb_text _builder_version=&#8221;4.9.4&#8243; text_font=&#8221;||||||||&#8221; header_font=&#8221;Noto Serif|700|||||||&#8221; header_font_size=&#8221;35px&#8221; header_line_height=&#8221;1.1em&#8221; background_color=&#8221;#f4f4f4&#8243; text_orientation=&#8221;center&#8221; custom_margin=&#8221;6px||6px&#8221; custom_margin_tablet=&#8221;&#8221; custom_margin_phone=&#8221;||&#8221; custom_margin_last_edited=&#8221;on|phone&#8221; custom_padding=&#8221;20px||20px&#8221; custom_padding_tablet=&#8221;20px|0px||0px&#8221; custom_padding_phone=&#8221;&#8221; custom_padding_last_edited=&#8221;on|tablet&#8221; mix_blend_mode=&#8221;lighten&#8221; hover_enabled=&#8221;0&#8243; header_font_size_tablet=&#8221;37px&#8221; header_font_size_phone=&#8221;24px&#8221; header_font_size_last_edited=&#8221;on|phone&#8221; sticky_enabled=&#8221;0&#8243;]<\/p>\n<h1>A Criteria tem presen\u00e7a em toda a Espanha, Espanha continental, Ilhas Can\u00e1rias e Baleares, EUA, Caribe e Am\u00e9rica Latina com uma rede eficiente de escrit\u00f3rios<\/h1>\n<p>[\/et_pb_text][\/et_pb_column][et_pb_column type=&#8221;1_5&#8243; _builder_version=&#8221;3.25&#8243; custom_padding=&#8221;|||&#8221; custom_padding__hover=&#8221;|||&#8221;][\/et_pb_column][\/et_pb_row][\/et_pb_section][et_pb_section fb_built=&#8221;1&#8243; disabled_on=&#8221;off|off|off&#8221; admin_label=&#8221;Service Details Section&#8221; _builder_version=&#8221;3.25.2&#8243; module_alignment=&#8221;center&#8221; custom_padding=&#8221;0|0px|0|0px|false|false&#8221;][et_pb_row column_structure=&#8221;1_3,1_3,1_3&#8243; use_custom_gutter=&#8221;on&#8221; gutter_width=&#8221;1&#8243; disabled_on=&#8221;on|on|off&#8221; module_class=&#8221; et_pb_row_fullwidth&#8221; _builder_version=&#8221;3.25.2&#8243; width=&#8221;100%&#8221; width_tablet=&#8221;100%&#8221; width_phone=&#8221;&#8221; width_last_edited=&#8221;on|desktop&#8221; max_width=&#8221;100%&#8221; max_width_tablet=&#8221;100%&#8221; max_width_phone=&#8221;&#8221; max_width_last_edited=&#8221;on|desktop&#8221; custom_margin=&#8221;||&#8221; custom_padding=&#8221;0||0||false|false&#8221; make_fullwidth=&#8221;on&#8221;][et_pb_column type=&#8221;1_3&#8243; _builder_version=&#8221;3.25&#8243; custom_padding=&#8221;|||&#8221; custom_padding__hover=&#8221;|||&#8221;][et_pb_blurb title=&#8221;Espanha&#8221; image=&#8221;https:\/\/www.criteriaclaims.com\/wp-content\/uploads\/2019\/03\/espan\u0303a.svg&#8221; disabled_on=&#8221;off|off|off&#8221; _builder_version=&#8221;3.25.2&#8243; header_font=&#8221;Raleway|700||on|||||&#8221; header_text_align=&#8221;center&#8221; header_text_color=&#8221;#4e565b&#8221; header_font_size=&#8221;16px&#8221; body_font=&#8221;||||||||&#8221; custom_padding=&#8221;80px||51px&#8221; filter_brightness=&#8221;0%&#8221; filter_contrast=&#8221;25%&#8221; animation=&#8221;off&#8221; link_option_url=&#8221;https:\/\/www.criteriaclaims.com\/pt-br\/espanha\/&#8221; custom_css_blurb_title=&#8221;margin-top: -15px;&#8221; border_width_right=&#8221;1px&#8221; background__hover_enabled=&#8221;on&#8221; background_color__hover=&#8221;rgba(41,98,138,0.14)&#8221; border_radii__hover_enabled=&#8221;on&#8221; filter_opacity__hover_enabled=&#8221;on&#8221; filter_opacity__hover=&#8221;100%&#8221; filter_invert__hover=&#8221;0%&#8221; filter_contrast__hover_enabled=&#8221;on&#8221; filter_contrast__hover=&#8221;100%&#8221; filter_brightness__hover_enabled=&#8221;on&#8221; filter_brightness__hover=&#8221;100%&#8221;][\/et_pb_blurb][\/et_pb_column][et_pb_column type=&#8221;1_3&#8243; _builder_version=&#8221;3.25&#8243; custom_padding=&#8221;|||&#8221; custom_padding__hover=&#8221;|||&#8221;][et_pb_blurb title=&#8221;AM\u00c9RICA&#8221; image=&#8221;https:\/\/www.criteriaclaims.com\/wp-content\/uploads\/2019\/03\/usa-latam.svg&#8221; _builder_version=&#8221;3.25.2&#8243; header_font=&#8221;Raleway|700||on|||||&#8221; header_text_align=&#8221;center&#8221; header_text_color=&#8221;#4e565b&#8221; header_font_size=&#8221;16px&#8221; body_font=&#8221;||||||||&#8221; custom_padding=&#8221;80px||51px&#8221; filter_brightness=&#8221;0%&#8221; filter_contrast=&#8221;25%&#8221; animation=&#8221;off&#8221; link_option_url=&#8221;https:\/\/www.criteriaclaims.com\/pt-br\/america\/&#8221; custom_css_blurb_title=&#8221;margin-top: -15px;&#8221; border_width_right=&#8221;1px&#8221; border_radii__hover_enabled=&#8221;on&#8221; filter_opacity__hover_enabled=&#8221;on&#8221; filter_opacity__hover=&#8221;100%&#8221; filter_invert__hover=&#8221;0%&#8221; filter_contrast__hover_enabled=&#8221;on&#8221; filter_contrast__hover=&#8221;100%&#8221; filter_brightness__hover_enabled=&#8221;on&#8221; filter_brightness__hover=&#8221;100%&#8221; background_color__hover=&#8221;rgba(41,98,138,0.14)&#8221; background__hover_enabled=&#8221;on&#8221;][\/et_pb_blurb][\/et_pb_column][et_pb_column type=&#8221;1_3&#8243; _builder_version=&#8221;3.25&#8243; custom_padding=&#8221;|||&#8221; custom_padding__hover=&#8221;|||&#8221;][et_pb_blurb title=&#8221;global&#8221; image=&#8221;https:\/\/www.criteriaclaims.com\/wp-content\/uploads\/2019\/03\/global.svg&#8221; _builder_version=&#8221;4.4.6&#8243; header_font=&#8221;Raleway|700||on|||||&#8221; header_text_align=&#8221;center&#8221; header_text_color=&#8221;#4e565b&#8221; header_font_size=&#8221;16px&#8221; body_font=&#8221;||||||||&#8221; custom_padding=&#8221;80px||51px&#8221; filter_brightness=&#8221;0%&#8221; filter_contrast=&#8221;25%&#8221; animation=&#8221;off&#8221; link_option_url=&#8221;https:\/\/www.criteriaclaims.com\/pt-br\/rede-global\/&#8221; custom_css_blurb_title=&#8221;margin-top: -15px;&#8221; border_radii__hover_enabled=&#8221;on&#8221; filter_opacity__hover_enabled=&#8221;on&#8221; filter_opacity__hover=&#8221;100%&#8221; filter_invert__hover=&#8221;0%&#8221; filter_contrast__hover_enabled=&#8221;on&#8221; filter_contrast__hover=&#8221;100%&#8221; filter_brightness__hover_enabled=&#8221;on&#8221; filter_brightness__hover=&#8221;100%&#8221; background_color__hover=&#8221;rgba(41,98,138,0.14)&#8221; background__hover_enabled=&#8221;on&#8221;][\/et_pb_blurb][\/et_pb_column][\/et_pb_row][et_pb_row column_structure=&#8221;1_3,1_3,1_3&#8243; use_custom_gutter=&#8221;on&#8221; gutter_width=&#8221;1&#8243; disabled_on=&#8221;on|off|on&#8221; module_class=&#8221; et_pb_row_fullwidth&#8221; _builder_version=&#8221;3.25.2&#8243; width=&#8221;100%&#8221; width_tablet=&#8221;100%&#8221; width_phone=&#8221;&#8221; width_last_edited=&#8221;on|desktop&#8221; max_width=&#8221;100%&#8221; max_width_tablet=&#8221;100%&#8221; max_width_phone=&#8221;&#8221; max_width_last_edited=&#8221;on|desktop&#8221; custom_margin=&#8221;||&#8221; custom_padding=&#8221;0||0||false|false&#8221; make_fullwidth=&#8221;on&#8221;][et_pb_column type=&#8221;1_3&#8243; _builder_version=&#8221;3.25&#8243; custom_padding=&#8221;|||&#8221; custom_padding__hover=&#8221;|||&#8221;][et_pb_blurb title=&#8221;Espanha&#8221; image=&#8221;https:\/\/www.criteriaclaims.com\/wp-content\/uploads\/2019\/03\/espan\u0303a.svg&#8221; _builder_version=&#8221;3.25.2&#8243; header_font=&#8221;Raleway|700||on|||||&#8221; header_text_align=&#8221;center&#8221; header_text_color=&#8221;#4e565b&#8221; header_font_size=&#8221;16px&#8221; body_font=&#8221;||||||||&#8221; custom_padding=&#8221;80px||51px&#8221; filter_brightness=&#8221;0%&#8221; filter_contrast=&#8221;25%&#8221; animation=&#8221;off&#8221; link_option_url=&#8221;https:\/\/www.criteriaclaims.com\/pt-br\/espanha\/&#8221; custom_css_blurb_title=&#8221;margin-top: -15px;&#8221; border_width_right=&#8221;0px&#8221; border_width_bottom=&#8221;1px&#8221; background__hover_enabled=&#8221;on&#8221; background_color__hover=&#8221;rgba(41,98,138,0.14)&#8221; border_radii__hover_enabled=&#8221;on&#8221; filter_opacity__hover_enabled=&#8221;on&#8221; filter_opacity__hover=&#8221;100%&#8221; filter_invert__hover=&#8221;0%&#8221; filter_contrast__hover_enabled=&#8221;on&#8221; filter_contrast__hover=&#8221;100%&#8221; filter_brightness__hover_enabled=&#8221;on&#8221; filter_brightness__hover=&#8221;100%&#8221;][\/et_pb_blurb][\/et_pb_column][et_pb_column type=&#8221;1_3&#8243; _builder_version=&#8221;3.25&#8243; custom_padding=&#8221;|||&#8221; custom_padding__hover=&#8221;|||&#8221;][et_pb_blurb title=&#8221;AM\u00c9RICA&#8221; image=&#8221;https:\/\/www.criteriaclaims.com\/wp-content\/uploads\/2019\/03\/usa-latam.svg&#8221; _builder_version=&#8221;3.25.2&#8243; header_font=&#8221;Raleway|700||on|||||&#8221; header_text_align=&#8221;center&#8221; header_text_color=&#8221;#4e565b&#8221; header_font_size=&#8221;16px&#8221; body_font=&#8221;||||||||&#8221; custom_padding=&#8221;80px||51px&#8221; filter_brightness=&#8221;0%&#8221; filter_contrast=&#8221;25%&#8221; animation=&#8221;off&#8221; link_option_url=&#8221;https:\/\/www.criteriaclaims.com\/pt-br\/america\/&#8221; custom_css_blurb_title=&#8221;margin-top: -15px;&#8221; border_width_right=&#8221;0px&#8221; border_width_bottom=&#8221;1px&#8221; border_radii__hover_enabled=&#8221;on&#8221; filter_opacity__hover_enabled=&#8221;on&#8221; filter_opacity__hover=&#8221;100%&#8221; filter_invert__hover=&#8221;0%&#8221; filter_contrast__hover_enabled=&#8221;on&#8221; filter_contrast__hover=&#8221;100%&#8221; filter_brightness__hover_enabled=&#8221;on&#8221; filter_brightness__hover=&#8221;100%&#8221; background_color__hover=&#8221;rgba(41,98,138,0.14)&#8221; background__hover_enabled=&#8221;on&#8221;][\/et_pb_blurb][\/et_pb_column][et_pb_column type=&#8221;1_3&#8243; _builder_version=&#8221;3.25&#8243; custom_padding=&#8221;|||&#8221; custom_padding__hover=&#8221;|||&#8221;][et_pb_blurb title=&#8221;global&#8221; image=&#8221;https:\/\/www.criteriaclaims.com\/wp-content\/uploads\/2019\/03\/global.svg&#8221; _builder_version=&#8221;4.4.6&#8243; header_font=&#8221;Raleway|700||on|||||&#8221; header_text_align=&#8221;center&#8221; header_text_color=&#8221;#4e565b&#8221; header_font_size=&#8221;16px&#8221; body_font=&#8221;||||||||&#8221; custom_padding=&#8221;80px||51px&#8221; filter_brightness=&#8221;0%&#8221; filter_contrast=&#8221;25%&#8221; animation=&#8221;off&#8221; link_option_url=&#8221;https:\/\/www.criteriaclaims.com\/pt-br\/rede-global\/&#8221; custom_css_blurb_title=&#8221;margin-top: -15px;&#8221; border_radii__hover_enabled=&#8221;on&#8221; filter_opacity__hover_enabled=&#8221;on&#8221; filter_opacity__hover=&#8221;100%&#8221; filter_invert__hover=&#8221;0%&#8221; filter_contrast__hover_enabled=&#8221;on&#8221; filter_contrast__hover=&#8221;100%&#8221; filter_brightness__hover_enabled=&#8221;on&#8221; filter_brightness__hover=&#8221;100%&#8221; background_color__hover=&#8221;rgba(41,98,138,0.14)&#8221; background__hover_enabled=&#8221;on&#8221;][\/et_pb_blurb][\/et_pb_column][\/et_pb_row][et_pb_row column_structure=&#8221;1_3,1_3,1_3&#8243; use_custom_gutter=&#8221;on&#8221; gutter_width=&#8221;1&#8243; disabled_on=&#8221;off|on|on&#8221; module_class=&#8221; et_pb_row_fullwidth&#8221; _builder_version=&#8221;3.25.2&#8243; width=&#8221;100%&#8221; width_tablet=&#8221;100%&#8221; width_phone=&#8221;&#8221; width_last_edited=&#8221;on|desktop&#8221; max_width=&#8221;100%&#8221; max_width_tablet=&#8221;100%&#8221; max_width_phone=&#8221;&#8221; max_width_last_edited=&#8221;on|desktop&#8221; custom_margin=&#8221;||&#8221; custom_padding=&#8221;0||0||false|false&#8221; make_fullwidth=&#8221;on&#8221;][et_pb_column type=&#8221;1_3&#8243; _builder_version=&#8221;3.25&#8243; custom_padding=&#8221;|||&#8221; custom_padding__hover=&#8221;|||&#8221;][et_pb_blurb title=&#8221;Espanha&#8221; image=&#8221;https:\/\/www.criteriaclaims.com\/wp-content\/uploads\/2019\/03\/espan\u0303a.svg&#8221; _builder_version=&#8221;3.25.2&#8243; header_font=&#8221;Raleway|700||on|||||&#8221; header_text_align=&#8221;center&#8221; header_text_color=&#8221;#4e565b&#8221; header_font_size=&#8221;16px&#8221; body_font=&#8221;||||||||&#8221; custom_padding=&#8221;80px||51px&#8221; filter_brightness=&#8221;0%&#8221; filter_contrast=&#8221;25%&#8221; animation=&#8221;off&#8221; link_option_url=&#8221;https:\/\/www.criteriaclaims.com\/pt-br\/espanha\/&#8221; custom_css_blurb_title=&#8221;margin-top: -15px;&#8221; border_width_right=&#8221;0px&#8221; border_width_bottom=&#8221;1px&#8221; background__hover_enabled=&#8221;on&#8221; background_color__hover=&#8221;rgba(41,98,138,0.14)&#8221; border_radii__hover_enabled=&#8221;on&#8221; filter_opacity__hover_enabled=&#8221;on&#8221; filter_opacity__hover=&#8221;100%&#8221; filter_invert__hover=&#8221;0%&#8221; filter_contrast__hover_enabled=&#8221;on&#8221; filter_contrast__hover=&#8221;100%&#8221; filter_brightness__hover_enabled=&#8221;on&#8221; filter_brightness__hover=&#8221;100%&#8221;][\/et_pb_blurb][\/et_pb_column][et_pb_column type=&#8221;1_3&#8243; _builder_version=&#8221;3.25&#8243; custom_padding=&#8221;|||&#8221; custom_padding__hover=&#8221;|||&#8221;][et_pb_blurb title=&#8221;AM\u00c9RICA&#8221; image=&#8221;https:\/\/www.criteriaclaims.com\/wp-content\/uploads\/2019\/03\/usa-latam.svg&#8221; _builder_version=&#8221;3.25.2&#8243; header_font=&#8221;Raleway|700||on|||||&#8221; header_text_align=&#8221;center&#8221; header_text_color=&#8221;#4e565b&#8221; header_font_size=&#8221;16px&#8221; body_font=&#8221;||||||||&#8221; custom_padding=&#8221;80px||51px&#8221; filter_brightness=&#8221;0%&#8221; filter_contrast=&#8221;25%&#8221; animation=&#8221;off&#8221; link_option_url=&#8221;https:\/\/www.criteriaclaims.com\/pt-br\/america\/&#8221; custom_css_blurb_title=&#8221;margin-top: -15px;&#8221; border_width_right=&#8221;0px&#8221; border_width_bottom=&#8221;1px&#8221; border_radii__hover_enabled=&#8221;on&#8221; filter_opacity__hover_enabled=&#8221;on&#8221; filter_opacity__hover=&#8221;100%&#8221; filter_invert__hover=&#8221;0%&#8221; filter_contrast__hover_enabled=&#8221;on&#8221; filter_contrast__hover=&#8221;100%&#8221; filter_brightness__hover_enabled=&#8221;on&#8221; filter_brightness__hover=&#8221;100%&#8221; background_color__hover=&#8221;rgba(41,98,138,0.14)&#8221; background__hover_enabled=&#8221;on&#8221;][\/et_pb_blurb][\/et_pb_column][et_pb_column type=&#8221;1_3&#8243; _builder_version=&#8221;3.25&#8243; custom_padding=&#8221;|||&#8221; custom_padding__hover=&#8221;|||&#8221;][et_pb_blurb title=&#8221;global&#8221; image=&#8221;https:\/\/www.criteriaclaims.com\/wp-content\/uploads\/2019\/03\/global.svg&#8221; _builder_version=&#8221;4.4.6&#8243; header_font=&#8221;Raleway|700||on|||||&#8221; header_text_align=&#8221;center&#8221; header_text_color=&#8221;#4e565b&#8221; header_font_size=&#8221;16px&#8221; body_font=&#8221;||||||||&#8221; custom_padding=&#8221;80px||51px&#8221; filter_brightness=&#8221;0%&#8221; filter_contrast=&#8221;25%&#8221; animation=&#8221;off&#8221; link_option_url=&#8221;https:\/\/www.criteriaclaims.com\/pt-br\/rede-global\/&#8221; custom_css_blurb_title=&#8221;margin-top: -15px;&#8221; border_radii__hover_enabled=&#8221;on&#8221; filter_opacity__hover_enabled=&#8221;on&#8221; filter_opacity__hover=&#8221;100%&#8221; filter_invert__hover=&#8221;0%&#8221; filter_contrast__hover_enabled=&#8221;on&#8221; filter_contrast__hover=&#8221;100%&#8221; filter_brightness__hover_enabled=&#8221;on&#8221; filter_brightness__hover=&#8221;100%&#8221; background_color__hover=&#8221;rgba(41,98,138,0.14)&#8221; background__hover_enabled=&#8221;on&#8221;][\/et_pb_blurb][\/et_pb_column][\/et_pb_row][\/et_pb_section]<\/p>\n","protected":false},"excerpt":{"rendered":"<p>A Criteria tem presen\u00e7a em toda a Espanha, Espanha continental, Ilhas Can\u00e1rias e Baleares, EUA, Caribe e Am\u00e9rica Latina com uma rede eficiente de escrit\u00f3rios<\/p>\n","protected":false},"author":1,"featured_media":0,"parent":0,"menu_order":0,"comment_status":"closed","ping_status":"closed","template":"","meta":{"_et_pb_use_builder":"on","_et_pb_old_content":"","_et_gb_content_width":"","inline_featured_image":false,"footnotes":""},"class_list":["post-4791","page","type-page","status-publish","hentry"],"yoast_head":"<!-- This site is optimized with the Yoast SEO plugin v26.8 - https:\/\/yoast.com\/product\/yoast-seo-wordpress\/ -->\n<title>ESCRIT\u00d3RIOS - Criteria | Insurance Claims &amp; Loss Adjusters<\/title>\n<meta name=\"robots\" content=\"index, follow, max-snippet:-1, max-image-preview:large, max-video-preview:-1\" \/>\n<link rel=\"canonical\" href=\"https:\/\/www.criteriaclaims.com\/pt-br\/escritorios\/\" \/>\n<meta property=\"og:locale\" content=\"pt_BR\" \/>\n<meta property=\"og:type\" content=\"article\" \/>\n<meta property=\"og:title\" content=\"ESCRIT\u00d3RIOS - Criteria | Insurance Claims &amp; Loss Adjusters\" \/>\n<meta property=\"og:description\" content=\"A Criteria tem presen\u00e7a em toda a Espanha, Espanha continental, Ilhas Can\u00e1rias e Baleares, EUA, Caribe e Am\u00e9rica Latina com uma rede eficiente de escrit\u00f3rios\" \/>\n<meta property=\"og:url\" content=\"https:\/\/www.criteriaclaims.com\/pt-br\/escritorios\/\" \/>\n<meta property=\"og:site_name\" content=\"Criteria | Insurance Claims &amp; Loss Adjusters\" \/>\n<meta property=\"article:modified_time\" content=\"2021-08-15T14:21:46+00:00\" \/>\n<meta name=\"twitter:card\" content=\"summary_large_image\" \/>\n<meta name=\"twitter:label1\" content=\"Est. tempo de leitura\" \/>\n\t<meta name=\"twitter:data1\" content=\"8 minutos\" \/>\n<script type=\"application\/ld+json\" class=\"yoast-schema-graph\">{\"@context\":\"https:\/\/schema.org\",\"@graph\":[{\"@type\":\"WebPage\",\"@id\":\"https:\/\/www.criteriaclaims.com\/pt-br\/escritorios\/\",\"url\":\"https:\/\/www.criteriaclaims.com\/pt-br\/escritorios\/\",\"name\":\"ESCRIT\u00d3RIOS - Criteria | Insurance Claims &amp; Loss Adjusters\",\"isPartOf\":{\"@id\":\"https:\/\/www.criteriaclaims.com\/pt-br\/#website\"},\"datePublished\":\"2021-08-10T12:23:54+00:00\",\"dateModified\":\"2021-08-15T14:21:46+00:00\",\"breadcrumb\":{\"@id\":\"https:\/\/www.criteriaclaims.com\/pt-br\/escritorios\/#breadcrumb\"},\"inLanguage\":\"pt-BR\",\"potentialAction\":[{\"@type\":\"ReadAction\",\"target\":[\"https:\/\/www.criteriaclaims.com\/pt-br\/escritorios\/\"]}]},{\"@type\":\"BreadcrumbList\",\"@id\":\"https:\/\/www.criteriaclaims.com\/pt-br\/escritorios\/#breadcrumb\",\"itemListElement\":[{\"@type\":\"ListItem\",\"position\":1,\"name\":\"Portada\",\"item\":\"https:\/\/www.criteriaclaims.com\/pt-br\/\"},{\"@type\":\"ListItem\",\"position\":2,\"name\":\"ESCRIT\u00d3RIOS\"}]},{\"@type\":\"WebSite\",\"@id\":\"https:\/\/www.criteriaclaims.com\/pt-br\/#website\",\"url\":\"https:\/\/www.criteriaclaims.com\/pt-br\/\",\"name\":\"Criteria | Insurance Claims &amp; Loss Adjusters\",\"description\":\"Gabinete t\u00e9cnico pericial\",\"potentialAction\":[{\"@type\":\"SearchAction\",\"target\":{\"@type\":\"EntryPoint\",\"urlTemplate\":\"https:\/\/www.criteriaclaims.com\/pt-br\/?s={search_term_string}\"},\"query-input\":{\"@type\":\"PropertyValueSpecification\",\"valueRequired\":true,\"valueName\":\"search_term_string\"}}],\"inLanguage\":\"pt-BR\"}]}<\/script>\n<!-- \/ Yoast SEO plugin. -->","yoast_head_json":{"title":"ESCRIT\u00d3RIOS - Criteria | Insurance Claims &amp; Loss Adjusters","robots":{"index":"index","follow":"follow","max-snippet":"max-snippet:-1","max-image-preview":"max-image-preview:large","max-video-preview":"max-video-preview:-1"},"canonical":"https:\/\/www.criteriaclaims.com\/pt-br\/escritorios\/","og_locale":"pt_BR","og_type":"article","og_title":"ESCRIT\u00d3RIOS - Criteria | Insurance Claims &amp; Loss Adjusters","og_description":"A Criteria tem presen\u00e7a em toda a Espanha, Espanha continental, Ilhas Can\u00e1rias e Baleares, EUA, Caribe e Am\u00e9rica Latina com uma rede eficiente de escrit\u00f3rios","og_url":"https:\/\/www.criteriaclaims.com\/pt-br\/escritorios\/","og_site_name":"Criteria | Insurance Claims &amp; Loss Adjusters","article_modified_time":"2021-08-15T14:21:46+00:00","twitter_card":"summary_large_image","twitter_misc":{"Est. tempo de leitura":"8 minutos"},"schema":{"@context":"https:\/\/schema.org","@graph":[{"@type":"WebPage","@id":"https:\/\/www.criteriaclaims.com\/pt-br\/escritorios\/","url":"https:\/\/www.criteriaclaims.com\/pt-br\/escritorios\/","name":"ESCRIT\u00d3RIOS - Criteria | Insurance Claims &amp; Loss Adjusters","isPartOf":{"@id":"https:\/\/www.criteriaclaims.com\/pt-br\/#website"},"datePublished":"2021-08-10T12:23:54+00:00","dateModified":"2021-08-15T14:21:46+00:00","breadcrumb":{"@id":"https:\/\/www.criteriaclaims.com\/pt-br\/escritorios\/#breadcrumb"},"inLanguage":"pt-BR","potentialAction":[{"@type":"ReadAction","target":["https:\/\/www.criteriaclaims.com\/pt-br\/escritorios\/"]}]},{"@type":"BreadcrumbList","@id":"https:\/\/www.criteriaclaims.com\/pt-br\/escritorios\/#breadcrumb","itemListElement":[{"@type":"ListItem","position":1,"name":"Portada","item":"https:\/\/www.criteriaclaims.com\/pt-br\/"},{"@type":"ListItem","position":2,"name":"ESCRIT\u00d3RIOS"}]},{"@type":"WebSite","@id":"https:\/\/www.criteriaclaims.com\/pt-br\/#website","url":"https:\/\/www.criteriaclaims.com\/pt-br\/","name":"Criteria | Insurance Claims &amp; Loss Adjusters","description":"Gabinete t\u00e9cnico pericial","potentialAction":[{"@type":"SearchAction","target":{"@type":"EntryPoint","urlTemplate":"https:\/\/www.criteriaclaims.com\/pt-br\/?s={search_term_string}"},"query-input":{"@type":"PropertyValueSpecification","valueRequired":true,"valueName":"search_term_string"}}],"inLanguage":"pt-BR"}]}},"_links":{"self":[{"href":"https:\/\/www.criteriaclaims.com\/pt-br\/wp-json\/wp\/v2\/pages\/4791","targetHints":{"allow":["GET"]}}],"collection":[{"href":"https:\/\/www.criteriaclaims.com\/pt-br\/wp-json\/wp\/v2\/pages"}],"about":[{"href":"https:\/\/www.criteriaclaims.com\/pt-br\/wp-json\/wp\/v2\/types\/page"}],"author":[{"embeddable":true,"href":"https:\/\/www.criteriaclaims.com\/pt-br\/wp-json\/wp\/v2\/users\/1"}],"replies":[{"embeddable":true,"href":"https:\/\/www.criteriaclaims.com\/pt-br\/wp-json\/wp\/v2\/comments?post=4791"}],"version-history":[{"count":21,"href":"https:\/\/www.criteriaclaims.com\/pt-br\/wp-json\/wp\/v2\/pages\/4791\/revisions"}],"predecessor-version":[{"id":5349,"href":"https:\/\/www.criteriaclaims.com\/pt-br\/wp-json\/wp\/v2\/pages\/4791\/revisions\/5349"}],"wp:attachment":[{"href":"https:\/\/www.criteriaclaims.com\/pt-br\/wp-json\/wp\/v2\/media?parent=4791"}],"curies":[{"name":"wp","href":"https:\/\/api.w.org\/{rel}","templated":true}]}}