{"id":4846,"date":"2021-08-10T14:58:53","date_gmt":"2021-08-10T12:58:53","guid":{"rendered":"https:\/\/www.criteriaclaims.com\/historia\/"},"modified":"2021-08-13T15:48:23","modified_gmt":"2021-08-13T13:48:23","slug":"historia","status":"publish","type":"page","link":"https:\/\/www.criteriaclaims.com\/pt-br\/historia\/","title":{"rendered":"Hist\u00f3ria"},"content":{"rendered":"<p>[et_pb_section fb_built=&#8221;1&#8243; _builder_version=&#8221;3.22.3&#8243; background_color_gradient_direction=&#8221;221deg&#8221; background_image=&#8221;https:\/\/www.criteriaclaims.com\/wp-content\/uploads\/2019\/03\/historia.jpg&#8221;][et_pb_row _builder_version=&#8221;3.25&#8243;][et_pb_column type=&#8221;4_4&#8243; _builder_version=&#8221;3.25&#8243; custom_padding=&#8221;|||&#8221; custom_padding__hover=&#8221;|||&#8221;][et_pb_image src=&#8221;https:\/\/www.criteriaclaims.com\/wp-content\/uploads\/2019\/03\/historia.svg&#8221; show_bottom_space=&#8221;off&#8221; align=&#8221;center&#8221; align_tablet=&#8221;center&#8221; align_phone=&#8221;&#8221; align_last_edited=&#8221;on|desktop&#8221; _builder_version=&#8221;3.25.2&#8243; custom_margin=&#8221;||-14px&#8221; custom_margin_tablet=&#8221;&#8221; custom_margin_phone=&#8221;&#8221; custom_margin_last_edited=&#8221;on|phone&#8221; custom_padding=&#8221;||&#8221; filter_brightness=&#8221;0%&#8221; filter_contrast=&#8221;200%&#8221; filter_invert=&#8221;100%&#8221; filter_opacity=&#8221;37%&#8221;][\/et_pb_image][et_pb_text _builder_version=&#8221;3.27.4&#8243; text_font=&#8221;||||||||&#8221; header_font=&#8221;Noto Serif|700|||||||&#8221; header_text_align=&#8221;center&#8221; header_text_color=&#8221;rgba(255,255,255,0.37)&#8221; header_font_size=&#8221;90px&#8221; header_2_font=&#8221;||||||||&#8221; custom_margin=&#8221;24px||&#8221; header_font_size_tablet=&#8221;53px&#8221; header_font_size_phone=&#8221;30px&#8221; header_font_size_last_edited=&#8221;on|phone&#8221;]<\/p>\n<h1>hist\u00f3ria<\/h1>\n<p>[\/et_pb_text][\/et_pb_column][\/et_pb_row][\/et_pb_section][et_pb_section fb_built=&#8221;1&#8243; _builder_version=&#8221;3.22.3&#8243; custom_padding=&#8221;54px|0px|54px|0px|false|false&#8221;][et_pb_row custom_padding_last_edited=&#8221;on|desktop&#8221; _builder_version=&#8221;3.25&#8243; custom_padding=&#8221;27px|0px|27px|55px|false|false&#8221; custom_padding_tablet=&#8221;|||0px&#8221; custom_padding_phone=&#8221;|||0px&#8221;][et_pb_column type=&#8221;4_4&#8243; _builder_version=&#8221;3.25&#8243; custom_padding=&#8221;|||&#8221; custom_padding__hover=&#8221;|||&#8221;][et_pb_text _builder_version=&#8221;3.27.4&#8243; text_font=&#8221;Raleway|500|||||||&#8221; text_text_color=&#8221;#4c565c&#8221; text_font_size=&#8221;20px&#8221; text_line_height=&#8221;1.8em&#8221;]<\/p>\n<p>Criteria \u00e9 a implementa\u00e7\u00e3o de um projeto ambicioso, coerente e realista que, com base na experi\u00eancia, profissionalismo e qualidade do servi\u00e7o oferecido h\u00e1 quase tr\u00eas d\u00e9cadas por mais de 250 t\u00e9cnicos qualificados localizados em diferentes \u00e1reas geogr\u00e1ficas, conseguiu:<\/p>\n<p>[\/et_pb_text][\/et_pb_column][\/et_pb_row][et_pb_row column_structure=&#8221;1_3,1_3,1_3&#8243; custom_padding_last_edited=&#8221;on|phone&#8221; _builder_version=&#8221;3.25&#8243; custom_padding=&#8221;27px|0|27px|60px|false|false&#8221; custom_padding_tablet=&#8221;|||0px&#8221; custom_padding_phone=&#8221;|||0px&#8221;][et_pb_column type=&#8221;1_3&#8243; _builder_version=&#8221;3.25&#8243; custom_padding=&#8221;|||&#8221; custom_padding__hover=&#8221;|||&#8221;][et_pb_text _builder_version=&#8221;3.27.4&#8243; text_font=&#8221;Raleway||||||||&#8221; text_text_color=&#8221;#4c565c&#8221; text_font_size=&#8221;17px&#8221; text_line_height=&#8221;1.8em&#8221; header_font=&#8221;Georgia||||||||&#8221; header_text_color=&#8221;#29638b&#8221; background_color=&#8221;#f1bb3f&#8221; custom_padding=&#8221;30px|30px|91px|30px|false|true&#8221;]<\/p>\n<h1><b>AGREGAR<\/b><\/h1>\n<p>esfor\u00e7os, conhecimento, treinamento e experi\u00eancia para oferecer o melhor servi\u00e7o t\u00e9cnico especializado.<\/p>\n<p>[\/et_pb_text][\/et_pb_column][et_pb_column type=&#8221;1_3&#8243; _builder_version=&#8221;3.25&#8243; custom_padding=&#8221;|||&#8221; custom_padding__hover=&#8221;|||&#8221;][et_pb_text _builder_version=&#8221;3.27.4&#8243; text_font=&#8221;Raleway||||||||&#8221; text_text_color=&#8221;#4c565c&#8221; text_font_size=&#8221;17px&#8221; text_line_height=&#8221;1.8em&#8221; header_font=&#8221;Georgia||||||||&#8221; header_text_color=&#8221;#29638b&#8221; background_color=&#8221;#f1bb3f&#8221; custom_padding=&#8221;30px|30px|91px|30px|false|true&#8221;]<\/p>\n<h1><b>OBTER<\/b><\/h1>\n<p>da soma de experi\u00eancias e capacidades, a mais completa e flex\u00edvel gama de servi\u00e7os dispon\u00edveis aos seus clientes.<\/p>\n<p>[\/et_pb_text][\/et_pb_column][et_pb_column type=&#8221;1_3&#8243; _builder_version=&#8221;3.25&#8243; custom_padding=&#8221;|||&#8221; custom_padding__hover=&#8221;|||&#8221;][et_pb_text _builder_version=&#8221;3.27.4&#8243; text_font=&#8221;Raleway||||||||&#8221; text_text_color=&#8221;#4c565c&#8221; text_font_size=&#8221;17px&#8221; text_line_height=&#8221;1.8em&#8221; header_font=&#8221;Georgia||||||||&#8221; header_text_color=&#8221;#29638b&#8221; background_color=&#8221;#f1bb3f&#8221; custom_margin=&#8221;|-8px||-7px&#8221; custom_padding=&#8221;30px|30px|30px|30px|true|true&#8221;]<\/p>\n<h1><b>CONSTRUIR<\/b><\/h1>\n<p>uma \u00fanica estrutura \u00e1gil e eficiente, que garante aos seus clientes um servi\u00e7o multidisciplinar de abrang\u00eancia internacional de forma simples e direta.<\/p>\n<p>[\/et_pb_text][\/et_pb_column][\/et_pb_row][\/et_pb_section][et_pb_section fb_built=&#8221;1&#8243; _builder_version=&#8221;3.22.3&#8243; background_color_gradient_direction=&#8221;221deg&#8221; background_image=&#8221;https:\/\/www.criteriaclaims.com\/wp-content\/uploads\/2019\/03\/trabajadores2.jpg&#8221; parallax=&#8221;on&#8221; custom_padding=&#8221;54px|0px|622px|0px|false|false&#8221;][\/et_pb_section][et_pb_section fb_built=&#8221;1&#8243; _builder_version=&#8221;3.22.3&#8243; background_color=&#8221;#f4f4f4&#8243; custom_padding=&#8221;75px|0px|75px|0px|false|false&#8221;][et_pb_row column_structure=&#8221;1_5,3_5,1_5&#8243; use_custom_gutter=&#8221;on&#8221; gutter_width=&#8221;1&#8243; module_class=&#8221; et_pb_row_fullwidth&#8221; _builder_version=&#8221;3.25&#8243; background_size=&#8221;initial&#8221; background_position=&#8221;top_left&#8221; background_repeat=&#8221;repeat&#8221; width=&#8221;100%&#8221; width_tablet=&#8221;100%&#8221; width_phone=&#8221;&#8221; width_last_edited=&#8221;on|desktop&#8221; max_width=&#8221;100%&#8221; max_width_tablet=&#8221;100%&#8221; max_width_phone=&#8221;&#8221; max_width_last_edited=&#8221;on|desktop&#8221; custom_margin=&#8221;||&#8221; custom_padding=&#8221;|50px||50px|false|false&#8221; make_fullwidth=&#8221;on&#8221;][et_pb_column type=&#8221;1_5&#8243; _builder_version=&#8221;3.25&#8243; custom_padding=&#8221;|||&#8221; custom_padding__hover=&#8221;|||&#8221;][\/et_pb_column][et_pb_column type=&#8221;3_5&#8243; _builder_version=&#8221;3.25&#8243; use_background_color_gradient=&#8221;on&#8221; background_color_gradient_start=&#8221;#29628a&#8221; background_color_gradient_end=&#8221;#75b3d0&#8243; background_color_gradient_direction=&#8221;221deg&#8221; background_color_gradient_start_position=&#8221;20%&#8221; background_color_gradient_end_position=&#8221;60%&#8221; custom_padding=&#8221;|||&#8221; custom_padding__hover=&#8221;|||&#8221;][et_pb_text _builder_version=&#8221;3.27.4&#8243; text_font=&#8221;||||||||&#8221; header_font=&#8221;Noto Serif|700|||||||&#8221; header_font_size=&#8221;35px&#8221; header_line_height=&#8221;1.1em&#8221; background_color=&#8221;#f4f4f4&#8243; text_orientation=&#8221;center&#8221; custom_margin=&#8221;6px||6px&#8221; custom_margin_tablet=&#8221;&#8221; custom_margin_phone=&#8221;||&#8221; custom_margin_last_edited=&#8221;on|phone&#8221; custom_padding=&#8221;20px||20px&#8221; mix_blend_mode=&#8221;lighten&#8221; header_font_size_tablet=&#8221;37px&#8221; header_font_size_phone=&#8221;24px&#8221; header_font_size_last_edited=&#8221;on|phone&#8221;]<\/p>\n<h1>Criteria \u00e9, hoje, um escrit\u00f3rio global de especialistas treinado para interven\u00e7\u00e3o especializada em todos os ramos de seguros<\/h1>\n<p>[\/et_pb_text][\/et_pb_column][et_pb_column type=&#8221;1_5&#8243; _builder_version=&#8221;3.25&#8243; custom_padding=&#8221;|||&#8221; custom_padding__hover=&#8221;|||&#8221;][\/et_pb_column][\/et_pb_row][\/et_pb_section][et_pb_section fb_built=&#8221;1&#8243; _builder_version=&#8221;3.22.3&#8243;][et_pb_row custom_padding_last_edited=&#8221;on|desktop&#8221; _builder_version=&#8221;3.25&#8243; custom_padding=&#8221;27px|0px|27px|55px|false|false&#8221; custom_padding_tablet=&#8221;|||0px&#8221; custom_padding_phone=&#8221;|||0px&#8221;][et_pb_column type=&#8221;4_4&#8243; _builder_version=&#8221;3.25&#8243; custom_padding=&#8221;|||&#8221; custom_padding__hover=&#8221;|||&#8221;][et_pb_text _builder_version=&#8221;4.4.6&#8243; text_font=&#8221;Raleway|500|||||||&#8221; text_text_color=&#8221;#4c565c&#8221; text_font_size=&#8221;20px&#8221; text_line_height=&#8221;1.8em&#8221; hover_enabled=&#8221;0&#8243;]<\/p>\n<p class=\"p1\"><span class=\"s1\">Sua constitui\u00e7\u00e3o foi formalizada em julho de 2016 como resultado do acordo de colabora\u00e7\u00e3o entre diferentes parceiros, respons\u00e1vel por seus respectivos escrit\u00f3rios regionais de especialistas que operaram para diferentes seguradoras por mais de 30 anos.<\/span><\/p>\n<p class=\"p1\"><span class=\"s1\">Criteria, portanto, significa reunir em uma \u00fanica marca, com uma \u00fanica opera\u00e7\u00e3o e estrutura, os recursos de seis escrit\u00f3rios especializados espanh\u00f3is, constituindo um gabinete nacional com um centro operacional, de acordo com o servi\u00e7o exigido por nossos principais clientes, mas contando, gra\u00e7as \u00e0 sua origem, com uma rede especializada coordenada a partir da proximidade de cada um dos escrit\u00f3rios de Criteria nas diferentes \u00e1reas locais e regionais.<\/span><\/p>\n<p class=\"p1\"><span class=\"s1\">Ao projeto espanhol, em 2018, a opera\u00e7\u00e3o na Am\u00e9rica se soma, com mais de 50 t\u00e9cnicos em 7 pa\u00edses, crescendo rapidamente e expandindo-se para os atuais 300 t\u00e9cnicos em 11 pa\u00edses americanos e incluindo servi\u00e7os globais de Cascos &amp; Transportes com alcance em at\u00e9 110 pa\u00edses.<\/span><\/p>\n<p class=\"p1\"><span class=\"s1\">Todo o sistema operacional da Criteria gira em torno de uma \u00fanica ferramenta de gest\u00e3o para toda a estrutura e o estabelecimento de especialidades dirigidas e coordenadas por gestores de reconhecido prest\u00edgio e experi\u00eancia em cada um de seus campos e locais de atua\u00e7\u00e3o.<\/span><\/p>\n<p>[\/et_pb_text][\/et_pb_column][\/et_pb_row][\/et_pb_section][et_pb_section fb_built=&#8221;1&#8243; _builder_version=&#8221;3.22.3&#8243; background_color_gradient_direction=&#8221;221deg&#8221; background_image=&#8221;https:\/\/www.criteriaclaims.com\/wp-content\/uploads\/2019\/03\/equipo.jpg&#8221; parallax=&#8221;on&#8221; custom_padding=&#8221;54px|0px|622px|0px|false|false&#8221;][\/et_pb_section]<\/p>\n","protected":false},"excerpt":{"rendered":"<p>hist\u00f3riaCriteria \u00e9 a implementa\u00e7\u00e3o de um projeto ambicioso, coerente e realista que, com base na experi\u00eancia, profissionalismo e qualidade do servi\u00e7o oferecido h\u00e1 quase tr\u00eas d\u00e9cadas por mais de 250 t\u00e9cnicos qualificados localizados em diferentes \u00e1reas geogr\u00e1ficas, conseguiu:AGREGAR esfor\u00e7os, conhecimento, treinamento e experi\u00eancia para oferecer o melhor servi\u00e7o t\u00e9cnico especializado.OBTER da soma de experi\u00eancias e [&hellip;]<\/p>\n","protected":false},"author":1,"featured_media":0,"parent":0,"menu_order":0,"comment_status":"closed","ping_status":"closed","template":"","meta":{"_et_pb_use_builder":"on","_et_pb_old_content":"","_et_gb_content_width":"","inline_featured_image":false,"footnotes":""},"class_list":["post-4846","page","type-page","status-publish","hentry"],"yoast_head":"<!-- This site is optimized with the Yoast SEO plugin v26.8 - https:\/\/yoast.com\/product\/yoast-seo-wordpress\/ -->\n<title>Hist\u00f3ria - Criteria | Insurance Claims &amp; Loss Adjusters<\/title>\n<meta name=\"robots\" content=\"index, follow, max-snippet:-1, max-image-preview:large, max-video-preview:-1\" \/>\n<link rel=\"canonical\" href=\"https:\/\/www.criteriaclaims.com\/pt-br\/historia\/\" \/>\n<meta property=\"og:locale\" content=\"pt_BR\" \/>\n<meta property=\"og:type\" content=\"article\" \/>\n<meta property=\"og:title\" content=\"Hist\u00f3ria - Criteria | Insurance Claims &amp; Loss Adjusters\" \/>\n<meta property=\"og:description\" content=\"hist\u00f3riaCriteria \u00e9 a implementa\u00e7\u00e3o de um projeto ambicioso, coerente e realista que, com base na experi\u00eancia, profissionalismo e qualidade do servi\u00e7o oferecido h\u00e1 quase tr\u00eas d\u00e9cadas por mais de 250 t\u00e9cnicos qualificados localizados em diferentes \u00e1reas geogr\u00e1ficas, conseguiu:AGREGAR esfor\u00e7os, conhecimento, treinamento e experi\u00eancia para oferecer o melhor servi\u00e7o t\u00e9cnico especializado.OBTER da soma de experi\u00eancias e [&hellip;]\" \/>\n<meta property=\"og:url\" content=\"https:\/\/www.criteriaclaims.com\/pt-br\/historia\/\" \/>\n<meta property=\"og:site_name\" content=\"Criteria | Insurance Claims &amp; Loss Adjusters\" \/>\n<meta property=\"article:modified_time\" content=\"2021-08-13T13:48:23+00:00\" \/>\n<meta name=\"twitter:card\" content=\"summary_large_image\" \/>\n<meta name=\"twitter:label1\" content=\"Est. tempo de leitura\" \/>\n\t<meta name=\"twitter:data1\" content=\"6 minutos\" \/>\n<script type=\"application\/ld+json\" class=\"yoast-schema-graph\">{\"@context\":\"https:\/\/schema.org\",\"@graph\":[{\"@type\":\"WebPage\",\"@id\":\"https:\/\/www.criteriaclaims.com\/pt-br\/historia\/\",\"url\":\"https:\/\/www.criteriaclaims.com\/pt-br\/historia\/\",\"name\":\"Hist\u00f3ria - Criteria | Insurance Claims &amp; Loss Adjusters\",\"isPartOf\":{\"@id\":\"https:\/\/www.criteriaclaims.com\/pt-br\/#website\"},\"datePublished\":\"2021-08-10T12:58:53+00:00\",\"dateModified\":\"2021-08-13T13:48:23+00:00\",\"breadcrumb\":{\"@id\":\"https:\/\/www.criteriaclaims.com\/pt-br\/historia\/#breadcrumb\"},\"inLanguage\":\"pt-BR\",\"potentialAction\":[{\"@type\":\"ReadAction\",\"target\":[\"https:\/\/www.criteriaclaims.com\/pt-br\/historia\/\"]}]},{\"@type\":\"BreadcrumbList\",\"@id\":\"https:\/\/www.criteriaclaims.com\/pt-br\/historia\/#breadcrumb\",\"itemListElement\":[{\"@type\":\"ListItem\",\"position\":1,\"name\":\"Portada\",\"item\":\"https:\/\/www.criteriaclaims.com\/pt-br\/\"},{\"@type\":\"ListItem\",\"position\":2,\"name\":\"Hist\u00f3ria\"}]},{\"@type\":\"WebSite\",\"@id\":\"https:\/\/www.criteriaclaims.com\/pt-br\/#website\",\"url\":\"https:\/\/www.criteriaclaims.com\/pt-br\/\",\"name\":\"Criteria | Insurance Claims &amp; Loss Adjusters\",\"description\":\"Gabinete t\u00e9cnico pericial\",\"potentialAction\":[{\"@type\":\"SearchAction\",\"target\":{\"@type\":\"EntryPoint\",\"urlTemplate\":\"https:\/\/www.criteriaclaims.com\/pt-br\/?s={search_term_string}\"},\"query-input\":{\"@type\":\"PropertyValueSpecification\",\"valueRequired\":true,\"valueName\":\"search_term_string\"}}],\"inLanguage\":\"pt-BR\"}]}<\/script>\n<!-- \/ Yoast SEO plugin. -->","yoast_head_json":{"title":"Hist\u00f3ria - Criteria | Insurance Claims &amp; Loss Adjusters","robots":{"index":"index","follow":"follow","max-snippet":"max-snippet:-1","max-image-preview":"max-image-preview:large","max-video-preview":"max-video-preview:-1"},"canonical":"https:\/\/www.criteriaclaims.com\/pt-br\/historia\/","og_locale":"pt_BR","og_type":"article","og_title":"Hist\u00f3ria - Criteria | Insurance Claims &amp; Loss Adjusters","og_description":"hist\u00f3riaCriteria \u00e9 a implementa\u00e7\u00e3o de um projeto ambicioso, coerente e realista que, com base na experi\u00eancia, profissionalismo e qualidade do servi\u00e7o oferecido h\u00e1 quase tr\u00eas d\u00e9cadas por mais de 250 t\u00e9cnicos qualificados localizados em diferentes \u00e1reas geogr\u00e1ficas, conseguiu:AGREGAR esfor\u00e7os, conhecimento, treinamento e experi\u00eancia para oferecer o melhor servi\u00e7o t\u00e9cnico especializado.OBTER da soma de experi\u00eancias e [&hellip;]","og_url":"https:\/\/www.criteriaclaims.com\/pt-br\/historia\/","og_site_name":"Criteria | Insurance Claims &amp; Loss Adjusters","article_modified_time":"2021-08-13T13:48:23+00:00","twitter_card":"summary_large_image","twitter_misc":{"Est. tempo de leitura":"6 minutos"},"schema":{"@context":"https:\/\/schema.org","@graph":[{"@type":"WebPage","@id":"https:\/\/www.criteriaclaims.com\/pt-br\/historia\/","url":"https:\/\/www.criteriaclaims.com\/pt-br\/historia\/","name":"Hist\u00f3ria - Criteria | Insurance Claims &amp; Loss Adjusters","isPartOf":{"@id":"https:\/\/www.criteriaclaims.com\/pt-br\/#website"},"datePublished":"2021-08-10T12:58:53+00:00","dateModified":"2021-08-13T13:48:23+00:00","breadcrumb":{"@id":"https:\/\/www.criteriaclaims.com\/pt-br\/historia\/#breadcrumb"},"inLanguage":"pt-BR","potentialAction":[{"@type":"ReadAction","target":["https:\/\/www.criteriaclaims.com\/pt-br\/historia\/"]}]},{"@type":"BreadcrumbList","@id":"https:\/\/www.criteriaclaims.com\/pt-br\/historia\/#breadcrumb","itemListElement":[{"@type":"ListItem","position":1,"name":"Portada","item":"https:\/\/www.criteriaclaims.com\/pt-br\/"},{"@type":"ListItem","position":2,"name":"Hist\u00f3ria"}]},{"@type":"WebSite","@id":"https:\/\/www.criteriaclaims.com\/pt-br\/#website","url":"https:\/\/www.criteriaclaims.com\/pt-br\/","name":"Criteria | Insurance Claims &amp; Loss Adjusters","description":"Gabinete t\u00e9cnico pericial","potentialAction":[{"@type":"SearchAction","target":{"@type":"EntryPoint","urlTemplate":"https:\/\/www.criteriaclaims.com\/pt-br\/?s={search_term_string}"},"query-input":{"@type":"PropertyValueSpecification","valueRequired":true,"valueName":"search_term_string"}}],"inLanguage":"pt-BR"}]}},"_links":{"self":[{"href":"https:\/\/www.criteriaclaims.com\/pt-br\/wp-json\/wp\/v2\/pages\/4846","targetHints":{"allow":["GET"]}}],"collection":[{"href":"https:\/\/www.criteriaclaims.com\/pt-br\/wp-json\/wp\/v2\/pages"}],"about":[{"href":"https:\/\/www.criteriaclaims.com\/pt-br\/wp-json\/wp\/v2\/types\/page"}],"author":[{"embeddable":true,"href":"https:\/\/www.criteriaclaims.com\/pt-br\/wp-json\/wp\/v2\/users\/1"}],"replies":[{"embeddable":true,"href":"https:\/\/www.criteriaclaims.com\/pt-br\/wp-json\/wp\/v2\/comments?post=4846"}],"version-history":[{"count":12,"href":"https:\/\/www.criteriaclaims.com\/pt-br\/wp-json\/wp\/v2\/pages\/4846\/revisions"}],"predecessor-version":[{"id":5240,"href":"https:\/\/www.criteriaclaims.com\/pt-br\/wp-json\/wp\/v2\/pages\/4846\/revisions\/5240"}],"wp:attachment":[{"href":"https:\/\/www.criteriaclaims.com\/pt-br\/wp-json\/wp\/v2\/media?parent=4846"}],"curies":[{"name":"wp","href":"https:\/\/api.w.org\/{rel}","templated":true}]}}