{"id":4885,"date":"2021-08-10T19:08:19","date_gmt":"2021-08-10T17:08:19","guid":{"rendered":"https:\/\/www.criteriaclaims.com\/peritagens-criteria\/"},"modified":"2021-08-10T19:08:25","modified_gmt":"2021-08-10T17:08:25","slug":"peritagens-criteria","status":"publish","type":"page","link":"https:\/\/www.criteriaclaims.com\/pt-br\/peritagens-criteria\/","title":{"rendered":"Peritagens"},"content":{"rendered":"<p>[et_pb_section fb_built=&#8221;1&#8243; _builder_version=&#8221;3.22.3&#8243; background_color_gradient_direction=&#8221;221deg&#8221; background_image=&#8221;https:\/\/www.criteriaclaims.com\/wp-content\/uploads\/2019\/03\/peritaciones2.jpg&#8221;][et_pb_row _builder_version=&#8221;3.25&#8243;][et_pb_column type=&#8221;4_4&#8243; _builder_version=&#8221;3.25&#8243; custom_padding=&#8221;|||&#8221; custom_padding__hover=&#8221;|||&#8221;][et_pb_image src=&#8221;https:\/\/www.criteriaclaims.com\/wp-content\/uploads\/2019\/03\/peritaciones2.svg&#8221; show_bottom_space=&#8221;off&#8221; align=&#8221;center&#8221; align_tablet=&#8221;center&#8221; align_last_edited=&#8221;on|desktop&#8221; _builder_version=&#8221;3.25.2&#8243; custom_margin=&#8221;||-14px&#8221; custom_margin_last_edited=&#8221;on|phone&#8221; custom_padding=&#8221;||&#8221; filter_brightness=&#8221;0%&#8221; filter_contrast=&#8221;200%&#8221; filter_invert=&#8221;100%&#8221; filter_opacity=&#8221;37%&#8221;][\/et_pb_image][et_pb_text _builder_version=&#8221;3.25.2&#8243; text_font=&#8221;||||||||&#8221; header_font=&#8221;Noto Serif|700|||||||&#8221; header_text_align=&#8221;center&#8221; header_text_color=&#8221;rgba(255,255,255,0.37)&#8221; header_font_size=&#8221;90px&#8221; header_line_height=&#8221;1.1em&#8221; header_2_font=&#8221;||||||||&#8221; header_3_font=&#8221;||||||||&#8221; header_4_font=&#8221;||||||||&#8221; custom_margin=&#8221;16px||&#8221; header_font_size_tablet=&#8221;53px&#8221; header_font_size_phone=&#8221;30px&#8221; header_font_size_last_edited=&#8221;on|phone&#8221;]<\/p>\n<h1>Peritagens<\/h1>\n<p>[\/et_pb_text][\/et_pb_column][\/et_pb_row][\/et_pb_section][et_pb_section fb_built=&#8221;1&#8243; _builder_version=&#8221;3.22.3&#8243;][et_pb_row custom_padding=&#8221;27px|0px|27px|55px|false|false&#8221; custom_padding_tablet=&#8221;|||0px&#8221; custom_padding_phone=&#8221;|||0px&#8221; custom_padding_last_edited=&#8221;on|desktop&#8221; _builder_version=&#8221;3.25&#8243;][et_pb_column type=&#8221;4_4&#8243; _builder_version=&#8221;3.25&#8243; custom_padding=&#8221;|||&#8221; custom_padding__hover=&#8221;|||&#8221;][et_pb_text _builder_version=&#8221;3.19.17&#8243; text_font=&#8221;Raleway|600|||||||&#8221; text_text_color=&#8221;#4c565c&#8221; text_font_size=&#8221;20px&#8221; text_line_height=&#8221;1.8em&#8221;]<\/p>\n<p>A expertise em todas as \u00e1reas de seguros \u00e9 a principal atividade em torno da qual gira toda a proposta de servi\u00e7o da Criteria. A experi\u00eancia de d\u00e9cadas e o profissionalismo dos nossos <strong>mais de 250 t\u00e9cnicos especialistas qualificados<\/strong> garantem aos nossos clientes o melhor n\u00edvel de qualidade e servi\u00e7o.<\/p>\n<p>[\/et_pb_text][\/et_pb_column][\/et_pb_row][\/et_pb_section][et_pb_section fb_built=&#8221;1&#8243; custom_padding_last_edited=&#8221;on|desktop&#8221; _builder_version=&#8221;3.22.3&#8243; background_color=&#8221;#f4f4f4&#8243; custom_padding=&#8221;45px|0px|37px|0px|false|false&#8221; custom_padding_tablet=&#8221;14px||0px&#8221; custom_padding_phone=&#8221;14px||0px&#8221;][et_pb_row use_custom_gutter=&#8221;on&#8221; gutter_width=&#8221;1&#8243; custom_padding=&#8221;|50px||50px|false|false&#8221; custom_margin=&#8221;||&#8221; module_class=&#8221; et_pb_row_fullwidth&#8221; _builder_version=&#8221;3.25&#8243; background_size=&#8221;initial&#8221; background_position=&#8221;top_left&#8221; background_repeat=&#8221;repeat&#8221; width=&#8221;100%&#8221; width_tablet=&#8221;100%&#8221; width_last_edited=&#8221;on|desktop&#8221; max_width=&#8221;100%&#8221; max_width_tablet=&#8221;100%&#8221; max_width_last_edited=&#8221;on|desktop&#8221; make_fullwidth=&#8221;on&#8221; column_structure=&#8221;1_5,3_5,1_5&#8243;][et_pb_column type=&#8221;1_5&#8243; _builder_version=&#8221;3.25&#8243; custom_padding=&#8221;|||&#8221; custom_padding__hover=&#8221;|||&#8221;][\/et_pb_column][et_pb_column type=&#8221;3_5&#8243; _builder_version=&#8221;3.25&#8243; use_background_color_gradient=&#8221;on&#8221; background_color_gradient_start=&#8221;#29628a&#8221; background_color_gradient_end=&#8221;#75b3d0&#8243; background_color_gradient_direction=&#8221;221deg&#8221; background_color_gradient_start_position=&#8221;20%&#8221; background_color_gradient_end_position=&#8221;60%&#8221; custom_padding=&#8221;|||&#8221; custom_padding__hover=&#8221;|||&#8221;][et_pb_text _builder_version=&#8221;3.19.17&#8243; text_font=&#8221;||||||||&#8221; header_font=&#8221;Noto Serif|700|||||||&#8221; header_font_size=&#8221;35px&#8221; background_color=&#8221;#f4f4f4&#8243; text_orientation=&#8221;center&#8221; custom_padding=&#8221;||&#8221; mix_blend_mode=&#8221;lighten&#8221; header_font_size_tablet=&#8221;30px&#8221; header_font_size_phone=&#8221;29px&#8221; header_font_size_last_edited=&#8221;on|phone&#8221;]<\/p>\n<h1>Servi\u00e7os especializados<\/h1>\n<p>[\/et_pb_text][\/et_pb_column][et_pb_column type=&#8221;1_5&#8243; _builder_version=&#8221;3.25&#8243; custom_padding=&#8221;|||&#8221; custom_padding__hover=&#8221;|||&#8221;][\/et_pb_column][\/et_pb_row][\/et_pb_section][et_pb_section fb_built=&#8221;1&#8243; admin_label=&#8221;Service Details Section&#8221; _builder_version=&#8221;3.22.3&#8243; background_color=&#8221;#4c565c&#8221; custom_padding=&#8221;42px|0px|30px|0px|false|false&#8221; top_divider_style=&#8221;triangle&#8221; top_divider_color=&#8221;#f4f4f4&#8243; top_divider_height=&#8221;23px&#8221; top_divider_flip=&#8221;vertical&#8221;][et_pb_row use_custom_gutter=&#8221;on&#8221; gutter_width=&#8221;1&#8243; custom_padding=&#8221;27px|43px|0|54px|false|false&#8221; custom_padding_tablet=&#8221;9px|0px|0px|0px&#8221; custom_padding_phone=&#8221;9px|0px||0px&#8221; custom_margin=&#8221;|||&#8221; custom_padding_last_edited=&#8221;on|desktop&#8221; admin_label=&#8221;Service Checklist Row&#8221; _builder_version=&#8221;3.25&#8243; custom_margin_tablet=&#8221;30px||14px|80px&#8221; custom_margin_phone=&#8221;|50px|14px|50px&#8221; custom_margin_last_edited=&#8221;on|desktop&#8221; column_structure=&#8221;1_4,1_4,1_4,1_4&#8243;][et_pb_column type=&#8221;1_4&#8243; _builder_version=&#8221;3.25&#8243; custom_padding=&#8221;|||&#8221; custom_padding__hover=&#8221;|||&#8221;][et_pb_text _builder_version=&#8221;3.19.17&#8243; text_font=&#8221;Raleway|600|||||||&#8221; text_font_size=&#8221;16px&#8221; text_line_height=&#8221;0em&#8221; ul_font=&#8221;Raleway|300|||||||&#8221; ul_text_color=&#8221;#ffffff&#8221; ul_font_size=&#8221;19px&#8221; header_font=&#8221;||||||||&#8221; custom_margin=&#8221;|||&#8221; custom_margin_tablet=&#8221;30px|0px|0px|0px&#8221; custom_margin_phone=&#8221;30px|90px|-50px|0px&#8221; custom_margin_last_edited=&#8221;on|phone&#8221; custom_padding=&#8221;|7px||23px&#8221; custom_padding_tablet=&#8221;|||0px&#8221; custom_padding_phone=&#8221;|7px||&#8221; custom_padding_last_edited=&#8221;on|phone&#8221;]<\/p>\n<ul>\n<li>Avalia\u00e7\u00e3o remota<\/li>\n<li>Avalia\u00e7\u00e3o presencial<\/li>\n<li>Avalia\u00e7\u00e3o de documentos de Riscos e Ramos diversos e inc\u00eandios<\/li>\n<\/ul>\n<p>[\/et_pb_text][\/et_pb_column][et_pb_column type=&#8221;1_4&#8243; _builder_version=&#8221;3.25&#8243; custom_padding=&#8221;|||&#8221; custom_padding_tablet=&#8221;|||0px&#8221; custom_padding_last_edited=&#8221;on|phone&#8221; custom_padding__hover=&#8221;|||&#8221;][et_pb_text _builder_version=&#8221;3.19.17&#8243; text_font=&#8221;Raleway|600|||||||&#8221; text_font_size=&#8221;16px&#8221; text_line_height=&#8221;0em&#8221; ul_font=&#8221;Raleway|300|||||||&#8221; ul_text_color=&#8221;#ffffff&#8221; ul_font_size=&#8221;19px&#8221; header_font=&#8221;||||||||&#8221; custom_margin=&#8221;|||&#8221; custom_margin_tablet=&#8221;29px|0px|0px|0px&#8221; custom_margin_phone=&#8221;30px||-50px|0px&#8221; custom_margin_last_edited=&#8221;on|tablet&#8221; custom_padding=&#8221;|7px||23px&#8221; custom_padding_tablet=&#8221;||0px|0px&#8221; custom_padding_phone=&#8221;|7px||&#8221; custom_padding_last_edited=&#8221;on|tablet&#8221;]<\/p>\n<ul>\n<li>Furto e roubo<\/li>\n<li>Danos materiais <\/li>\n<li>Les\u00e3o corporal (les\u00e3o)<\/li>\n<\/ul>\n<p>[\/et_pb_text][\/et_pb_column][et_pb_column type=&#8221;1_4&#8243; _builder_version=&#8221;3.25&#8243; custom_padding=&#8221;|||&#8221; custom_padding__hover=&#8221;|||&#8221;][et_pb_text _builder_version=&#8221;3.19.17&#8243; text_font=&#8221;Raleway|600|||||||&#8221; text_font_size=&#8221;16px&#8221; text_line_height=&#8221;0em&#8221; ul_font=&#8221;Raleway|300|||||||&#8221; ul_text_color=&#8221;#ffffff&#8221; ul_font_size=&#8221;19px&#8221; header_font=&#8221;||||||||&#8221; custom_margin=&#8221;|-27px||&#8221; custom_margin_tablet=&#8221;-20px|0px|0px|0px&#8221; custom_margin_phone=&#8221;30px||-50px|0px&#8221; custom_margin_last_edited=&#8221;on|tablet&#8221; custom_padding=&#8221;|41px||23px&#8221; custom_padding_tablet=&#8221;|||0px&#8221; custom_padding_phone=&#8221;|7px||&#8221; custom_padding_last_edited=&#8221;on|phone&#8221;]<\/p>\n<ul>\n<li>Danos materiais<\/li>\n<li>Perda de lucros<\/li>\n<li>Recupera\u00e7\u00e3o de ativos<\/li>\n<\/ul>\n<p>[\/et_pb_text][\/et_pb_column][et_pb_column type=&#8221;1_4&#8243; _builder_version=&#8221;3.25&#8243; custom_padding=&#8221;|||&#8221; custom_padding__hover=&#8221;|||&#8221;][et_pb_text _builder_version=&#8221;3.19.17&#8243; text_font=&#8221;Raleway|600|||||||&#8221; text_font_size=&#8221;16px&#8221; text_line_height=&#8221;0em&#8221; ul_font=&#8221;Raleway|300|||||||&#8221; ul_text_color=&#8221;#ffffff&#8221; ul_font_size=&#8221;19px&#8221; header_font=&#8221;||||||||&#8221; custom_margin=&#8221;|-200px||&#8221; custom_margin_tablet=&#8221;-44px|0px|0px|0px&#8221; custom_margin_phone=&#8221;30px||0px|0px&#8221; custom_margin_last_edited=&#8221;on|phone&#8221; custom_padding=&#8221;|41px||23px&#8221; custom_padding_tablet=&#8221;|||0px&#8221; custom_padding_phone=&#8221;|7px||&#8221; custom_padding_last_edited=&#8221;on|phone&#8221;]<\/p>\n<ul>\n<li>Valoriza\u00e7\u00e3o<\/li>\n<li>Meio ambiente<\/li>\n<li>Responsabilidade civil<\/li>\n<\/ul>\n<p>[\/et_pb_text][\/et_pb_column][\/et_pb_row][\/et_pb_section][et_pb_section fb_built=&#8221;1&#8243; _builder_version=&#8221;3.22.3&#8243;][et_pb_row custom_padding=&#8221;27px|0px|27px|0|false|false&#8221; _builder_version=&#8221;3.25&#8243;][et_pb_column type=&#8221;4_4&#8243; _builder_version=&#8221;3.25&#8243; custom_padding=&#8221;|||&#8221; custom_padding__hover=&#8221;|||&#8221;][et_pb_text _builder_version=&#8221;3.19.17&#8243; text_font=&#8221;Raleway||||||||&#8221; text_font_size=&#8221;18px&#8221; text_line_height=&#8221;1.8em&#8221;]<\/p>\n<p>Servi\u00e7os t\u00e9cnicos especializados em casos submetidos ao financiamento de lit\u00edgios, prestando nossa assist\u00eancia t\u00e9cnica desde o primeiro momento do ciclo do processo de an\u00e1lise de casos at\u00e9 o momento em que as reivindica\u00e7\u00f5es devam ser implementadas e formalizadas e credenciadas.<\/p>\n<p>[\/et_pb_text][\/et_pb_column][\/et_pb_row][\/et_pb_section]<\/p>\n","protected":false},"excerpt":{"rendered":"<p>Peritagens A expertise em todas as \u00e1reas de seguros \u00e9 a principal atividade em torno da qual gira toda a proposta de servi\u00e7o da Criteria. A experi\u00eancia de d\u00e9cadas e o profissionalismo dos nossos mais de 250 t\u00e9cnicos especialistas qualificados garantem aos nossos clientes o melhor n\u00edvel de qualidade e servi\u00e7o.Servi\u00e7os especializados Avalia\u00e7\u00e3o remota Avalia\u00e7\u00e3o [&hellip;]<\/p>\n","protected":false},"author":1,"featured_media":0,"parent":0,"menu_order":0,"comment_status":"closed","ping_status":"closed","template":"","meta":{"_et_pb_use_builder":"on","_et_pb_old_content":"","_et_gb_content_width":"","inline_featured_image":false,"footnotes":""},"class_list":["post-4885","page","type-page","status-publish","hentry"],"yoast_head":"<!-- This site is optimized with the Yoast SEO plugin v26.8 - https:\/\/yoast.com\/product\/yoast-seo-wordpress\/ -->\n<title>Peritagens - Criteria | Insurance Claims &amp; Loss Adjusters<\/title>\n<meta name=\"robots\" content=\"index, follow, max-snippet:-1, max-image-preview:large, max-video-preview:-1\" \/>\n<link rel=\"canonical\" href=\"https:\/\/www.criteriaclaims.com\/pt-br\/peritagens-criteria\/\" \/>\n<meta property=\"og:locale\" content=\"pt_BR\" \/>\n<meta property=\"og:type\" content=\"article\" \/>\n<meta property=\"og:title\" content=\"Peritagens - Criteria | Insurance Claims &amp; Loss Adjusters\" \/>\n<meta property=\"og:description\" content=\"Peritagens A expertise em todas as \u00e1reas de seguros \u00e9 a principal atividade em torno da qual gira toda a proposta de servi\u00e7o da Criteria. A experi\u00eancia de d\u00e9cadas e o profissionalismo dos nossos mais de 250 t\u00e9cnicos especialistas qualificados garantem aos nossos clientes o melhor n\u00edvel de qualidade e servi\u00e7o.Servi\u00e7os especializados Avalia\u00e7\u00e3o remota Avalia\u00e7\u00e3o [&hellip;]\" \/>\n<meta property=\"og:url\" content=\"https:\/\/www.criteriaclaims.com\/pt-br\/peritagens-criteria\/\" \/>\n<meta property=\"og:site_name\" content=\"Criteria | Insurance Claims &amp; Loss Adjusters\" \/>\n<meta property=\"article:modified_time\" content=\"2021-08-10T17:08:25+00:00\" \/>\n<meta name=\"twitter:card\" content=\"summary_large_image\" \/>\n<meta name=\"twitter:label1\" content=\"Est. tempo de leitura\" \/>\n\t<meta name=\"twitter:data1\" content=\"6 minutos\" \/>\n<script type=\"application\/ld+json\" class=\"yoast-schema-graph\">{\"@context\":\"https:\/\/schema.org\",\"@graph\":[{\"@type\":\"WebPage\",\"@id\":\"https:\/\/www.criteriaclaims.com\/pt-br\/peritagens-criteria\/\",\"url\":\"https:\/\/www.criteriaclaims.com\/pt-br\/peritagens-criteria\/\",\"name\":\"Peritagens - Criteria | Insurance Claims &amp; Loss Adjusters\",\"isPartOf\":{\"@id\":\"https:\/\/www.criteriaclaims.com\/pt-br\/#website\"},\"datePublished\":\"2021-08-10T17:08:19+00:00\",\"dateModified\":\"2021-08-10T17:08:25+00:00\",\"breadcrumb\":{\"@id\":\"https:\/\/www.criteriaclaims.com\/pt-br\/peritagens-criteria\/#breadcrumb\"},\"inLanguage\":\"pt-BR\",\"potentialAction\":[{\"@type\":\"ReadAction\",\"target\":[\"https:\/\/www.criteriaclaims.com\/pt-br\/peritagens-criteria\/\"]}]},{\"@type\":\"BreadcrumbList\",\"@id\":\"https:\/\/www.criteriaclaims.com\/pt-br\/peritagens-criteria\/#breadcrumb\",\"itemListElement\":[{\"@type\":\"ListItem\",\"position\":1,\"name\":\"Portada\",\"item\":\"https:\/\/www.criteriaclaims.com\/pt-br\/\"},{\"@type\":\"ListItem\",\"position\":2,\"name\":\"Peritagens\"}]},{\"@type\":\"WebSite\",\"@id\":\"https:\/\/www.criteriaclaims.com\/pt-br\/#website\",\"url\":\"https:\/\/www.criteriaclaims.com\/pt-br\/\",\"name\":\"Criteria | Insurance Claims &amp; Loss Adjusters\",\"description\":\"Gabinete t\u00e9cnico pericial\",\"potentialAction\":[{\"@type\":\"SearchAction\",\"target\":{\"@type\":\"EntryPoint\",\"urlTemplate\":\"https:\/\/www.criteriaclaims.com\/pt-br\/?s={search_term_string}\"},\"query-input\":{\"@type\":\"PropertyValueSpecification\",\"valueRequired\":true,\"valueName\":\"search_term_string\"}}],\"inLanguage\":\"pt-BR\"}]}<\/script>\n<!-- \/ Yoast SEO plugin. -->","yoast_head_json":{"title":"Peritagens - Criteria | Insurance Claims &amp; Loss Adjusters","robots":{"index":"index","follow":"follow","max-snippet":"max-snippet:-1","max-image-preview":"max-image-preview:large","max-video-preview":"max-video-preview:-1"},"canonical":"https:\/\/www.criteriaclaims.com\/pt-br\/peritagens-criteria\/","og_locale":"pt_BR","og_type":"article","og_title":"Peritagens - Criteria | Insurance Claims &amp; Loss Adjusters","og_description":"Peritagens A expertise em todas as \u00e1reas de seguros \u00e9 a principal atividade em torno da qual gira toda a proposta de servi\u00e7o da Criteria. A experi\u00eancia de d\u00e9cadas e o profissionalismo dos nossos mais de 250 t\u00e9cnicos especialistas qualificados garantem aos nossos clientes o melhor n\u00edvel de qualidade e servi\u00e7o.Servi\u00e7os especializados Avalia\u00e7\u00e3o remota Avalia\u00e7\u00e3o [&hellip;]","og_url":"https:\/\/www.criteriaclaims.com\/pt-br\/peritagens-criteria\/","og_site_name":"Criteria | Insurance Claims &amp; Loss Adjusters","article_modified_time":"2021-08-10T17:08:25+00:00","twitter_card":"summary_large_image","twitter_misc":{"Est. tempo de leitura":"6 minutos"},"schema":{"@context":"https:\/\/schema.org","@graph":[{"@type":"WebPage","@id":"https:\/\/www.criteriaclaims.com\/pt-br\/peritagens-criteria\/","url":"https:\/\/www.criteriaclaims.com\/pt-br\/peritagens-criteria\/","name":"Peritagens - Criteria | Insurance Claims &amp; Loss Adjusters","isPartOf":{"@id":"https:\/\/www.criteriaclaims.com\/pt-br\/#website"},"datePublished":"2021-08-10T17:08:19+00:00","dateModified":"2021-08-10T17:08:25+00:00","breadcrumb":{"@id":"https:\/\/www.criteriaclaims.com\/pt-br\/peritagens-criteria\/#breadcrumb"},"inLanguage":"pt-BR","potentialAction":[{"@type":"ReadAction","target":["https:\/\/www.criteriaclaims.com\/pt-br\/peritagens-criteria\/"]}]},{"@type":"BreadcrumbList","@id":"https:\/\/www.criteriaclaims.com\/pt-br\/peritagens-criteria\/#breadcrumb","itemListElement":[{"@type":"ListItem","position":1,"name":"Portada","item":"https:\/\/www.criteriaclaims.com\/pt-br\/"},{"@type":"ListItem","position":2,"name":"Peritagens"}]},{"@type":"WebSite","@id":"https:\/\/www.criteriaclaims.com\/pt-br\/#website","url":"https:\/\/www.criteriaclaims.com\/pt-br\/","name":"Criteria | Insurance Claims &amp; Loss Adjusters","description":"Gabinete t\u00e9cnico pericial","potentialAction":[{"@type":"SearchAction","target":{"@type":"EntryPoint","urlTemplate":"https:\/\/www.criteriaclaims.com\/pt-br\/?s={search_term_string}"},"query-input":{"@type":"PropertyValueSpecification","valueRequired":true,"valueName":"search_term_string"}}],"inLanguage":"pt-BR"}]}},"_links":{"self":[{"href":"https:\/\/www.criteriaclaims.com\/pt-br\/wp-json\/wp\/v2\/pages\/4885","targetHints":{"allow":["GET"]}}],"collection":[{"href":"https:\/\/www.criteriaclaims.com\/pt-br\/wp-json\/wp\/v2\/pages"}],"about":[{"href":"https:\/\/www.criteriaclaims.com\/pt-br\/wp-json\/wp\/v2\/types\/page"}],"author":[{"embeddable":true,"href":"https:\/\/www.criteriaclaims.com\/pt-br\/wp-json\/wp\/v2\/users\/1"}],"replies":[{"embeddable":true,"href":"https:\/\/www.criteriaclaims.com\/pt-br\/wp-json\/wp\/v2\/comments?post=4885"}],"version-history":[{"count":7,"href":"https:\/\/www.criteriaclaims.com\/pt-br\/wp-json\/wp\/v2\/pages\/4885\/revisions"}],"predecessor-version":[{"id":4892,"href":"https:\/\/www.criteriaclaims.com\/pt-br\/wp-json\/wp\/v2\/pages\/4885\/revisions\/4892"}],"wp:attachment":[{"href":"https:\/\/www.criteriaclaims.com\/pt-br\/wp-json\/wp\/v2\/media?parent=4885"}],"curies":[{"name":"wp","href":"https:\/\/api.w.org\/{rel}","templated":true}]}}