{"id":4903,"date":"2021-08-10T19:35:11","date_gmt":"2021-08-10T17:35:11","guid":{"rendered":"https:\/\/www.criteriaclaims.com\/inspecao-controle-e-avaliacao-de-riscos\/"},"modified":"2021-08-10T19:35:14","modified_gmt":"2021-08-10T17:35:14","slug":"inspecao-controle-e-avaliacao-de-riscos","status":"publish","type":"page","link":"https:\/\/www.criteriaclaims.com\/pt-br\/inspecao-controle-e-avaliacao-de-riscos\/","title":{"rendered":"Inspe\u00e7\u00e3o, Controle e Avalia\u00e7\u00e3o de Riscos"},"content":{"rendered":"<p>[et_pb_section fb_built=&#8221;1&#8243; _builder_version=&#8221;3.22.3&#8243; background_color_gradient_direction=&#8221;221deg&#8221; background_image=&#8221;https:\/\/www.criteriaclaims.com\/wp-content\/uploads\/2019\/03\/riesgos.jpg&#8221;][et_pb_row custom_padding=&#8221;|33px||33px&#8221; _builder_version=&#8221;3.25&#8243;][et_pb_column type=&#8221;4_4&#8243; _builder_version=&#8221;3.25&#8243; custom_padding=&#8221;|||&#8221; custom_padding__hover=&#8221;|||&#8221;][et_pb_image src=&#8221;https:\/\/www.criteriaclaims.com\/wp-content\/uploads\/2019\/03\/inspeccion.svg&#8221; show_bottom_space=&#8221;off&#8221; align=&#8221;center&#8221; align_tablet=&#8221;center&#8221; align_last_edited=&#8221;on|desktop&#8221; _builder_version=&#8221;3.25.2&#8243; custom_margin=&#8221;||-14px&#8221; custom_margin_last_edited=&#8221;on|phone&#8221; custom_padding=&#8221;||&#8221; filter_brightness=&#8221;0%&#8221; filter_contrast=&#8221;200%&#8221; filter_invert=&#8221;100%&#8221; filter_opacity=&#8221;37%&#8221;][\/et_pb_image][et_pb_text _builder_version=&#8221;3.25.2&#8243; text_font=&#8221;||||||||&#8221; header_font=&#8221;Noto Serif|700|||||||&#8221; header_text_align=&#8221;center&#8221; header_text_color=&#8221;rgba(255,255,255,0.37)&#8221; header_font_size=&#8221;90px&#8221; header_2_font=&#8221;||||||||&#8221; box_shadow_position=&#8221;outer&#8221; custom_margin=&#8221;24px||&#8221; header_font_size_tablet=&#8221;53px&#8221; header_font_size_phone=&#8221;30px&#8221; header_font_size_last_edited=&#8221;on|phone&#8221;]<\/p>\n<h1>inspe\u00e7\u00e3o, controle e avalia\u00e7\u00e3o de riscos<\/h1>\n<p>[\/et_pb_text][\/et_pb_column][\/et_pb_row][\/et_pb_section][et_pb_section fb_built=&#8221;1&#8243; _builder_version=&#8221;3.22.3&#8243;][et_pb_row custom_padding=&#8221;27px|0px|27px|55px|false|false&#8221; custom_padding_tablet=&#8221;|||0px&#8221; custom_padding_phone=&#8221;|||0px&#8221; custom_padding_last_edited=&#8221;on|desktop&#8221; _builder_version=&#8221;3.25&#8243;][et_pb_column type=&#8221;4_4&#8243; _builder_version=&#8221;3.25&#8243; custom_padding=&#8221;|||&#8221; custom_padding__hover=&#8221;|||&#8221;][et_pb_text _builder_version=&#8221;3.19.17&#8243; text_font=&#8221;Raleway|600|||||||&#8221; text_text_color=&#8221;#4c565c&#8221; text_font_size=&#8221;20px&#8221; text_line_height=&#8221;1.8em&#8221;]<\/p>\n<p>Experi\u00eancia e treinamento para adaptar, com absoluta flexibilidade, diferentes n\u00edveis de inspe\u00e7\u00e3o adequados \u00e0s necessidades dos clientes, desde controles simples de continuidade, medi\u00e7\u00f5es e adequa\u00e7\u00e3o de risco at\u00e9 an\u00e1lises profundas e particularizadas de todos os tipos de atividades.<\/p>\n<p>[\/et_pb_text][\/et_pb_column][\/et_pb_row][\/et_pb_section][et_pb_section fb_built=&#8221;1&#8243; custom_padding_last_edited=&#8221;on|desktop&#8221; _builder_version=&#8221;3.22.3&#8243; background_color=&#8221;#f4f4f4&#8243; custom_padding=&#8221;45px|0px|37px|0px|false|false&#8221; custom_padding_tablet=&#8221;14px||0px&#8221; custom_padding_phone=&#8221;14px||0px&#8221;][et_pb_row column_structure=&#8221;1_5,3_5,1_5&#8243; use_custom_gutter=&#8221;on&#8221; gutter_width=&#8221;1&#8243; custom_padding=&#8221;|50px||50px|false|false&#8221; custom_margin=&#8221;||&#8221; module_class=&#8221; et_pb_row_fullwidth&#8221; _builder_version=&#8221;3.25&#8243; background_size=&#8221;initial&#8221; background_position=&#8221;top_left&#8221; background_repeat=&#8221;repeat&#8221; width=&#8221;100%&#8221; width_tablet=&#8221;100%&#8221; width_last_edited=&#8221;on|desktop&#8221; max_width=&#8221;100%&#8221; max_width_tablet=&#8221;100%&#8221; max_width_last_edited=&#8221;on|desktop&#8221; make_fullwidth=&#8221;on&#8221;][et_pb_column type=&#8221;1_5&#8243; _builder_version=&#8221;3.25&#8243; custom_padding=&#8221;|||&#8221; custom_padding__hover=&#8221;|||&#8221;][\/et_pb_column][et_pb_column type=&#8221;3_5&#8243; _builder_version=&#8221;3.25&#8243; use_background_color_gradient=&#8221;on&#8221; background_color_gradient_start=&#8221;#29628a&#8221; background_color_gradient_end=&#8221;#75b3d0&#8243; background_color_gradient_direction=&#8221;221deg&#8221; background_color_gradient_start_position=&#8221;20%&#8221; background_color_gradient_end_position=&#8221;60%&#8221; custom_padding=&#8221;|||&#8221; custom_padding__hover=&#8221;|||&#8221;][et_pb_text _builder_version=&#8221;3.19.17&#8243; text_font=&#8221;||||||||&#8221; header_font=&#8221;Noto Serif|700|||||||&#8221; header_font_size=&#8221;35px&#8221; background_color=&#8221;#f4f4f4&#8243; text_orientation=&#8221;center&#8221; custom_padding=&#8221;||&#8221; mix_blend_mode=&#8221;lighten&#8221; header_font_size_tablet=&#8221;30px&#8221; header_font_size_phone=&#8221;29px&#8221; header_font_size_last_edited=&#8221;on|phone&#8221;]<\/p>\n<h1>Servi\u00e7os de Inspe\u00e7\u00e3o e Controle de Riscos<\/h1>\n<p>[\/et_pb_text][\/et_pb_column][et_pb_column type=&#8221;1_5&#8243; _builder_version=&#8221;3.25&#8243; custom_padding=&#8221;|||&#8221; custom_padding__hover=&#8221;|||&#8221;][\/et_pb_column][\/et_pb_row][\/et_pb_section][et_pb_section fb_built=&#8221;1&#8243; admin_label=&#8221;Service Details Section&#8221; _builder_version=&#8221;3.22.3&#8243; background_color=&#8221;#4c565c&#8221; custom_padding=&#8221;42px|0px|30px|0px|false|false&#8221; top_divider_style=&#8221;triangle&#8221; top_divider_color=&#8221;#f4f4f4&#8243; top_divider_height=&#8221;23px&#8221; top_divider_flip=&#8221;vertical&#8221;][et_pb_row column_structure=&#8221;1_3,1_3,1_3&#8243; use_custom_gutter=&#8221;on&#8221; gutter_width=&#8221;1&#8243; custom_padding=&#8221;27px|43px|0|54px|false|false&#8221; custom_padding_tablet=&#8221;9px|0px|0px|0px&#8221; custom_padding_phone=&#8221;0px|0px||0px&#8221; custom_margin=&#8221;|||&#8221; custom_padding_last_edited=&#8221;on|phone&#8221; admin_label=&#8221;Service Checklist Row&#8221; _builder_version=&#8221;3.25&#8243; custom_margin_tablet=&#8221;31px||14px|80px&#8221; custom_margin_phone=&#8221;|50px|14px|50px&#8221; custom_margin_last_edited=&#8221;on|phone&#8221;][et_pb_column type=&#8221;1_3&#8243; _builder_version=&#8221;3.25&#8243; custom_padding=&#8221;0px|||&#8221; custom_padding__hover=&#8221;|||&#8221;][et_pb_text _builder_version=&#8221;3.19.17&#8243; text_font=&#8221;Raleway|600|||||||&#8221; text_font_size=&#8221;16px&#8221; text_line_height=&#8221;0em&#8221; ul_font=&#8221;Raleway|300|||||||&#8221; ul_text_color=&#8221;#ffffff&#8221; ul_font_size=&#8221;19px&#8221; header_font=&#8221;||||||||&#8221; custom_margin=&#8221;|||&#8221; custom_margin_tablet=&#8221;|0px|0px|0px&#8221; custom_margin_phone=&#8221;-4px||0px|0px&#8221; custom_margin_last_edited=&#8221;on|phone&#8221; custom_padding=&#8221;|||53px&#8221; custom_padding_tablet=&#8221;|||0px&#8221; custom_padding_phone=&#8221;|7px||&#8221; custom_padding_last_edited=&#8221;on|phone&#8221;]<\/p>\n<ul>\n<li>Medi\u00e7\u00e3o<\/li>\n<li>Inspe\u00e7\u00e3o pr\u00e9via de risco para todos os tipos de atividades<\/li>\n<li>C\u00e1lculo e valoriza\u00e7\u00e3o de ativos, im\u00f3veis, m\u00f3veis e m\u00e1quinas industriais, todos os tipos de instala\u00e7\u00f5es e m\u00e1quinas, perda de lucros, paralisa\u00e7\u00f5es e efeitos sobre processos<\/li>\n<\/ul>\n<p>[\/et_pb_text][\/et_pb_column][et_pb_column type=&#8221;1_3&#8243; _builder_version=&#8221;3.25&#8243; custom_padding=&#8221;|||&#8221; custom_padding_tablet=&#8221;|||0px&#8221; custom_padding_last_edited=&#8221;on|phone&#8221; custom_padding__hover=&#8221;|||&#8221;][et_pb_text _builder_version=&#8221;3.19.17&#8243; text_font=&#8221;Raleway|600|||||||&#8221; text_font_size=&#8221;16px&#8221; text_line_height=&#8221;0em&#8221; ul_font=&#8221;Raleway|300|||||||&#8221; ul_text_color=&#8221;#ffffff&#8221; ul_font_size=&#8221;19px&#8221; header_font=&#8221;||||||||&#8221; custom_margin=&#8221;|||&#8221; custom_margin_tablet=&#8221;-18px|0px|0px|0px&#8221; custom_margin_phone=&#8221;-18px||0px|0px&#8221; custom_margin_last_edited=&#8221;on|tablet&#8221; custom_padding=&#8221;|||53px&#8221; custom_padding_tablet=&#8221;|||0px&#8221; custom_padding_phone=&#8221;|7px||&#8221; custom_padding_last_edited=&#8221;on|phone&#8221;]<\/p>\n<ul>\n<li>C\u00e1lculo PML e EML<\/li>\n<li>Relat\u00f3rios de controle de instala\u00e7\u00f5es, seguran\u00e7a ativa e passiva, sistemas de armazenamento, planos de conting\u00eancia, sistemas de prote\u00e7\u00e3o anti-fogo e anti-intrus\u00e3o, termografia&#8230;<\/li>\n<li>An\u00e1lise de risco ambiental<\/li>\n<\/ul>\n<p>[\/et_pb_text][\/et_pb_column][et_pb_column type=&#8221;1_3&#8243; _builder_version=&#8221;3.25&#8243; custom_padding=&#8221;|||&#8221; custom_padding__hover=&#8221;|||&#8221;][et_pb_text _builder_version=&#8221;3.19.17&#8243; text_font=&#8221;Raleway|600|||||||&#8221; text_font_size=&#8221;16px&#8221; text_line_height=&#8221;0em&#8221; ul_font=&#8221;Raleway|300|||||||&#8221; ul_text_color=&#8221;#ffffff&#8221; ul_font_size=&#8221;19px&#8221; header_font=&#8221;||||||||&#8221; custom_margin=&#8221;||&#8221; custom_margin_tablet=&#8221;-18px||0px&#8221; custom_margin_phone=&#8221;-18px||&#8221; custom_margin_last_edited=&#8221;on|desktop&#8221; custom_padding=&#8221;|||26px&#8221; custom_padding_tablet=&#8221;0px|||0px&#8221; custom_padding_phone=&#8221;|7px|0px|0px&#8221; custom_padding_last_edited=&#8221;on|phone&#8221;]<\/p>\n<ul>\n<li>(&#8230;)<\/li>\n<li>Opera\u00e7\u00f5es especiais, projeto de carga, cabos submarinos, implementa\u00e7\u00f5es industriais, testes tecnol\u00f3gicos<\/li>\n<\/ul>\n<p>[\/et_pb_text][\/et_pb_column][\/et_pb_row][\/et_pb_section]<\/p>\n","protected":false},"excerpt":{"rendered":"<p>inspe\u00e7\u00e3o, controle e avalia\u00e7\u00e3o de riscos Experi\u00eancia e treinamento para adaptar, com absoluta flexibilidade, diferentes n\u00edveis de inspe\u00e7\u00e3o adequados \u00e0s necessidades dos clientes, desde controles simples de continuidade, medi\u00e7\u00f5es e adequa\u00e7\u00e3o de risco at\u00e9 an\u00e1lises profundas e particularizadas de todos os tipos de atividades.Servi\u00e7os de Inspe\u00e7\u00e3o e Controle de Riscos Medi\u00e7\u00e3o Inspe\u00e7\u00e3o pr\u00e9via de risco [&hellip;]<\/p>\n","protected":false},"author":1,"featured_media":0,"parent":0,"menu_order":0,"comment_status":"closed","ping_status":"closed","template":"","meta":{"_et_pb_use_builder":"on","_et_pb_old_content":"","_et_gb_content_width":"","inline_featured_image":false,"footnotes":""},"class_list":["post-4903","page","type-page","status-publish","hentry"],"yoast_head":"<!-- This site is optimized with the Yoast SEO plugin v26.8 - https:\/\/yoast.com\/product\/yoast-seo-wordpress\/ -->\n<title>Inspe\u00e7\u00e3o, Controle e Avalia\u00e7\u00e3o de Riscos - Criteria | Insurance Claims &amp; Loss Adjusters<\/title>\n<meta name=\"robots\" content=\"index, follow, max-snippet:-1, max-image-preview:large, max-video-preview:-1\" \/>\n<link rel=\"canonical\" href=\"https:\/\/www.criteriaclaims.com\/pt-br\/inspecao-controle-e-avaliacao-de-riscos\/\" \/>\n<meta property=\"og:locale\" content=\"pt_BR\" \/>\n<meta property=\"og:type\" content=\"article\" \/>\n<meta property=\"og:title\" content=\"Inspe\u00e7\u00e3o, Controle e Avalia\u00e7\u00e3o de Riscos - Criteria | Insurance Claims &amp; Loss Adjusters\" \/>\n<meta property=\"og:description\" content=\"inspe\u00e7\u00e3o, controle e avalia\u00e7\u00e3o de riscos Experi\u00eancia e treinamento para adaptar, com absoluta flexibilidade, diferentes n\u00edveis de inspe\u00e7\u00e3o adequados \u00e0s necessidades dos clientes, desde controles simples de continuidade, medi\u00e7\u00f5es e adequa\u00e7\u00e3o de risco at\u00e9 an\u00e1lises profundas e particularizadas de todos os tipos de atividades.Servi\u00e7os de Inspe\u00e7\u00e3o e Controle de Riscos Medi\u00e7\u00e3o Inspe\u00e7\u00e3o pr\u00e9via de risco [&hellip;]\" \/>\n<meta property=\"og:url\" content=\"https:\/\/www.criteriaclaims.com\/pt-br\/inspecao-controle-e-avaliacao-de-riscos\/\" \/>\n<meta property=\"og:site_name\" content=\"Criteria | Insurance Claims &amp; Loss Adjusters\" \/>\n<meta property=\"article:modified_time\" content=\"2021-08-10T17:35:14+00:00\" \/>\n<meta name=\"twitter:card\" content=\"summary_large_image\" \/>\n<meta name=\"twitter:label1\" content=\"Est. tempo de leitura\" \/>\n\t<meta name=\"twitter:data1\" content=\"5 minutos\" \/>\n<script type=\"application\/ld+json\" class=\"yoast-schema-graph\">{\"@context\":\"https:\/\/schema.org\",\"@graph\":[{\"@type\":\"WebPage\",\"@id\":\"https:\/\/www.criteriaclaims.com\/pt-br\/inspecao-controle-e-avaliacao-de-riscos\/\",\"url\":\"https:\/\/www.criteriaclaims.com\/pt-br\/inspecao-controle-e-avaliacao-de-riscos\/\",\"name\":\"Inspe\u00e7\u00e3o, Controle e Avalia\u00e7\u00e3o de Riscos - Criteria | Insurance Claims &amp; Loss Adjusters\",\"isPartOf\":{\"@id\":\"https:\/\/www.criteriaclaims.com\/pt-br\/#website\"},\"datePublished\":\"2021-08-10T17:35:11+00:00\",\"dateModified\":\"2021-08-10T17:35:14+00:00\",\"breadcrumb\":{\"@id\":\"https:\/\/www.criteriaclaims.com\/pt-br\/inspecao-controle-e-avaliacao-de-riscos\/#breadcrumb\"},\"inLanguage\":\"pt-BR\",\"potentialAction\":[{\"@type\":\"ReadAction\",\"target\":[\"https:\/\/www.criteriaclaims.com\/pt-br\/inspecao-controle-e-avaliacao-de-riscos\/\"]}]},{\"@type\":\"BreadcrumbList\",\"@id\":\"https:\/\/www.criteriaclaims.com\/pt-br\/inspecao-controle-e-avaliacao-de-riscos\/#breadcrumb\",\"itemListElement\":[{\"@type\":\"ListItem\",\"position\":1,\"name\":\"Portada\",\"item\":\"https:\/\/www.criteriaclaims.com\/pt-br\/\"},{\"@type\":\"ListItem\",\"position\":2,\"name\":\"Inspe\u00e7\u00e3o, Controle e Avalia\u00e7\u00e3o de Riscos\"}]},{\"@type\":\"WebSite\",\"@id\":\"https:\/\/www.criteriaclaims.com\/pt-br\/#website\",\"url\":\"https:\/\/www.criteriaclaims.com\/pt-br\/\",\"name\":\"Criteria | Insurance Claims &amp; Loss Adjusters\",\"description\":\"Gabinete t\u00e9cnico pericial\",\"potentialAction\":[{\"@type\":\"SearchAction\",\"target\":{\"@type\":\"EntryPoint\",\"urlTemplate\":\"https:\/\/www.criteriaclaims.com\/pt-br\/?s={search_term_string}\"},\"query-input\":{\"@type\":\"PropertyValueSpecification\",\"valueRequired\":true,\"valueName\":\"search_term_string\"}}],\"inLanguage\":\"pt-BR\"}]}<\/script>\n<!-- \/ Yoast SEO plugin. -->","yoast_head_json":{"title":"Inspe\u00e7\u00e3o, Controle e Avalia\u00e7\u00e3o de Riscos - Criteria | Insurance Claims &amp; Loss Adjusters","robots":{"index":"index","follow":"follow","max-snippet":"max-snippet:-1","max-image-preview":"max-image-preview:large","max-video-preview":"max-video-preview:-1"},"canonical":"https:\/\/www.criteriaclaims.com\/pt-br\/inspecao-controle-e-avaliacao-de-riscos\/","og_locale":"pt_BR","og_type":"article","og_title":"Inspe\u00e7\u00e3o, Controle e Avalia\u00e7\u00e3o de Riscos - Criteria | Insurance Claims &amp; Loss Adjusters","og_description":"inspe\u00e7\u00e3o, controle e avalia\u00e7\u00e3o de riscos Experi\u00eancia e treinamento para adaptar, com absoluta flexibilidade, diferentes n\u00edveis de inspe\u00e7\u00e3o adequados \u00e0s necessidades dos clientes, desde controles simples de continuidade, medi\u00e7\u00f5es e adequa\u00e7\u00e3o de risco at\u00e9 an\u00e1lises profundas e particularizadas de todos os tipos de atividades.Servi\u00e7os de Inspe\u00e7\u00e3o e Controle de Riscos Medi\u00e7\u00e3o Inspe\u00e7\u00e3o pr\u00e9via de risco [&hellip;]","og_url":"https:\/\/www.criteriaclaims.com\/pt-br\/inspecao-controle-e-avaliacao-de-riscos\/","og_site_name":"Criteria | Insurance Claims &amp; Loss Adjusters","article_modified_time":"2021-08-10T17:35:14+00:00","twitter_card":"summary_large_image","twitter_misc":{"Est. tempo de leitura":"5 minutos"},"schema":{"@context":"https:\/\/schema.org","@graph":[{"@type":"WebPage","@id":"https:\/\/www.criteriaclaims.com\/pt-br\/inspecao-controle-e-avaliacao-de-riscos\/","url":"https:\/\/www.criteriaclaims.com\/pt-br\/inspecao-controle-e-avaliacao-de-riscos\/","name":"Inspe\u00e7\u00e3o, Controle e Avalia\u00e7\u00e3o de Riscos - Criteria | Insurance Claims &amp; Loss Adjusters","isPartOf":{"@id":"https:\/\/www.criteriaclaims.com\/pt-br\/#website"},"datePublished":"2021-08-10T17:35:11+00:00","dateModified":"2021-08-10T17:35:14+00:00","breadcrumb":{"@id":"https:\/\/www.criteriaclaims.com\/pt-br\/inspecao-controle-e-avaliacao-de-riscos\/#breadcrumb"},"inLanguage":"pt-BR","potentialAction":[{"@type":"ReadAction","target":["https:\/\/www.criteriaclaims.com\/pt-br\/inspecao-controle-e-avaliacao-de-riscos\/"]}]},{"@type":"BreadcrumbList","@id":"https:\/\/www.criteriaclaims.com\/pt-br\/inspecao-controle-e-avaliacao-de-riscos\/#breadcrumb","itemListElement":[{"@type":"ListItem","position":1,"name":"Portada","item":"https:\/\/www.criteriaclaims.com\/pt-br\/"},{"@type":"ListItem","position":2,"name":"Inspe\u00e7\u00e3o, Controle e Avalia\u00e7\u00e3o de Riscos"}]},{"@type":"WebSite","@id":"https:\/\/www.criteriaclaims.com\/pt-br\/#website","url":"https:\/\/www.criteriaclaims.com\/pt-br\/","name":"Criteria | Insurance Claims &amp; Loss Adjusters","description":"Gabinete t\u00e9cnico pericial","potentialAction":[{"@type":"SearchAction","target":{"@type":"EntryPoint","urlTemplate":"https:\/\/www.criteriaclaims.com\/pt-br\/?s={search_term_string}"},"query-input":{"@type":"PropertyValueSpecification","valueRequired":true,"valueName":"search_term_string"}}],"inLanguage":"pt-BR"}]}},"_links":{"self":[{"href":"https:\/\/www.criteriaclaims.com\/pt-br\/wp-json\/wp\/v2\/pages\/4903","targetHints":{"allow":["GET"]}}],"collection":[{"href":"https:\/\/www.criteriaclaims.com\/pt-br\/wp-json\/wp\/v2\/pages"}],"about":[{"href":"https:\/\/www.criteriaclaims.com\/pt-br\/wp-json\/wp\/v2\/types\/page"}],"author":[{"embeddable":true,"href":"https:\/\/www.criteriaclaims.com\/pt-br\/wp-json\/wp\/v2\/users\/1"}],"replies":[{"embeddable":true,"href":"https:\/\/www.criteriaclaims.com\/pt-br\/wp-json\/wp\/v2\/comments?post=4903"}],"version-history":[{"count":5,"href":"https:\/\/www.criteriaclaims.com\/pt-br\/wp-json\/wp\/v2\/pages\/4903\/revisions"}],"predecessor-version":[{"id":4908,"href":"https:\/\/www.criteriaclaims.com\/pt-br\/wp-json\/wp\/v2\/pages\/4903\/revisions\/4908"}],"wp:attachment":[{"href":"https:\/\/www.criteriaclaims.com\/pt-br\/wp-json\/wp\/v2\/media?parent=4903"}],"curies":[{"name":"wp","href":"https:\/\/api.w.org\/{rel}","templated":true}]}}