{"id":5104,"date":"2021-08-12T19:31:31","date_gmt":"2021-08-12T17:31:31","guid":{"rendered":"https:\/\/www.criteriaclaims.com\/acesso-a-tutoriais-em-video\/"},"modified":"2021-08-12T19:31:37","modified_gmt":"2021-08-12T17:31:37","slug":"acesso-a-tutoriais-em-video","status":"publish","type":"page","link":"https:\/\/www.criteriaclaims.com\/pt-br\/acesso-a-tutoriais-em-video\/","title":{"rendered":"Acesso a tutoriais em v\u00eddeo"},"content":{"rendered":"<p>[et_pb_section fb_built=&#8221;1&#8243; custom_padding_last_edited=&#8221;on|desktop&#8221; _builder_version=&#8221;3.22.3&#8243; background_color=&#8221;#f4f4f4&#8243; custom_padding=&#8221;45px|0px|37px|0px|false|false&#8221; custom_padding_tablet=&#8221;14px||0px&#8221; custom_padding_phone=&#8221;14px||0px&#8221;][et_pb_row column_structure=&#8221;1_5,3_5,1_5&#8243; use_custom_gutter=&#8221;on&#8221; gutter_width=&#8221;1&#8243; disabled_on=&#8221;on|on|off&#8221; module_class=&#8221; et_pb_row_fullwidth&#8221; _builder_version=&#8221;4.4.7&#8243; background_size=&#8221;initial&#8221; background_position=&#8221;top_left&#8221; background_repeat=&#8221;repeat&#8221; width=&#8221;100%&#8221; width_tablet=&#8221;100%&#8221; width_phone=&#8221;&#8221; width_last_edited=&#8221;on|desktop&#8221; max_width=&#8221;100%&#8221; max_width_tablet=&#8221;100%&#8221; max_width_phone=&#8221;&#8221; max_width_last_edited=&#8221;on|desktop&#8221; custom_margin=&#8221;||&#8221; custom_padding=&#8221;|50px|11px|50px|false|false&#8221; make_fullwidth=&#8221;on&#8221;][et_pb_column type=&#8221;1_5&#8243; _builder_version=&#8221;3.25&#8243; custom_padding=&#8221;|||&#8221; custom_padding__hover=&#8221;|||&#8221;][\/et_pb_column][et_pb_column type=&#8221;3_5&#8243; _builder_version=&#8221;4.4.7&#8243; use_background_color_gradient=&#8221;on&#8221; background_color_gradient_start=&#8221;#29628a&#8221; background_color_gradient_end=&#8221;#75b3d0&#8243; background_color_gradient_direction=&#8221;221deg&#8221; background_color_gradient_start_position=&#8221;20%&#8221; background_color_gradient_end_position=&#8221;60%&#8221; custom_padding=&#8221;|||&#8221; custom_padding__hover=&#8221;|||&#8221;][et_pb_text _builder_version=&#8221;4.6.6&#8243; text_font=&#8221;||||||||&#8221; header_font=&#8221;Noto Serif|700|||||||&#8221; header_font_size=&#8221;35px&#8221; header_line_height=&#8221;1.2em&#8221; background_color=&#8221;#f4f4f4&#8243; text_orientation=&#8221;center&#8221; custom_padding=&#8221;|34px|0px|34px||&#8221; mix_blend_mode=&#8221;lighten&#8221; hover_enabled=&#8221;0&#8243; header_font_size_tablet=&#8221;30px&#8221; header_font_size_phone=&#8221;25px&#8221; header_font_size_last_edited=&#8221;on|phone&#8221; sticky_enabled=&#8221;0&#8243;]<\/p>\n<h1>Voc\u00ea est\u00e1 acessando uma \u00e1rea privada.<br \/>Por favor, digite seu e-mail e sua senha.<\/h1>\n<p>[\/et_pb_text][\/et_pb_column][et_pb_column type=&#8221;1_5&#8243; _builder_version=&#8221;3.25&#8243; custom_padding=&#8221;|||&#8221; custom_padding__hover=&#8221;|||&#8221;][\/et_pb_column][\/et_pb_row][et_pb_row column_structure=&#8221;1_5,3_5,1_5&#8243; use_custom_gutter=&#8221;on&#8221; gutter_width=&#8221;1&#8243; disabled_on=&#8221;on|on|off&#8221; module_class=&#8221; et_pb_row_fullwidth&#8221; _builder_version=&#8221;4.4.7&#8243; background_size=&#8221;initial&#8221; background_position=&#8221;top_left&#8221; background_repeat=&#8221;repeat&#8221; width=&#8221;100%&#8221; width_tablet=&#8221;100%&#8221; width_phone=&#8221;&#8221; width_last_edited=&#8221;on|desktop&#8221; max_width=&#8221;100%&#8221; max_width_tablet=&#8221;100%&#8221; max_width_phone=&#8221;&#8221; max_width_last_edited=&#8221;on|desktop&#8221; custom_margin=&#8221;||&#8221; custom_padding=&#8221;|50px||50px|false|false&#8221; make_fullwidth=&#8221;on&#8221;][et_pb_column type=&#8221;1_5&#8243; _builder_version=&#8221;3.25&#8243; custom_padding=&#8221;|||&#8221; custom_padding__hover=&#8221;|||&#8221;][\/et_pb_column][et_pb_column type=&#8221;3_5&#8243; _builder_version=&#8221;4.4.7&#8243; background_color_gradient_direction=&#8221;221deg&#8221; custom_padding=&#8221;|||&#8221; custom_padding__hover=&#8221;|||&#8221;][et_pb_login current_page_redirect=&#8221;on&#8221; disabled_on=&#8221;off|off|off&#8221; _builder_version=&#8221;4.4.7&#8243; form_field_background_color=&#8221;#f4f4f4&#8243; header_font=&#8221;||||||||&#8221; background_color=&#8221;#4c565c&#8221; custom_button=&#8221;on&#8221; button_text_color=&#8221;#f1bb3f&#8221; button_border_radius=&#8221;7px&#8221; button_letter_spacing=&#8221;0px&#8221; button_font=&#8221;||||||||&#8221; button_use_icon=&#8221;off&#8221; width=&#8221;57%&#8221; module_alignment=&#8221;center&#8221; border_color_all_fields=&#8221;rgba(0,0,0,0)&#8221; button_text_color__hover=&#8221;#ffffff&#8221; button_text_color__hover_enabled=&#8221;on&#8221; button_bg_color__hover=&#8221;#f1bb3f&#8221; button_bg_color__hover_enabled=&#8221;on&#8221; button_border_color__hover=&#8221;#f1bb3f&#8221; button_border_color__hover_enabled=&#8221;on&#8221;][\/et_pb_login][\/et_pb_column][et_pb_column type=&#8221;1_5&#8243; _builder_version=&#8221;3.25&#8243; custom_padding=&#8221;|||&#8221; custom_padding__hover=&#8221;|||&#8221;][\/et_pb_column][\/et_pb_row][et_pb_row use_custom_gutter=&#8221;on&#8221; gutter_width=&#8221;1&#8243; disabled_on=&#8221;off|off|on&#8221; module_class=&#8221; et_pb_row_fullwidth&#8221; _builder_version=&#8221;4.4.7&#8243; background_size=&#8221;initial&#8221; background_position=&#8221;top_left&#8221; background_repeat=&#8221;repeat&#8221; width=&#8221;100%&#8221; width_tablet=&#8221;100%&#8221; width_phone=&#8221;&#8221; width_last_edited=&#8221;on|desktop&#8221; max_width=&#8221;100%&#8221; max_width_tablet=&#8221;100%&#8221; max_width_phone=&#8221;&#8221; max_width_last_edited=&#8221;on|desktop&#8221; custom_margin=&#8221;||&#8221; custom_padding=&#8221;|50px|11px|50px|false|false&#8221; make_fullwidth=&#8221;on&#8221;][et_pb_column type=&#8221;4_4&#8243; _builder_version=&#8221;4.4.7&#8243; use_background_color_gradient=&#8221;on&#8221; background_color_gradient_start=&#8221;#29628a&#8221; background_color_gradient_end=&#8221;#75b3d0&#8243; background_color_gradient_direction=&#8221;221deg&#8221; background_color_gradient_start_position=&#8221;20%&#8221; background_color_gradient_end_position=&#8221;60%&#8221; custom_padding=&#8221;|||&#8221; custom_padding__hover=&#8221;|||&#8221;][et_pb_text _builder_version=&#8221;4.6.6&#8243; text_font=&#8221;||||||||&#8221; header_font=&#8221;Noto Serif|700|||||||&#8221; header_font_size=&#8221;35px&#8221; header_line_height=&#8221;1.2em&#8221; background_color=&#8221;#f4f4f4&#8243; text_orientation=&#8221;center&#8221; custom_padding=&#8221;|0px|0px|0px|false|false&#8221; custom_padding_tablet=&#8221;&#8221; custom_padding_phone=&#8221;&#8221; custom_padding_last_edited=&#8221;on|tablet&#8221; mix_blend_mode=&#8221;lighten&#8221; hover_enabled=&#8221;0&#8243; header_font_size_tablet=&#8221;30px&#8221; header_font_size_phone=&#8221;22px&#8221; header_font_size_last_edited=&#8221;on|phone&#8221; sticky_enabled=&#8221;0&#8243;]<\/p>\n<h1>Voc\u00ea est\u00e1 acessando uma \u00e1rea privada. Por favor, digite seu e-mail e sua senha.<\/h1>\n<p>[\/et_pb_text][\/et_pb_column][\/et_pb_row][et_pb_row use_custom_gutter=&#8221;on&#8221; gutter_width=&#8221;1&#8243; disabled_on=&#8221;off|off|on&#8221; module_class=&#8221; et_pb_row_fullwidth&#8221; _builder_version=&#8221;4.4.7&#8243; background_size=&#8221;initial&#8221; background_position=&#8221;top_left&#8221; background_repeat=&#8221;repeat&#8221; width=&#8221;100%&#8221; width_tablet=&#8221;100%&#8221; width_phone=&#8221;&#8221; width_last_edited=&#8221;on|desktop&#8221; max_width=&#8221;100%&#8221; max_width_tablet=&#8221;100%&#8221; max_width_phone=&#8221;&#8221; max_width_last_edited=&#8221;on|desktop&#8221; custom_margin=&#8221;||&#8221; custom_padding=&#8221;|50px||50px|false|false&#8221; make_fullwidth=&#8221;on&#8221;][et_pb_column type=&#8221;4_4&#8243; _builder_version=&#8221;3.25&#8243; custom_padding=&#8221;|||&#8221; custom_padding__hover=&#8221;|||&#8221;][et_pb_login current_page_redirect=&#8221;on&#8221; disabled_on=&#8221;off|off|off&#8221; _builder_version=&#8221;4.4.7&#8243; form_field_background_color=&#8221;#f4f4f4&#8243; header_font=&#8221;||||||||&#8221; background_color=&#8221;#4c565c&#8221; custom_button=&#8221;on&#8221; button_text_color=&#8221;#f1bb3f&#8221; button_border_radius=&#8221;7px&#8221; button_letter_spacing=&#8221;0px&#8221; button_font=&#8221;||||||||&#8221; button_use_icon=&#8221;off&#8221; width=&#8221;100%&#8221; module_alignment=&#8221;center&#8221; hover_enabled=&#8221;0&#8243; border_color_all_fields=&#8221;rgba(0,0,0,0)&#8221; button_text_color__hover=&#8221;#ffffff&#8221; button_text_color__hover_enabled=&#8221;on&#8221; button_bg_color__hover=&#8221;#f1bb3f&#8221; button_bg_color__hover_enabled=&#8221;on&#8221; button_border_color__hover=&#8221;#f1bb3f&#8221; button_border_color__hover_enabled=&#8221;on&#8221; sticky_enabled=&#8221;0&#8243;][\/et_pb_login][\/et_pb_column][\/et_pb_row][\/et_pb_section][et_pb_section fb_built=&#8221;1&#8243; prev_background_color=&#8221;#f4f4f4&#8243; _builder_version=&#8221;3.22.3&#8243; custom_padding=&#8221;33px|0px|33px|0px|false|false&#8221; top_divider_style=&#8221;triangle&#8221; top_divider_height=&#8221;23px&#8221; top_divider_flip=&#8221;vertical&#8221;][et_pb_row column_structure=&#8221;1_3,1_3,1_3&#8243; _builder_version=&#8221;3.25&#8243; max_width=&#8221;1202px&#8221; use_custom_width=&#8221;on&#8221; custom_width_px=&#8221;1202px&#8221;][et_pb_column type=&#8221;1_3&#8243; _builder_version=&#8221;3.25&#8243; custom_padding=&#8221;|||&#8221; custom_padding__hover=&#8221;|||&#8221;][\/et_pb_column][et_pb_column type=&#8221;1_3&#8243; _builder_version=&#8221;3.25&#8243; custom_padding=&#8221;|||&#8221; custom_padding__hover=&#8221;|||&#8221;][et_pb_text _builder_version=&#8221;4.4.7&#8243; text_font=&#8221;Raleway|600|||||||&#8221; text_text_color=&#8221;#76b3d0&#8243; text_font_size=&#8221;18px&#8221; text_line_height=&#8221;2.2em&#8221; link_font=&#8221;|700|||||||&#8221; link_text_color=&#8221;#62b5d3&#8243; header_font=&#8221;||||||||&#8221; header_2_font=&#8221;Noto Serif|700|||||||&#8221; header_2_text_align=&#8221;center&#8221; header_2_text_color=&#8221;#29638b&#8221; header_3_font=&#8221;Raleway||||||||&#8221; header_3_font_size=&#8221;17px&#8221; header_3_line_height=&#8221;1.7em&#8221; text_orientation=&#8221;center&#8221; custom_margin=&#8221;||22px&#8221;]<\/p>\n<h3><span style=\"color: #808080;\"><strong>Se voc\u00ea j\u00e1 est\u00e1 logado,<br \/><a href=\"https:\/\/criteriaclaims.com\/videotutoriales-criteria\">clique aqui para acessar o conte\u00fado privado.<\/a><\/strong><br \/><\/span><\/h3>\n<p>[\/et_pb_text][\/et_pb_column][et_pb_column type=&#8221;1_3&#8243; _builder_version=&#8221;3.25&#8243; custom_padding=&#8221;|||&#8221; custom_padding__hover=&#8221;|||&#8221;][\/et_pb_column][\/et_pb_row][\/et_pb_section]<\/p>\n","protected":false},"excerpt":{"rendered":"<p>Voc\u00ea est\u00e1 acessando uma \u00e1rea privada.Por favor, digite seu e-mail e sua senha. Voc\u00ea est\u00e1 acessando uma \u00e1rea privada. Por favor, digite seu e-mail e sua senha. Se voc\u00ea j\u00e1 est\u00e1 logado,clique aqui para acessar o conte\u00fado privado.<\/p>\n","protected":false},"author":1,"featured_media":0,"parent":0,"menu_order":0,"comment_status":"closed","ping_status":"closed","template":"","meta":{"_et_pb_use_builder":"on","_et_pb_old_content":"","_et_gb_content_width":"","inline_featured_image":false,"footnotes":""},"class_list":["post-5104","page","type-page","status-publish","hentry"],"yoast_head":"<!-- This site is optimized with the Yoast SEO plugin v26.8 - https:\/\/yoast.com\/product\/yoast-seo-wordpress\/ -->\n<title>Acesso a tutoriais em v\u00eddeo - Criteria | Insurance Claims &amp; Loss Adjusters<\/title>\n<meta name=\"robots\" content=\"noindex, nofollow\" \/>\n<meta property=\"og:locale\" content=\"pt_BR\" \/>\n<meta property=\"og:type\" content=\"article\" \/>\n<meta property=\"og:title\" content=\"Acesso a tutoriais em v\u00eddeo - Criteria | Insurance Claims &amp; Loss Adjusters\" \/>\n<meta property=\"og:description\" content=\"Voc\u00ea est\u00e1 acessando uma \u00e1rea privada.Por favor, digite seu e-mail e sua senha. Voc\u00ea est\u00e1 acessando uma \u00e1rea privada. Por favor, digite seu e-mail e sua senha. Se voc\u00ea j\u00e1 est\u00e1 logado,clique aqui para acessar o conte\u00fado privado.\" \/>\n<meta property=\"og:url\" content=\"https:\/\/www.criteriaclaims.com\/pt-br\/acesso-a-tutoriais-em-video\/\" \/>\n<meta property=\"og:site_name\" content=\"Criteria | Insurance Claims &amp; Loss Adjusters\" \/>\n<meta property=\"article:modified_time\" content=\"2021-08-12T17:31:37+00:00\" \/>\n<meta name=\"twitter:card\" content=\"summary_large_image\" \/>\n<meta name=\"twitter:label1\" content=\"Est. tempo de leitura\" \/>\n\t<meta name=\"twitter:data1\" content=\"5 minutos\" \/>\n<script type=\"application\/ld+json\" class=\"yoast-schema-graph\">{\"@context\":\"https:\/\/schema.org\",\"@graph\":[{\"@type\":\"WebPage\",\"@id\":\"https:\/\/www.criteriaclaims.com\/pt-br\/acesso-a-tutoriais-em-video\/\",\"url\":\"https:\/\/www.criteriaclaims.com\/pt-br\/acesso-a-tutoriais-em-video\/\",\"name\":\"Acesso a tutoriais em v\u00eddeo - Criteria | Insurance Claims &amp; Loss Adjusters\",\"isPartOf\":{\"@id\":\"https:\/\/www.criteriaclaims.com\/pt-br\/#website\"},\"datePublished\":\"2021-08-12T17:31:31+00:00\",\"dateModified\":\"2021-08-12T17:31:37+00:00\",\"breadcrumb\":{\"@id\":\"https:\/\/www.criteriaclaims.com\/pt-br\/acesso-a-tutoriais-em-video\/#breadcrumb\"},\"inLanguage\":\"pt-BR\",\"potentialAction\":[{\"@type\":\"ReadAction\",\"target\":[\"https:\/\/www.criteriaclaims.com\/pt-br\/acesso-a-tutoriais-em-video\/\"]}]},{\"@type\":\"BreadcrumbList\",\"@id\":\"https:\/\/www.criteriaclaims.com\/pt-br\/acesso-a-tutoriais-em-video\/#breadcrumb\",\"itemListElement\":[{\"@type\":\"ListItem\",\"position\":1,\"name\":\"Portada\",\"item\":\"https:\/\/www.criteriaclaims.com\/pt-br\/\"},{\"@type\":\"ListItem\",\"position\":2,\"name\":\"Acesso a tutoriais em v\u00eddeo\"}]},{\"@type\":\"WebSite\",\"@id\":\"https:\/\/www.criteriaclaims.com\/pt-br\/#website\",\"url\":\"https:\/\/www.criteriaclaims.com\/pt-br\/\",\"name\":\"Criteria | Insurance Claims &amp; Loss Adjusters\",\"description\":\"Gabinete t\u00e9cnico pericial\",\"potentialAction\":[{\"@type\":\"SearchAction\",\"target\":{\"@type\":\"EntryPoint\",\"urlTemplate\":\"https:\/\/www.criteriaclaims.com\/pt-br\/?s={search_term_string}\"},\"query-input\":{\"@type\":\"PropertyValueSpecification\",\"valueRequired\":true,\"valueName\":\"search_term_string\"}}],\"inLanguage\":\"pt-BR\"}]}<\/script>\n<!-- \/ Yoast SEO plugin. -->","yoast_head_json":{"title":"Acesso a tutoriais em v\u00eddeo - Criteria | Insurance Claims &amp; Loss Adjusters","robots":{"index":"noindex","follow":"nofollow"},"og_locale":"pt_BR","og_type":"article","og_title":"Acesso a tutoriais em v\u00eddeo - Criteria | Insurance Claims &amp; Loss Adjusters","og_description":"Voc\u00ea est\u00e1 acessando uma \u00e1rea privada.Por favor, digite seu e-mail e sua senha. Voc\u00ea est\u00e1 acessando uma \u00e1rea privada. Por favor, digite seu e-mail e sua senha. Se voc\u00ea j\u00e1 est\u00e1 logado,clique aqui para acessar o conte\u00fado privado.","og_url":"https:\/\/www.criteriaclaims.com\/pt-br\/acesso-a-tutoriais-em-video\/","og_site_name":"Criteria | Insurance Claims &amp; Loss Adjusters","article_modified_time":"2021-08-12T17:31:37+00:00","twitter_card":"summary_large_image","twitter_misc":{"Est. tempo de leitura":"5 minutos"},"schema":{"@context":"https:\/\/schema.org","@graph":[{"@type":"WebPage","@id":"https:\/\/www.criteriaclaims.com\/pt-br\/acesso-a-tutoriais-em-video\/","url":"https:\/\/www.criteriaclaims.com\/pt-br\/acesso-a-tutoriais-em-video\/","name":"Acesso a tutoriais em v\u00eddeo - Criteria | Insurance Claims &amp; Loss Adjusters","isPartOf":{"@id":"https:\/\/www.criteriaclaims.com\/pt-br\/#website"},"datePublished":"2021-08-12T17:31:31+00:00","dateModified":"2021-08-12T17:31:37+00:00","breadcrumb":{"@id":"https:\/\/www.criteriaclaims.com\/pt-br\/acesso-a-tutoriais-em-video\/#breadcrumb"},"inLanguage":"pt-BR","potentialAction":[{"@type":"ReadAction","target":["https:\/\/www.criteriaclaims.com\/pt-br\/acesso-a-tutoriais-em-video\/"]}]},{"@type":"BreadcrumbList","@id":"https:\/\/www.criteriaclaims.com\/pt-br\/acesso-a-tutoriais-em-video\/#breadcrumb","itemListElement":[{"@type":"ListItem","position":1,"name":"Portada","item":"https:\/\/www.criteriaclaims.com\/pt-br\/"},{"@type":"ListItem","position":2,"name":"Acesso a tutoriais em v\u00eddeo"}]},{"@type":"WebSite","@id":"https:\/\/www.criteriaclaims.com\/pt-br\/#website","url":"https:\/\/www.criteriaclaims.com\/pt-br\/","name":"Criteria | Insurance Claims &amp; Loss Adjusters","description":"Gabinete t\u00e9cnico pericial","potentialAction":[{"@type":"SearchAction","target":{"@type":"EntryPoint","urlTemplate":"https:\/\/www.criteriaclaims.com\/pt-br\/?s={search_term_string}"},"query-input":{"@type":"PropertyValueSpecification","valueRequired":true,"valueName":"search_term_string"}}],"inLanguage":"pt-BR"}]}},"_links":{"self":[{"href":"https:\/\/www.criteriaclaims.com\/pt-br\/wp-json\/wp\/v2\/pages\/5104","targetHints":{"allow":["GET"]}}],"collection":[{"href":"https:\/\/www.criteriaclaims.com\/pt-br\/wp-json\/wp\/v2\/pages"}],"about":[{"href":"https:\/\/www.criteriaclaims.com\/pt-br\/wp-json\/wp\/v2\/types\/page"}],"author":[{"embeddable":true,"href":"https:\/\/www.criteriaclaims.com\/pt-br\/wp-json\/wp\/v2\/users\/1"}],"replies":[{"embeddable":true,"href":"https:\/\/www.criteriaclaims.com\/pt-br\/wp-json\/wp\/v2\/comments?post=5104"}],"version-history":[{"count":6,"href":"https:\/\/www.criteriaclaims.com\/pt-br\/wp-json\/wp\/v2\/pages\/5104\/revisions"}],"predecessor-version":[{"id":5110,"href":"https:\/\/www.criteriaclaims.com\/pt-br\/wp-json\/wp\/v2\/pages\/5104\/revisions\/5110"}],"wp:attachment":[{"href":"https:\/\/www.criteriaclaims.com\/pt-br\/wp-json\/wp\/v2\/media?parent=5104"}],"curies":[{"name":"wp","href":"https:\/\/api.w.org\/{rel}","templated":true}]}}