{"id":5139,"date":"2021-08-13T14:19:42","date_gmt":"2021-08-13T12:19:42","guid":{"rendered":"https:\/\/www.criteriaclaims.com\/espanha\/"},"modified":"2024-08-01T17:14:58","modified_gmt":"2024-08-01T15:14:58","slug":"europe","status":"publish","type":"page","link":"https:\/\/www.criteriaclaims.com\/pt-br\/europe\/","title":{"rendered":"Europe"},"content":{"rendered":"<p>[et_pb_section fb_built=&#8221;1&#8243; _builder_version=&#8221;4.16&#8243; use_background_color_gradient=&#8221;on&#8221; background_color_gradient_direction=&#8221;221deg&#8221; background_color_gradient_stops=&#8221;#29628a 20%|#75b3d0 75%&#8221; background_color_gradient_start=&#8221;#29628a&#8221; background_color_gradient_start_position=&#8221;20%&#8221; background_color_gradient_end=&#8221;#75b3d0&#8243; background_color_gradient_end_position=&#8221;75%&#8221; background_image=&#8221;https:\/\/www.criteriaclaims.com\/wp-content\/uploads\/2019\/03\/oficinas.jpg&#8221; global_colors_info=&#8221;{}&#8221;][et_pb_row _builder_version=&#8221;4.16&#8243; global_colors_info=&#8221;{}&#8221;][et_pb_column type=&#8221;4_4&#8243; _builder_version=&#8221;4.16&#8243; custom_padding=&#8221;|||&#8221; global_colors_info=&#8221;{}&#8221; custom_padding__hover=&#8221;|||&#8221;][et_pb_image src=&#8221;https:\/\/www.criteriaclaims.com\/wp-content\/uploads\/2024\/08\/europa-espana.svg&#8221; title_text=&#8221;europa-espan\u0303a&#8221; align=&#8221;center&#8221; align_tablet=&#8221;center&#8221; align_phone=&#8221;&#8221; align_last_edited=&#8221;on|desktop&#8221; _builder_version=&#8221;4.27.0&#8243; width=&#8221;9%&#8221; min_height=&#8221;100px&#8221; custom_margin=&#8221;||-14px&#8221; custom_padding=&#8221;||&#8221; filter_brightness=&#8221;0%&#8221; filter_contrast=&#8221;200%&#8221; filter_invert=&#8221;100%&#8221; filter_opacity=&#8221;37%&#8221; global_colors_info=&#8221;{}&#8221; locked=&#8221;off&#8221;][\/et_pb_image][et_pb_text _builder_version=&#8221;4.27.0&#8243; text_font=&#8221;||||||||&#8221; header_font=&#8221;Noto Serif|700|||||||&#8221; header_text_align=&#8221;center&#8221; header_text_color=&#8221;rgba(255,255,255,0.37)&#8221; header_font_size=&#8221;90px&#8221; header_2_font=&#8221;||||||||&#8221; custom_margin=&#8221;24px||&#8221; header_font_size_tablet=&#8221;53px&#8221; header_font_size_phone=&#8221;30px&#8221; header_font_size_last_edited=&#8221;on|phone&#8221; global_colors_info=&#8221;{}&#8221;]<\/p>\n<h1>Espanha<\/h1>\n<p>&nbsp;<\/p>\n<p>[\/et_pb_text][\/et_pb_column][\/et_pb_row][\/et_pb_section][et_pb_section fb_built=&#8221;1&#8243; _builder_version=&#8221;4.16&#8243; custom_padding=&#8221;33px|0px|33px|0px|false|false&#8221; global_colors_info=&#8221;{}&#8221;][et_pb_row column_structure=&#8221;1_2,1_2&#8243; custom_padding_last_edited=&#8221;on|phone&#8221; _builder_version=&#8221;4.16&#8243; width_tablet=&#8221;&#8221; width_phone=&#8221;100%&#8221; width_last_edited=&#8221;on|phone&#8221; custom_margin_tablet=&#8221;&#8221; custom_margin_phone=&#8221;-51px||||false|false&#8221; custom_margin_last_edited=&#8221;on|desktop&#8221; custom_padding=&#8221;30px||30px||false|false&#8221; custom_padding_tablet=&#8221;|100px||100px&#8221; custom_padding_phone=&#8221;0px|40px||40px|false|false&#8221; global_colors_info=&#8221;{}&#8221;][et_pb_column type=&#8221;1_2&#8243; _builder_version=&#8221;4.16&#8243; custom_padding=&#8221;|||&#8221; global_colors_info=&#8221;{}&#8221; custom_padding__hover=&#8221;|||&#8221;][et_pb_image src=&#8221;https:\/\/www.criteriaclaims.com\/wp-content\/uploads\/2024\/08\/europaOK-espana.jpg&#8221; title_text=&#8221;europaOK-spain&#8221; align=&#8221;center&#8221; align_tablet=&#8221;center&#8221; align_phone=&#8221;&#8221; align_last_edited=&#8221;on|desktop&#8221; _builder_version=&#8221;4.27.0&#8243; width=&#8221;100%&#8221; width_tablet=&#8221;100%&#8221; width_phone=&#8221;100%&#8221; width_last_edited=&#8221;on|phone&#8221; max_width=&#8221;100%&#8221; custom_margin_tablet=&#8221;60px||&#8221; custom_margin_phone=&#8221;60px||&#8221; custom_margin_last_edited=&#8221;on|tablet&#8221; global_colors_info=&#8221;{}&#8221;][\/et_pb_image][\/et_pb_column][et_pb_column type=&#8221;1_2&#8243; _builder_version=&#8221;4.16&#8243; custom_padding=&#8221;|||&#8221; global_colors_info=&#8221;{}&#8221; custom_padding__hover=&#8221;|||&#8221;][et_pb_text _builder_version=&#8221;4.27.0&#8243; header_font=&#8221;||||||||&#8221; header_2_font=&#8221;||||||||&#8221; header_3_font=&#8221;Raleway|700|||||||&#8221; header_3_text_align=&#8221;left&#8221; header_3_text_color=&#8221;#29638b&#8221; header_3_line_height=&#8221;1.2em&#8221; header_4_font=&#8221;Raleway||||||||&#8221; header_4_text_align=&#8221;left&#8221; header_4_text_color=&#8221;#4e555b&#8221; header_4_font_size=&#8221;16px&#8221; header_4_line_height=&#8221;1.4em&#8221; custom_margin=&#8221;||&#8221; header_3_font_size_tablet=&#8221;&#8221; header_3_font_size_phone=&#8221;23px&#8221; header_3_font_size_last_edited=&#8221;on|desktop&#8221; global_colors_info=&#8221;{}&#8221;]<\/p>\n<h3>Espanha<\/h3>\n<h4><span style=\"color: #fbb914;\"><strong>Criteria Insurance Claims &amp; Loss Adjusters, S.L.<\/strong><\/span><\/h4>\n<h4><strong>Escrit\u00f3rio de Madrid<br \/><\/strong>Orense, 25 &#8211; 7\u00baD izquierda<br \/>28020 Madrid<br \/>Tel: +34 913 110 176<\/h4>\n<h4>Other offices<\/h4>\n<h4><strong>Zona noroeste<br \/><\/strong>Vigo e Gij\u00f3n<br \/><strong><\/strong><\/h4>\n<h4><strong>Zona Norte<br \/><\/strong>Bilbao<\/h4>\n<h4><strong>Zona Nordeste<br \/><\/strong>Barcelona<\/h4>\n<h4><strong>Zona Sul<br \/><\/strong>Ja\u00e9n, M\u00e1laga, Algeciras, Sevilha<\/h4>\n<h4><strong>Zona da ilha<br \/><\/strong>Las Palmas, Tenerife<strong><\/strong><\/h4>\n<p>[\/et_pb_text][et_pb_text disabled_on=&#8221;on|on|on&#8221; _builder_version=&#8221;4.18.0&#8243; header_font=&#8221;||||||||&#8221; header_2_font=&#8221;||||||||&#8221; header_3_font=&#8221;Raleway|700|||||||&#8221; header_3_text_align=&#8221;left&#8221; header_3_text_color=&#8221;#29638b&#8221; header_3_line_height=&#8221;1.2em&#8221; header_4_font=&#8221;Raleway||||||||&#8221; header_4_text_align=&#8221;left&#8221; header_4_text_color=&#8221;#4e555b&#8221; header_4_font_size=&#8221;16px&#8221; header_4_line_height=&#8221;1.4em&#8221; custom_margin=&#8221;||&#8221; header_3_font_size_tablet=&#8221;&#8221; header_3_font_size_phone=&#8221;23px&#8221; header_3_font_size_last_edited=&#8221;on|desktop&#8221; disabled=&#8221;on&#8221; global_colors_info=&#8221;{}&#8221;]<\/p>\n<h3>Italy<\/h3>\n<h4><span style=\"color: #fbb900;\"><strong>Capanna Group, S.r.l.<\/strong><\/span><\/h4>\n<h4>Escrit\u00f3rio Associado em Roma<strong>Giovanni Ongaretto<\/strong><\/h4>\n<h4>Via del Corso 300, 00186 Roma. Italy<\/h4>\n<h4>O<strong>utros escrit\u00f3rios<\/strong> Livorno, Bari, Palermo<\/h4>\n<p>[\/et_pb_text][\/et_pb_column][\/et_pb_row][\/et_pb_section]<\/p>\n","protected":false},"excerpt":{"rendered":"<p>Espanha &nbsp;Espanha Criteria Insurance Claims &amp; Loss Adjusters, S.L. Escrit\u00f3rio de MadridOrense, 25 &#8211; 7\u00baD izquierda28020 MadridTel: +34 913 110 176 Other offices Zona noroesteVigo e Gij\u00f3n Zona NorteBilbao Zona NordesteBarcelona Zona SulJa\u00e9n, M\u00e1laga, Algeciras, Sevilha Zona da ilhaLas Palmas, TenerifeItaly Capanna Group, S.r.l. Escrit\u00f3rio Associado em RomaGiovanni Ongaretto Via del Corso 300, 00186 Roma. [&hellip;]<\/p>\n","protected":false},"author":1,"featured_media":0,"parent":0,"menu_order":0,"comment_status":"closed","ping_status":"closed","template":"","meta":{"_et_pb_use_builder":"on","_et_pb_old_content":"","_et_gb_content_width":"","inline_featured_image":false,"footnotes":""},"class_list":["post-5139","page","type-page","status-publish","hentry"],"yoast_head":"<!-- This site is optimized with the Yoast SEO plugin v26.8 - https:\/\/yoast.com\/product\/yoast-seo-wordpress\/ -->\n<title>Europe - Criteria | Insurance Claims &amp; Loss Adjusters<\/title>\n<meta name=\"robots\" content=\"index, follow, max-snippet:-1, max-image-preview:large, max-video-preview:-1\" \/>\n<link rel=\"canonical\" href=\"https:\/\/www.criteriaclaims.com\/pt-br\/europe\/\" \/>\n<meta property=\"og:locale\" content=\"pt_BR\" \/>\n<meta property=\"og:type\" content=\"article\" \/>\n<meta property=\"og:title\" content=\"Europe - Criteria | Insurance Claims &amp; Loss Adjusters\" \/>\n<meta property=\"og:description\" content=\"Espanha &nbsp;Espanha Criteria Insurance Claims &amp; Loss Adjusters, S.L. Escrit\u00f3rio de MadridOrense, 25 - 7\u00baD izquierda28020 MadridTel: +34 913 110 176 Other offices Zona noroesteVigo e Gij\u00f3n Zona NorteBilbao Zona NordesteBarcelona Zona SulJa\u00e9n, M\u00e1laga, Algeciras, Sevilha Zona da ilhaLas Palmas, TenerifeItaly Capanna Group, S.r.l. Escrit\u00f3rio Associado em RomaGiovanni Ongaretto Via del Corso 300, 00186 Roma. [&hellip;]\" \/>\n<meta property=\"og:url\" content=\"https:\/\/www.criteriaclaims.com\/pt-br\/europe\/\" \/>\n<meta property=\"og:site_name\" content=\"Criteria | Insurance Claims &amp; Loss Adjusters\" \/>\n<meta property=\"article:modified_time\" content=\"2024-08-01T15:14:58+00:00\" \/>\n<meta name=\"twitter:card\" content=\"summary_large_image\" \/>\n<meta name=\"twitter:label1\" content=\"Est. tempo de leitura\" \/>\n\t<meta name=\"twitter:data1\" content=\"3 minutos\" \/>\n<script type=\"application\/ld+json\" class=\"yoast-schema-graph\">{\"@context\":\"https:\/\/schema.org\",\"@graph\":[{\"@type\":\"WebPage\",\"@id\":\"https:\/\/www.criteriaclaims.com\/pt-br\/europe\/\",\"url\":\"https:\/\/www.criteriaclaims.com\/pt-br\/europe\/\",\"name\":\"Europe - Criteria | Insurance Claims &amp; Loss Adjusters\",\"isPartOf\":{\"@id\":\"https:\/\/www.criteriaclaims.com\/pt-br\/#website\"},\"datePublished\":\"2021-08-13T12:19:42+00:00\",\"dateModified\":\"2024-08-01T15:14:58+00:00\",\"breadcrumb\":{\"@id\":\"https:\/\/www.criteriaclaims.com\/pt-br\/europe\/#breadcrumb\"},\"inLanguage\":\"pt-BR\",\"potentialAction\":[{\"@type\":\"ReadAction\",\"target\":[\"https:\/\/www.criteriaclaims.com\/pt-br\/europe\/\"]}]},{\"@type\":\"BreadcrumbList\",\"@id\":\"https:\/\/www.criteriaclaims.com\/pt-br\/europe\/#breadcrumb\",\"itemListElement\":[{\"@type\":\"ListItem\",\"position\":1,\"name\":\"Portada\",\"item\":\"https:\/\/www.criteriaclaims.com\/pt-br\/\"},{\"@type\":\"ListItem\",\"position\":2,\"name\":\"Europe\"}]},{\"@type\":\"WebSite\",\"@id\":\"https:\/\/www.criteriaclaims.com\/pt-br\/#website\",\"url\":\"https:\/\/www.criteriaclaims.com\/pt-br\/\",\"name\":\"Criteria | Insurance Claims &amp; Loss Adjusters\",\"description\":\"Gabinete t\u00e9cnico pericial\",\"potentialAction\":[{\"@type\":\"SearchAction\",\"target\":{\"@type\":\"EntryPoint\",\"urlTemplate\":\"https:\/\/www.criteriaclaims.com\/pt-br\/?s={search_term_string}\"},\"query-input\":{\"@type\":\"PropertyValueSpecification\",\"valueRequired\":true,\"valueName\":\"search_term_string\"}}],\"inLanguage\":\"pt-BR\"}]}<\/script>\n<!-- \/ Yoast SEO plugin. -->","yoast_head_json":{"title":"Europe - Criteria | Insurance Claims &amp; Loss Adjusters","robots":{"index":"index","follow":"follow","max-snippet":"max-snippet:-1","max-image-preview":"max-image-preview:large","max-video-preview":"max-video-preview:-1"},"canonical":"https:\/\/www.criteriaclaims.com\/pt-br\/europe\/","og_locale":"pt_BR","og_type":"article","og_title":"Europe - Criteria | Insurance Claims &amp; Loss Adjusters","og_description":"Espanha &nbsp;Espanha Criteria Insurance Claims &amp; Loss Adjusters, S.L. Escrit\u00f3rio de MadridOrense, 25 - 7\u00baD izquierda28020 MadridTel: +34 913 110 176 Other offices Zona noroesteVigo e Gij\u00f3n Zona NorteBilbao Zona NordesteBarcelona Zona SulJa\u00e9n, M\u00e1laga, Algeciras, Sevilha Zona da ilhaLas Palmas, TenerifeItaly Capanna Group, S.r.l. Escrit\u00f3rio Associado em RomaGiovanni Ongaretto Via del Corso 300, 00186 Roma. [&hellip;]","og_url":"https:\/\/www.criteriaclaims.com\/pt-br\/europe\/","og_site_name":"Criteria | Insurance Claims &amp; Loss Adjusters","article_modified_time":"2024-08-01T15:14:58+00:00","twitter_card":"summary_large_image","twitter_misc":{"Est. tempo de leitura":"3 minutos"},"schema":{"@context":"https:\/\/schema.org","@graph":[{"@type":"WebPage","@id":"https:\/\/www.criteriaclaims.com\/pt-br\/europe\/","url":"https:\/\/www.criteriaclaims.com\/pt-br\/europe\/","name":"Europe - Criteria | Insurance Claims &amp; Loss Adjusters","isPartOf":{"@id":"https:\/\/www.criteriaclaims.com\/pt-br\/#website"},"datePublished":"2021-08-13T12:19:42+00:00","dateModified":"2024-08-01T15:14:58+00:00","breadcrumb":{"@id":"https:\/\/www.criteriaclaims.com\/pt-br\/europe\/#breadcrumb"},"inLanguage":"pt-BR","potentialAction":[{"@type":"ReadAction","target":["https:\/\/www.criteriaclaims.com\/pt-br\/europe\/"]}]},{"@type":"BreadcrumbList","@id":"https:\/\/www.criteriaclaims.com\/pt-br\/europe\/#breadcrumb","itemListElement":[{"@type":"ListItem","position":1,"name":"Portada","item":"https:\/\/www.criteriaclaims.com\/pt-br\/"},{"@type":"ListItem","position":2,"name":"Europe"}]},{"@type":"WebSite","@id":"https:\/\/www.criteriaclaims.com\/pt-br\/#website","url":"https:\/\/www.criteriaclaims.com\/pt-br\/","name":"Criteria | Insurance Claims &amp; Loss Adjusters","description":"Gabinete t\u00e9cnico pericial","potentialAction":[{"@type":"SearchAction","target":{"@type":"EntryPoint","urlTemplate":"https:\/\/www.criteriaclaims.com\/pt-br\/?s={search_term_string}"},"query-input":{"@type":"PropertyValueSpecification","valueRequired":true,"valueName":"search_term_string"}}],"inLanguage":"pt-BR"}]}},"_links":{"self":[{"href":"https:\/\/www.criteriaclaims.com\/pt-br\/wp-json\/wp\/v2\/pages\/5139","targetHints":{"allow":["GET"]}}],"collection":[{"href":"https:\/\/www.criteriaclaims.com\/pt-br\/wp-json\/wp\/v2\/pages"}],"about":[{"href":"https:\/\/www.criteriaclaims.com\/pt-br\/wp-json\/wp\/v2\/types\/page"}],"author":[{"embeddable":true,"href":"https:\/\/www.criteriaclaims.com\/pt-br\/wp-json\/wp\/v2\/users\/1"}],"replies":[{"embeddable":true,"href":"https:\/\/www.criteriaclaims.com\/pt-br\/wp-json\/wp\/v2\/comments?post=5139"}],"version-history":[{"count":61,"href":"https:\/\/www.criteriaclaims.com\/pt-br\/wp-json\/wp\/v2\/pages\/5139\/revisions"}],"predecessor-version":[{"id":9024,"href":"https:\/\/www.criteriaclaims.com\/pt-br\/wp-json\/wp\/v2\/pages\/5139\/revisions\/9024"}],"wp:attachment":[{"href":"https:\/\/www.criteriaclaims.com\/pt-br\/wp-json\/wp\/v2\/media?parent=5139"}],"curies":[{"name":"wp","href":"https:\/\/api.w.org\/{rel}","templated":true}]}}