{"id":5175,"date":"2021-08-13T15:07:53","date_gmt":"2021-08-13T13:07:53","guid":{"rendered":"https:\/\/www.criteriaclaims.com\/termos-e-condicoes\/"},"modified":"2024-11-06T12:51:18","modified_gmt":"2024-11-06T11:51:18","slug":"termos-e-condicoes","status":"publish","type":"page","link":"https:\/\/www.criteriaclaims.com\/pt-br\/termos-e-condicoes\/","title":{"rendered":"Termos e Condi\u00e7\u00f5es"},"content":{"rendered":"<p>[et_pb_section fb_built=&#8221;1&#8243; _builder_version=&#8221;4.16&#8243; background_color=&#8221;#f4f4f4&#8243; custom_padding=&#8221;75px|0px|75px|0px|false|false&#8221; global_colors_info=&#8221;{}&#8221;][et_pb_row column_structure=&#8221;1_5,3_5,1_5&#8243; use_custom_gutter=&#8221;on&#8221; gutter_width=&#8221;1&#8243; module_class=&#8221; et_pb_row_fullwidth&#8221; _builder_version=&#8221;4.16&#8243; background_size=&#8221;initial&#8221; background_position=&#8221;top_left&#8221; background_repeat=&#8221;repeat&#8221; width=&#8221;100%&#8221; width_tablet=&#8221;100%&#8221; width_phone=&#8221;&#8221; width_last_edited=&#8221;on|desktop&#8221; max_width=&#8221;100%&#8221; max_width_tablet=&#8221;100%&#8221; max_width_phone=&#8221;&#8221; max_width_last_edited=&#8221;on|desktop&#8221; custom_margin=&#8221;||&#8221; custom_padding=&#8221;|50px||50px|false|false&#8221; make_fullwidth=&#8221;on&#8221; global_colors_info=&#8221;{}&#8221;][et_pb_column type=&#8221;1_5&#8243; _builder_version=&#8221;4.16&#8243; custom_padding=&#8221;|||&#8221; global_colors_info=&#8221;{}&#8221; custom_padding__hover=&#8221;|||&#8221;][\/et_pb_column][et_pb_column type=&#8221;3_5&#8243; _builder_version=&#8221;4.16&#8243; use_background_color_gradient=&#8221;on&#8221; background_color_gradient_direction=&#8221;221deg&#8221; background_color_gradient_stops=&#8221;#29628a 20%|#75b3d0 60%&#8221; background_color_gradient_start=&#8221;#29628a&#8221; background_color_gradient_start_position=&#8221;20%&#8221; background_color_gradient_end=&#8221;#75b3d0&#8243; background_color_gradient_end_position=&#8221;60%&#8221; custom_padding=&#8221;|||&#8221; global_colors_info=&#8221;{}&#8221; custom_padding__hover=&#8221;|||&#8221;][et_pb_text _builder_version=&#8221;4.16&#8243; text_font=&#8221;||||||||&#8221; header_font=&#8221;Noto Serif|700|||||||&#8221; header_font_size=&#8221;35px&#8221; header_line_height=&#8221;1.1em&#8221; background_color=&#8221;#f4f4f4&#8243; text_orientation=&#8221;center&#8221; custom_margin=&#8221;6px||6px&#8221; custom_margin_tablet=&#8221;&#8221; custom_margin_phone=&#8221;||&#8221; custom_margin_last_edited=&#8221;on|phone&#8221; custom_padding=&#8221;20px||20px&#8221; custom_padding_tablet=&#8221;20px|0px||0px&#8221; custom_padding_phone=&#8221;&#8221; custom_padding_last_edited=&#8221;on|phone&#8221; mix_blend_mode=&#8221;lighten&#8221; header_font_size_tablet=&#8221;37px&#8221; header_font_size_phone=&#8221;24px&#8221; header_font_size_last_edited=&#8221;on|phone&#8221; global_colors_info=&#8221;{}&#8221;]<\/p>\n<h1>Termos e Condi\u00e7\u00f5es<\/h1>\n<p>[\/et_pb_text][\/et_pb_column][et_pb_column type=&#8221;1_5&#8243; _builder_version=&#8221;4.16&#8243; custom_padding=&#8221;|||&#8221; global_colors_info=&#8221;{}&#8221; custom_padding__hover=&#8221;|||&#8221;][\/et_pb_column][\/et_pb_row][\/et_pb_section][et_pb_section fb_built=&#8221;1&#8243; _builder_version=&#8221;4.16&#8243; global_colors_info=&#8221;{}&#8221;][et_pb_row _builder_version=&#8221;4.16&#8243; global_colors_info=&#8221;{}&#8221;][et_pb_column type=&#8221;4_4&#8243; _builder_version=&#8221;4.16&#8243; custom_padding=&#8221;|||&#8221; global_colors_info=&#8221;{}&#8221; custom_padding__hover=&#8221;|||&#8221;][et_pb_text _builder_version=&#8221;4.27.0&#8243; text_font=&#8221;Raleway||||||||&#8221; text_font_size=&#8221;18px&#8221; text_line_height=&#8221;1.8em&#8221; header_font=&#8221;||||||||&#8221; header_4_font=&#8221;Raleway||||||||&#8221; header_4_font_size=&#8221;27px&#8221; hover_enabled=&#8221;0&#8243; global_colors_info=&#8221;{}&#8221; sticky_enabled=&#8221;0&#8243;]<\/p>\n<p>A CRITERIA INSURANCE CLAIMS &amp; LOSS ADJUSTERS S.L., respons\u00e1vel pelo site, doravante RESPONS\u00c1VEL, coloca \u00e0 disposi\u00e7\u00e3o dos usu\u00e1rios o presente documento, com o qual pretende cumprir as obriga\u00e7\u00f5es estabelecidas na Lei 34\/2002, de 11 de julho, de Servi\u00e7os da Sociedade da Informa\u00e7\u00e3o e Com\u00e9rcio Eletr\u00f4nico (LSSICE), BOE n\u00ba 166, bem como informar a todos os usu\u00e1rios do site sobre as condi\u00e7\u00f5es de uso. Qualquer pessoa que acesse este site assume o papel de usu\u00e1rio, comprometendo-se a observar e cumprir rigorosamente as disposi\u00e7\u00f5es aqui estabelecidas, bem como qualquer outra disposi\u00e7\u00e3o legal que possa ser aplic\u00e1vel. A CRITERIA INSURANCE CLAIMS &amp; LOSS ADJUSTERS S.L. reserva-se o direito de modificar qualquer tipo de informa\u00e7\u00e3o que possa aparecer no site, sem obriga\u00e7\u00e3o de aviso pr\u00e9vio ou de informar os usu\u00e1rios sobre tais obriga\u00e7\u00f5es, entendendo-se que a CRITERIA INSURANCE CLAIMS &amp; LOSS ADJUSTERS S.L. \u00e9 suficientemente respons\u00e1vel pelo site, doravante RESPONS\u00c1VEL pelo site, respons\u00e1vel pelo site, doravante RESPONS\u00c1VEL, coloca \u00e0 disposi\u00e7\u00e3o dos usu\u00e1rios o presente documento, com o qual pretende cumprir as obriga\u00e7\u00f5es estabelecidas na Lei 34\/2002, de 11 de julho, de Servi\u00e7os da Sociedade da Informa\u00e7\u00e3o e Com\u00e9rcio Eletr\u00f4nico (LSSICE), BOE n\u00ba 166, bem como informar a todos os usu\u00e1rios do site sobre as condi\u00e7\u00f5es de uso. Qualquer pessoa que acesse este site assume o papel de usu\u00e1rio, comprometendo-se a observar e cumprir rigorosamente as disposi\u00e7\u00f5es aqui estabelecidas, bem como qualquer outra disposi\u00e7\u00e3o legal que possa ser aplic\u00e1vel. A CRITERIA INSURANCE CLAIMS &amp; LOSS ADJUSTERS S.L. reserva-se o direito de modificar qualquer tipo de informa\u00e7\u00e3o que possa aparecer no site, sem obriga\u00e7\u00e3o de aviso pr\u00e9vio ou de informar os usu\u00e1rios sobre tais obriga\u00e7\u00f5es, entendendo-se como suficiente a publica\u00e7\u00e3o no site da CRITERIA INSURANCE CLAIMS &amp; LOSS ADJUSTERS S.L.<\/p>\n<p>&nbsp;<\/p>\n<h4>1. DADOS DE IDENTIFICA\u00c7\u00c3O<\/h4>\n<ul>\n<li>\n<p class=\"p1\"><strong>Nome do dom\u00ednio:<\/strong> www.criteriaclaims.com<\/p>\n<\/li>\n<li>\n<p class=\"p1\"><strong>Nome comercial:<\/strong> CRITERIA<\/p>\n<\/li>\n<li>\n<p class=\"p1\"><strong>Nome da empresa:<\/strong> CRITERIA INSURANCE CLAIMS &amp; LOSS ADJUSTERS S.L.<\/p>\n<\/li>\n<li>\n<p class=\"p1\"><strong>N\u00ba DE IVA:<\/strong> B87622718<\/p>\n<\/li>\n<li>\n<p class=\"p1\"><strong>Sede registrada:<\/strong> Orense, 25 &#8211; 7\u00baD Izda. &#8211; 28020 Madri <\/p>\n<\/li>\n<li>\n<p class=\"p1\"><strong>Telefone:<\/strong> 913110176<\/p>\n<\/li>\n<li>\n<p class=\"p1\"><strong>E-mail:<\/strong> info@criteriaclaims.com<\/p>\n<\/li>\n<\/ul>\n<p>&nbsp;<\/p>\n<h4>2. DIREITOS DE PROPRIEDADE INTELECTUAL E INDUSTRIAL<\/h4>\n<p>O site, incluindo, sem limita\u00e7\u00e3o, sua programa\u00e7\u00e3o, edi\u00e7\u00e3o, compila\u00e7\u00e3o e demais elementos necess\u00e1rios para seu funcionamento, desenhos, logotipos, textos e\/ou gr\u00e1ficos, s\u00e3o propriedade do RESPONS\u00c1VEL ou, se for o caso, conta com licen\u00e7a ou autoriza\u00e7\u00e3o expressa de seus autores. Todos os conte\u00fados do site est\u00e3o devidamente protegidos pelas normas de propriedade intelectual e industrial, bem como inscritos nos registros p\u00fablicos correspondentes. Independentemente da finalidade a que se destinam, a reprodu\u00e7\u00e3o, uso, explora\u00e7\u00e3o, distribui\u00e7\u00e3o e comercializa\u00e7\u00e3o, total ou parcial, requer, em qualquer caso, a autoriza\u00e7\u00e3o pr\u00e9via e por escrito do RESPONS\u00c1VEL. Qualquer uso n\u00e3o autorizado \u00e9 considerado uma viola\u00e7\u00e3o grave dos direitos de propriedade intelectual ou industrial do autor. Os desenhos, logotipos, textos e\/ou gr\u00e1ficos que n\u00e3o perten\u00e7am ao RESPONS\u00c1VEL e que possam aparecer no site pertencem a seus respectivos propriet\u00e1rios, que s\u00e3o os pr\u00f3prios respons\u00e1veis por qualquer poss\u00edvel controv\u00e9rsia que possa surgir com rela\u00e7\u00e3o a eles. O RESPONS\u00c1VEL autoriza expressamente que terceiros redirecionem diretamente para os conte\u00fados espec\u00edficos do site e, em qualquer caso, que redirecionem para o site principal www.criteriaclaims.com. O RESPONS\u00c1VEL reconhece os correspondentes direitos de propriedade intelectual e industrial a favor de seus propriet\u00e1rios, e a simples men\u00e7\u00e3o ou apari\u00e7\u00e3o no site n\u00e3o implica a exist\u00eancia de nenhum direito ou responsabilidade sobre os mesmos, nem o aval, patroc\u00ednio ou recomenda\u00e7\u00e3o por parte do RESPONS\u00c1VEL. Para fazer qualquer tipo de observa\u00e7\u00e3o sobre poss\u00edveis viola\u00e7\u00f5es de direitos de propriedade intelectual ou industrial, bem como sobre qualquer conte\u00fado do site, voc\u00ea pode faz\u00ea-lo enviando um e-mail para info@criteriaclaims.com.      <\/p>\n<p>&nbsp;<\/p>\n<h4>3. ISEN\u00c7\u00c3O DE RESPONSABILIDADE<\/h4>\n<p>O RESPONS\u00c1VEL est\u00e1 isento de qualquer tipo de responsabilidade derivada das informa\u00e7\u00f5es publicadas em seu site, desde que n\u00e3o tenha conhecimento efetivo de que essas informa\u00e7\u00f5es tenham sido manipuladas ou introduzidas por um terceiro externo ao mesmo ou, se tiver, tenha agido diligentemente para remover os dados ou impossibilitar o acesso a eles.<\/p>\n<p><strong><br \/>Uso de cookies<\/strong>Este site pode usar cookies t\u00e9cnicos (pequenos arquivos de informa\u00e7\u00e3o que o servidor envia para o computador da pessoa que est\u00e1 acessando a p\u00e1gina) para executar determinadas fun\u00e7\u00f5es consideradas essenciais para o funcionamento e a visualiza\u00e7\u00e3o corretos do site. Os cookies utilizados s\u00e3o, em todo caso, de natureza tempor\u00e1ria, com o \u00fanico objetivo de tornar a navega\u00e7\u00e3o mais eficiente, e desaparecem ao final da sess\u00e3o do usu\u00e1rio. Em nenhuma circunst\u00e2ncia esses cookies fornecem dados pessoais e n\u00e3o ser\u00e3o usados para coletar tais dados. Por meio do uso de cookies, tamb\u00e9m \u00e9 poss\u00edvel que o servidor em que o site est\u00e1 localizado reconhe\u00e7a o navegador usado pelo usu\u00e1rio para facilitar a navega\u00e7\u00e3o, permitindo, por exemplo, o acesso de usu\u00e1rios previamente registrados \u00e0s \u00e1reas, servi\u00e7os, promo\u00e7\u00f5es ou concursos reservados exclusivamente a eles, sem a necessidade de se registrar em cada visita. Tamb\u00e9m podem ser usados para medir a audi\u00eancia, par\u00e2metros de tr\u00e1fego, controlar o progresso e o n\u00famero de inscri\u00e7\u00f5es, etc., sendo, nesses casos, cookies tecnicamente dispens\u00e1veis, mas ben\u00e9ficos para o usu\u00e1rio. Este site n\u00e3o instalar\u00e1 cookies dispens\u00e1veis sem o consentimento pr\u00e9vio do usu\u00e1rio. O usu\u00e1rio tem a possibilidade de configurar seu navegador para ser alertado sobre o recebimento de cookies e para impedir sua instala\u00e7\u00e3o no computador. Consulte as instru\u00e7\u00f5es do seu navegador para obter mais informa\u00e7\u00f5es.<strong><\/strong>       <\/p>\n<p><strong><br \/>Pol\u00edtica de links<\/strong>A partir do site, voc\u00ea pode ser redirecionado para conte\u00fados de sites de terceiros. Dado que o RESPONS\u00c1VEL nem sempre pode controlar os conte\u00fados introduzidos por terceiros em seus respectivos sites, n\u00e3o assume nenhum tipo de responsabilidade em rela\u00e7\u00e3o a esses conte\u00fados. Em qualquer caso, proceder\u00e1 \u00e0 retirada imediata de qualquer conte\u00fado que possa infringir a legisla\u00e7\u00e3o nacional ou internacional, a moral ou a ordem p\u00fablica, procedendo \u00e0 retirada imediata do redirecionamento para o referido site, informando as autoridades competentes sobre o conte\u00fado em quest\u00e3o.<strong><\/strong>  <\/p>\n<p>O RESPONS\u00c1VEL n\u00e3o \u00e9 respons\u00e1vel pelas informa\u00e7\u00f5es e conte\u00fados armazenados, incluindo, mas n\u00e3o se limitando a, f\u00f3runs, chats, geradores de blogs, coment\u00e1rios, redes sociais ou qualquer outro meio que permita a terceiros publicar conte\u00fado de forma independente no site do RESPONS\u00c1VEL. N\u00e3o obstante, e em conformidade com o disposto nos artigos 11 e 16 da LSSICE, coloca-se \u00e0 disposi\u00e7\u00e3o de todos os usu\u00e1rios, autoridades e for\u00e7as de seguran\u00e7a, colaborando ativamente na elimina\u00e7\u00e3o ou, se for o caso, no bloqueio de todos os conte\u00fados que possam afetar ou infringir a legisla\u00e7\u00e3o nacional ou internacional, os direitos de terceiros ou a moral e a ordem p\u00fablica. Caso o usu\u00e1rio considere que h\u00e1 algum conte\u00fado no site que possa ser suscet\u00edvel a essa classifica\u00e7\u00e3o, notifique o administrador do site imediatamente. Este site foi verificado e testado para garantir que funcione corretamente. Em princ\u00edpio, \u00e9 poss\u00edvel garantir que ele funcione corretamente 365 dias por ano, 24 horas por dia. No entanto, o RESPONS\u00c1VEL n\u00e3o descarta a possibilidade de que ocorram determinados erros de programa\u00e7\u00e3o, nem a ocorr\u00eancia de for\u00e7a maior, desastres naturais, greves ou circunst\u00e2ncias similares que impossibilitem o acesso ao site.     <\/p>\n<p>E<strong>ndere\u00e7os IP<\/strong> Os servidores do site poder\u00e3o detectar automaticamente o endere\u00e7o IP e o nome de dom\u00ednio usados pelo usu\u00e1rio. Um endere\u00e7o IP \u00e9 um n\u00famero atribu\u00eddo automaticamente a um computador quando ele se conecta \u00e0 Internet. Todas essas informa\u00e7\u00f5es s\u00e3o registradas em um arquivo de atividade do servidor que permite que os dados sejam processados posteriormente para obter medi\u00e7\u00f5es puramente estat\u00edsticas que nos permitem saber o n\u00famero de impress\u00f5es de p\u00e1ginas, o n\u00famero de visitas feitas aos servidores da Web, a ordem das visitas, o ponto de acesso etc.  <\/p>\n<h4> <\/h4>\n<h4>4. LEI APLIC\u00c1VEL E JURISDI\u00c7\u00c3O<\/h4>\n<p>Para a resolu\u00e7\u00e3o de todas as controv\u00e9rsias ou quest\u00f5es relacionadas a este site ou \u00e0s atividades nele desenvolvidas, ser\u00e1 aplicada a legisla\u00e7\u00e3o espanhola, \u00e0 qual as partes se submetem expressamente, sendo competentes para a resolu\u00e7\u00e3o de todas as controv\u00e9rsias decorrentes ou relacionadas ao seu uso os Juizados e Tribunais do domic\u00edlio do USU\u00c1RIO ou do local de cumprimento da obriga\u00e7\u00e3o.<\/p>\n<p>[\/et_pb_text][\/et_pb_column][\/et_pb_row][\/et_pb_section]<\/p>\n","protected":false},"excerpt":{"rendered":"<p>Termos e Condi\u00e7\u00f5esA CRITERIA INSURANCE CLAIMS &amp; LOSS ADJUSTERS S.L., respons\u00e1vel pelo site, doravante RESPONS\u00c1VEL, coloca \u00e0 disposi\u00e7\u00e3o dos usu\u00e1rios o presente documento, com o qual pretende cumprir as obriga\u00e7\u00f5es estabelecidas na Lei 34\/2002, de 11 de julho, de Servi\u00e7os da Sociedade da Informa\u00e7\u00e3o e Com\u00e9rcio Eletr\u00f4nico (LSSICE), BOE n\u00ba 166, bem como informar a [&hellip;]<\/p>\n","protected":false},"author":1,"featured_media":0,"parent":0,"menu_order":0,"comment_status":"closed","ping_status":"closed","template":"","meta":{"_et_pb_use_builder":"on","_et_pb_old_content":"","_et_gb_content_width":"","inline_featured_image":false,"footnotes":""},"class_list":["post-5175","page","type-page","status-publish","hentry"],"yoast_head":"<!-- This site is optimized with the Yoast SEO plugin v26.8 - https:\/\/yoast.com\/product\/yoast-seo-wordpress\/ -->\n<title>Termos e Condi\u00e7\u00f5es - Criteria | Insurance Claims &amp; Loss Adjusters<\/title>\n<meta name=\"robots\" content=\"index, follow, max-snippet:-1, max-image-preview:large, max-video-preview:-1\" \/>\n<link rel=\"canonical\" href=\"https:\/\/www.criteriaclaims.com\/pt-br\/termos-e-condicoes\/\" \/>\n<meta property=\"og:locale\" content=\"pt_BR\" \/>\n<meta property=\"og:type\" content=\"article\" \/>\n<meta property=\"og:title\" content=\"Termos e Condi\u00e7\u00f5es - Criteria | Insurance Claims &amp; Loss Adjusters\" \/>\n<meta property=\"og:description\" content=\"Termos e Condi\u00e7\u00f5esA CRITERIA INSURANCE CLAIMS &amp; LOSS ADJUSTERS S.L., respons\u00e1vel pelo site, doravante RESPONS\u00c1VEL, coloca \u00e0 disposi\u00e7\u00e3o dos usu\u00e1rios o presente documento, com o qual pretende cumprir as obriga\u00e7\u00f5es estabelecidas na Lei 34\/2002, de 11 de julho, de Servi\u00e7os da Sociedade da Informa\u00e7\u00e3o e Com\u00e9rcio Eletr\u00f4nico (LSSICE), BOE n\u00ba 166, bem como informar a [&hellip;]\" \/>\n<meta property=\"og:url\" content=\"https:\/\/www.criteriaclaims.com\/pt-br\/termos-e-condicoes\/\" \/>\n<meta property=\"og:site_name\" content=\"Criteria | Insurance Claims &amp; Loss Adjusters\" \/>\n<meta property=\"article:modified_time\" content=\"2024-11-06T11:51:18+00:00\" \/>\n<meta name=\"twitter:card\" content=\"summary_large_image\" \/>\n<meta name=\"twitter:label1\" content=\"Est. tempo de leitura\" \/>\n\t<meta name=\"twitter:data1\" content=\"9 minutos\" \/>\n<script type=\"application\/ld+json\" class=\"yoast-schema-graph\">{\"@context\":\"https:\/\/schema.org\",\"@graph\":[{\"@type\":\"WebPage\",\"@id\":\"https:\/\/www.criteriaclaims.com\/pt-br\/termos-e-condicoes\/\",\"url\":\"https:\/\/www.criteriaclaims.com\/pt-br\/termos-e-condicoes\/\",\"name\":\"Termos e Condi\u00e7\u00f5es - Criteria | Insurance Claims &amp; Loss Adjusters\",\"isPartOf\":{\"@id\":\"https:\/\/www.criteriaclaims.com\/pt-br\/#website\"},\"datePublished\":\"2021-08-13T13:07:53+00:00\",\"dateModified\":\"2024-11-06T11:51:18+00:00\",\"breadcrumb\":{\"@id\":\"https:\/\/www.criteriaclaims.com\/pt-br\/termos-e-condicoes\/#breadcrumb\"},\"inLanguage\":\"pt-BR\",\"potentialAction\":[{\"@type\":\"ReadAction\",\"target\":[\"https:\/\/www.criteriaclaims.com\/pt-br\/termos-e-condicoes\/\"]}]},{\"@type\":\"BreadcrumbList\",\"@id\":\"https:\/\/www.criteriaclaims.com\/pt-br\/termos-e-condicoes\/#breadcrumb\",\"itemListElement\":[{\"@type\":\"ListItem\",\"position\":1,\"name\":\"Portada\",\"item\":\"https:\/\/www.criteriaclaims.com\/pt-br\/\"},{\"@type\":\"ListItem\",\"position\":2,\"name\":\"Termos e Condi\u00e7\u00f5es\"}]},{\"@type\":\"WebSite\",\"@id\":\"https:\/\/www.criteriaclaims.com\/pt-br\/#website\",\"url\":\"https:\/\/www.criteriaclaims.com\/pt-br\/\",\"name\":\"Criteria | Insurance Claims &amp; Loss Adjusters\",\"description\":\"Gabinete t\u00e9cnico pericial\",\"potentialAction\":[{\"@type\":\"SearchAction\",\"target\":{\"@type\":\"EntryPoint\",\"urlTemplate\":\"https:\/\/www.criteriaclaims.com\/pt-br\/?s={search_term_string}\"},\"query-input\":{\"@type\":\"PropertyValueSpecification\",\"valueRequired\":true,\"valueName\":\"search_term_string\"}}],\"inLanguage\":\"pt-BR\"}]}<\/script>\n<!-- \/ Yoast SEO plugin. -->","yoast_head_json":{"title":"Termos e Condi\u00e7\u00f5es - Criteria | Insurance Claims &amp; Loss Adjusters","robots":{"index":"index","follow":"follow","max-snippet":"max-snippet:-1","max-image-preview":"max-image-preview:large","max-video-preview":"max-video-preview:-1"},"canonical":"https:\/\/www.criteriaclaims.com\/pt-br\/termos-e-condicoes\/","og_locale":"pt_BR","og_type":"article","og_title":"Termos e Condi\u00e7\u00f5es - Criteria | Insurance Claims &amp; Loss Adjusters","og_description":"Termos e Condi\u00e7\u00f5esA CRITERIA INSURANCE CLAIMS &amp; LOSS ADJUSTERS S.L., respons\u00e1vel pelo site, doravante RESPONS\u00c1VEL, coloca \u00e0 disposi\u00e7\u00e3o dos usu\u00e1rios o presente documento, com o qual pretende cumprir as obriga\u00e7\u00f5es estabelecidas na Lei 34\/2002, de 11 de julho, de Servi\u00e7os da Sociedade da Informa\u00e7\u00e3o e Com\u00e9rcio Eletr\u00f4nico (LSSICE), BOE n\u00ba 166, bem como informar a [&hellip;]","og_url":"https:\/\/www.criteriaclaims.com\/pt-br\/termos-e-condicoes\/","og_site_name":"Criteria | Insurance Claims &amp; Loss Adjusters","article_modified_time":"2024-11-06T11:51:18+00:00","twitter_card":"summary_large_image","twitter_misc":{"Est. tempo de leitura":"9 minutos"},"schema":{"@context":"https:\/\/schema.org","@graph":[{"@type":"WebPage","@id":"https:\/\/www.criteriaclaims.com\/pt-br\/termos-e-condicoes\/","url":"https:\/\/www.criteriaclaims.com\/pt-br\/termos-e-condicoes\/","name":"Termos e Condi\u00e7\u00f5es - Criteria | Insurance Claims &amp; Loss Adjusters","isPartOf":{"@id":"https:\/\/www.criteriaclaims.com\/pt-br\/#website"},"datePublished":"2021-08-13T13:07:53+00:00","dateModified":"2024-11-06T11:51:18+00:00","breadcrumb":{"@id":"https:\/\/www.criteriaclaims.com\/pt-br\/termos-e-condicoes\/#breadcrumb"},"inLanguage":"pt-BR","potentialAction":[{"@type":"ReadAction","target":["https:\/\/www.criteriaclaims.com\/pt-br\/termos-e-condicoes\/"]}]},{"@type":"BreadcrumbList","@id":"https:\/\/www.criteriaclaims.com\/pt-br\/termos-e-condicoes\/#breadcrumb","itemListElement":[{"@type":"ListItem","position":1,"name":"Portada","item":"https:\/\/www.criteriaclaims.com\/pt-br\/"},{"@type":"ListItem","position":2,"name":"Termos e Condi\u00e7\u00f5es"}]},{"@type":"WebSite","@id":"https:\/\/www.criteriaclaims.com\/pt-br\/#website","url":"https:\/\/www.criteriaclaims.com\/pt-br\/","name":"Criteria | Insurance Claims &amp; Loss Adjusters","description":"Gabinete t\u00e9cnico pericial","potentialAction":[{"@type":"SearchAction","target":{"@type":"EntryPoint","urlTemplate":"https:\/\/www.criteriaclaims.com\/pt-br\/?s={search_term_string}"},"query-input":{"@type":"PropertyValueSpecification","valueRequired":true,"valueName":"search_term_string"}}],"inLanguage":"pt-BR"}]}},"_links":{"self":[{"href":"https:\/\/www.criteriaclaims.com\/pt-br\/wp-json\/wp\/v2\/pages\/5175","targetHints":{"allow":["GET"]}}],"collection":[{"href":"https:\/\/www.criteriaclaims.com\/pt-br\/wp-json\/wp\/v2\/pages"}],"about":[{"href":"https:\/\/www.criteriaclaims.com\/pt-br\/wp-json\/wp\/v2\/types\/page"}],"author":[{"embeddable":true,"href":"https:\/\/www.criteriaclaims.com\/pt-br\/wp-json\/wp\/v2\/users\/1"}],"replies":[{"embeddable":true,"href":"https:\/\/www.criteriaclaims.com\/pt-br\/wp-json\/wp\/v2\/comments?post=5175"}],"version-history":[{"count":23,"href":"https:\/\/www.criteriaclaims.com\/pt-br\/wp-json\/wp\/v2\/pages\/5175\/revisions"}],"predecessor-version":[{"id":9047,"href":"https:\/\/www.criteriaclaims.com\/pt-br\/wp-json\/wp\/v2\/pages\/5175\/revisions\/9047"}],"wp:attachment":[{"href":"https:\/\/www.criteriaclaims.com\/pt-br\/wp-json\/wp\/v2\/media?parent=5175"}],"curies":[{"name":"wp","href":"https:\/\/api.w.org\/{rel}","templated":true}]}}